{"id":6849,"date":"2023-09-03T11:47:04","date_gmt":"2023-09-03T10:47:04","guid":{"rendered":"https:\/\/www.lecomte-consultant.com\/attestataire-capacite\/?post_type=product&#038;p=6849"},"modified":"2026-01-03T21:17:15","modified_gmt":"2026-01-03T20:17:15","slug":"pack-contrat-type-et-conditions-generales-de-vente-conducteur-independant","status":"publish","type":"product","link":"https:\/\/www.lecomte-consultant.com\/attestataire-capacite\/documents-transports\/pack-contrat-type-et-conditions-generales-de-vente-conducteur-independant\/","title":{"rendered":"Pack contrat type, conditions g\u00e9n\u00e9rales de vente conducteur ind\u00e9pendant et nombreux Bonus exceptionnels"},"content":{"rendered":"<h2>Pack Contrat Type Chauffeur Ind\u00e9pendant avec Vos CGV, de Nombreux Livrets et Bonus Originaux<\/h2>\n<h3><strong>Mettez tous les atouts de votre c\u00f4t\u00e9 pour un tarif avantageux !<\/strong><\/h3>\n<p style=\"text-align: justify;\">Avec le pack contrat type et CGV conducteur ind\u00e9pendant, obtenez et pr\u00e9sentez \u00e0 vos interlocuteurs transporteur le contrat type avantageux pour formaliser vos relations avec les entrepreneurs transport et montrez par vos CGV que vous \u00eates bien votre propre entrepreneur disposant de ses conditions particuli\u00e8res d&rsquo;activit\u00e9.<\/p>\n<h2>Contrat Type Chauffeur Ind\u00e9pendant<\/h2>\n<p>Rappel des \u00e9l\u00e9ments \u00e0 propos du contrat type de sa n\u00e9cessit\u00e9 :<\/p>\n<p style=\"text-align: justify;\"><strong>Le conducteur ou chauffeur ind\u00e9pendant doit obligatoirement signer un contrat avec les entreprises de transport<\/strong>\u00a0pour lesquelles il met \u00e0 disposition ses prestations de conduite. Ne pas le d\u00e9tenir serait s\u2019exposer ainsi que les entreprises \u00e0 des difficult\u00e9s majeures avec les autorit\u00e9s li\u00e9es au transport : Drieat, Dreal ou Deal, contr\u00f4leurs de l\u2019URSSAF ou de l\u2019inspection du travail et force publique\u2026 C\u2019est un document obligatoire \u00e0 pr\u00e9senter \u00e0 toute demande de ces autorit\u00e9s.<\/p>\n<p style=\"text-align: justify;\">De par mes fonctions ant\u00e9rieures, mon exp\u00e9rience et mes \u00e9tudes, voir page<strong>\u00a0<a href=\"https:\/\/www.lecomte-consultant.com\/attestataire-capacite\/apropos\/\">\u00e0 propos<\/a>\u00a0<\/strong>du site,\u00a0<strong>mon contrat type cr\u00e9\u00e9 sp\u00e9cialement pour chauffeur ou conducteur ind\u00e9pendant est \u00a0une garantie<\/strong>\u00a0pour les parties, conducteur et entreprise, \u00a0car il prend en compte :<\/p>\n<p><strong>La situation du conducteur ou chauffeur<\/strong><br \/>\nles diverses pi\u00e8ces qu\u2019il doit d\u00e9tenir<\/p>\n<p><strong>L\u2019entreprise ou soci\u00e9t\u00e9 de transport<\/strong><br \/>\nles diverses pi\u00e8ces qu\u2019elle doit mettre \u00e0 disposition dans le v\u00e9hicule<br \/>\nles \u00e9l\u00e9ments du v\u00e9hicule et leur suivi<\/p>\n<p><strong>Le mode de prestations de services<\/strong><br \/>\nafin qu\u2019il ne puisse pas y avoir de requalification du conducteur<\/p>\n<p><strong>Les modalit\u00e9s de fonctionnement du conducteur<\/strong><br \/>\nvis-\u00e0-vis de l\u2019entreprise et de sa client\u00e8le.<\/p>\n<p><strong>Le type de facturation et ses modalit\u00e9s<\/strong><br \/>\nnotamment de r\u00e8glement<\/p>\n<p><strong>Les responsabilit\u00e9s du conducteur et de l\u2019entreprise<\/strong><br \/>\nfaire respecter le partage des responsabilit\u00e9s<\/p>\n<p><strong>Les assurances<\/strong><br \/>\ncelles de l\u2019entreprise de transport<br \/>\ncelles du conducteur ind\u00e9pendant<\/p>\n<h2>CGV du conducteur ind\u00e9pendant<\/h2>\n<p style=\"text-align: justify;\"><strong>Les conditions g\u00e9n\u00e9rales de vente ou CGV<\/strong>\u00a0du conducteur ind\u00e9pendant repr\u00e9sentent la base et les conditions des relations et de l\u2019activit\u00e9 du Conducteur Ind\u00e9pendant Transport. C\u2019est\u00a0 un\u00a0<strong>document essentiel pour assurer sa l\u00e9gitimit\u00e9<\/strong>\u00a0dans cette activit\u00e9 :<\/p>\n<ul>\n<li>Justification de l\u2019activit\u00e9 aupr\u00e8s des diverses autorit\u00e9s publiques<\/li>\n<li>Confirmation de son statut d\u2019ind\u00e9pendant, en r\u00e8gle, vis \u00e0 vis des dirigeants transport<\/li>\n<li>Copie pr\u00e9sentable lors d\u2019un contr\u00f4le routier<\/li>\n<li>Indication des conditions d\u2019exercice de l\u2019activit\u00e9<\/li>\n<li>Permet la justification en cas de poursuites \u00e9ventuelles<\/li>\n<li style=\"text-align: justify;\">Obtenez en plus la\u00a0<strong>notice explicative des CGV<\/strong>\u00a0comprenant le nombre d\u2019heures, les t\u00e2ches ou missions avec tableau exemple, les d\u00e9lais de r\u00e8glement de factures<\/li>\n<li>Recevez en cadeau\u00a0<strong>la lettre du Minist\u00e8re des Transports<\/strong>\u00a0justifiant votre activit\u00e9<\/li>\n<\/ul>\n<p><strong>VOS COMMANDES<\/strong> r\u00e9gl\u00e9es par Paypal vous sont transmises par un lien cliquable dans le mail que vous devez recevoir en retour. En cas d&rsquo;anomalie, veuillez me le signaler par mail. Je vous enverrai votre commande d\u00e8s que possible.<\/p>\n<p><strong>Avantage Paypal<\/strong>, commande r\u00e9glable avec un compte ou par CB : vous pouvez r\u00e9gler en 4 mensualit\u00e9s sous r\u00e9serve de son accord.<\/p>\n<p>Si n\u00e9cessaire, vous pouvez me joindre par courriel \u00e0 : contact@lecomte-consultant.com<\/p>\n<p><strong>Cliquez sur \u201cAjouter au panier\u201d ^^^<\/strong><\/p>\n","protected":false},"excerpt":{"rendered":"<p>Pack Contrat Type Chauffeur Ind\u00e9pendant avec Vos CGV, de Nombreux Livrets et Bonus Originaux Mettez tous les atouts de votre c\u00f4t\u00e9 pour un tarif avantageux ! Avec le pack contrat type et CGV conducteur ind\u00e9pendant, obtenez  [&#8230;]<\/p>\n","protected":false},"featured_media":5990,"comment_status":"open","ping_status":"closed","template":"","meta":{"_exactmetrics_skip_tracking":false,"_exactmetrics_sitenote_active":false,"_exactmetrics_sitenote_note":"","_exactmetrics_sitenote_category":0},"product_brand":[],"product_cat":[1823],"product_tag":[1851,1887,1889,1888],"class_list":{"0":"post-6849","1":"product","2":"type-product","3":"status-publish","4":"has-post-thumbnail","6":"product_cat-contrats-types","7":"product_tag-cgv-conducteur-independant","8":"product_tag-contrat-tyoe-conducteur-independant","9":"product_tag-pack-contrat-type-et-cgv-chauffeur-independant","10":"product_tag-pack-contrat-type-et-cgv-conducteur-independant","12":"first","13":"instock","14":"featured","15":"downloadable","16":"shipping-taxable","17":"purchasable","18":"product-type-simple"},"yoast_head":"<!-- This site is optimized with the Yoast SEO Premium plugin v27.4 (Yoast SEO v27.4) - https:\/\/yoast.com\/product\/yoast-seo-premium-wordpress\/ -->\n<title>Pack contrat type et CGV conducteur ind\u00e9pendant<\/title>\n<meta name=\"description\" content=\"B\u00e9n\u00e9ficiez d&#039;un pack complet dont le contrat chauffeur ind\u00e9pendant pour bien conclure avec vos clients transporteurs, CGV, autres documents et livrets...\" \/>\n<meta name=\"robots\" content=\"index, follow, max-snippet:-1, max-image-preview:large, max-video-preview:-1\" \/>\n<link rel=\"canonical\" href=\"https:\/\/www.lecomte-consultant.com\/attestataire-capacite\/documents-transports\/pack-contrat-type-et-conditions-generales-de-vente-conducteur-independant\/\" \/>\n<meta property=\"og:locale\" content=\"fr_FR\" \/>\n<meta property=\"og:type\" content=\"article\" \/>\n<meta property=\"og:title\" content=\"Pack contrat type, conditions g\u00e9n\u00e9rales de vente conducteur ind\u00e9pendant et nombreux Bonus exceptionnels\" \/>\n<meta property=\"og:description\" content=\"B\u00e9n\u00e9ficiez d&#039;un pack complet dont le contrat chauffeur ind\u00e9pendant pour bien conclure avec vos clients transporteurs, CGV, autres documents et livrets...\" \/>\n<meta property=\"og:url\" content=\"https:\/\/www.lecomte-consultant.com\/attestataire-capacite\/documents-transports\/pack-contrat-type-et-conditions-generales-de-vente-conducteur-independant\/\" \/>\n<meta property=\"og:site_name\" content=\"Lecomte Consultant Attestataire Capacit\u00e9\" \/>\n<meta property=\"article:publisher\" content=\"https:\/\/www.facebook.com\/attestatairecapacite\" \/>\n<meta property=\"article:modified_time\" content=\"2026-01-03T20:17:15+00:00\" \/>\n<meta property=\"og:image\" content=\"https:\/\/www.lecomte-consultant.com\/attestataire-capacite\/wp-content\/uploads\/2022\/10\/CGV-et-contrat-conducteur-independant.jpg\" \/>\n\t<meta property=\"og:image:width\" content=\"1536\" \/>\n\t<meta property=\"og:image:height\" content=\"1536\" \/>\n\t<meta property=\"og:image:type\" content=\"image\/jpeg\" \/>\n<meta name=\"twitter:card\" content=\"summary_large_image\" \/>\n<meta name=\"twitter:site\" content=\"@Attestcapa\" \/>\n<meta name=\"twitter:label1\" content=\"Prix\" \/>\n\t<meta name=\"twitter:data1\" content=\"&euro;497,00\" \/>\n\t<meta name=\"twitter:label2\" content=\"Disponibilit\u00e9\" \/>\n\t<meta name=\"twitter:data2\" content=\"En stock\" \/>\n<script type=\"application\/ld+json\" class=\"yoast-schema-graph\">{\"@context\":\"https:\\\/\\\/schema.org\",\"@graph\":[{\"@type\":\"WebPage\",\"@id\":\"https:\\\/\\\/www.lecomte-consultant.com\\\/attestataire-capacite\\\/documents-transports\\\/pack-contrat-type-et-conditions-generales-de-vente-conducteur-independant\\\/\",\"url\":\"https:\\\/\\\/www.lecomte-consultant.com\\\/attestataire-capacite\\\/documents-transports\\\/pack-contrat-type-et-conditions-generales-de-vente-conducteur-independant\\\/\",\"name\":\"Pack contrat type et CGV conducteur ind\u00e9pendant\",\"isPartOf\":{\"@id\":\"http:\\\/\\\/www.lecomte-consultant.com\\\/attestataire-capacite\\\/#website\"},\"primaryImageOfPage\":{\"@id\":\"https:\\\/\\\/www.lecomte-consultant.com\\\/attestataire-capacite\\\/documents-transports\\\/pack-contrat-type-et-conditions-generales-de-vente-conducteur-independant\\\/#primaryimage\"},\"image\":{\"@id\":\"https:\\\/\\\/www.lecomte-consultant.com\\\/attestataire-capacite\\\/documents-transports\\\/pack-contrat-type-et-conditions-generales-de-vente-conducteur-independant\\\/#primaryimage\"},\"thumbnailUrl\":\"https:\\\/\\\/i0.wp.com\\\/www.lecomte-consultant.com\\\/attestataire-capacite\\\/wp-content\\\/uploads\\\/2022\\\/10\\\/CGV-et-contrat-conducteur-independant.jpg?fit=1536%2C1536&ssl=1\",\"datePublished\":\"2023-09-03T10:47:04+00:00\",\"dateModified\":\"2026-01-03T20:17:15+00:00\",\"description\":\"B\u00e9n\u00e9ficiez d'un pack complet dont le contrat chauffeur ind\u00e9pendant pour bien conclure avec vos clients transporteurs, CGV, autres documents et livrets...\",\"breadcrumb\":{\"@id\":\"https:\\\/\\\/www.lecomte-consultant.com\\\/attestataire-capacite\\\/documents-transports\\\/pack-contrat-type-et-conditions-generales-de-vente-conducteur-independant\\\/#breadcrumb\"},\"inLanguage\":\"fr-FR\",\"potentialAction\":[{\"@type\":\"ReadAction\",\"target\":[\"https:\\\/\\\/www.lecomte-consultant.com\\\/attestataire-capacite\\\/documents-transports\\\/pack-contrat-type-et-conditions-generales-de-vente-conducteur-independant\\\/\"]}]},{\"@type\":\"ImageObject\",\"inLanguage\":\"fr-FR\",\"@id\":\"https:\\\/\\\/www.lecomte-consultant.com\\\/attestataire-capacite\\\/documents-transports\\\/pack-contrat-type-et-conditions-generales-de-vente-conducteur-independant\\\/#primaryimage\",\"url\":\"https:\\\/\\\/i0.wp.com\\\/www.lecomte-consultant.com\\\/attestataire-capacite\\\/wp-content\\\/uploads\\\/2022\\\/10\\\/CGV-et-contrat-conducteur-independant.jpg?fit=1536%2C1536&ssl=1\",\"contentUrl\":\"https:\\\/\\\/i0.wp.com\\\/www.lecomte-consultant.com\\\/attestataire-capacite\\\/wp-content\\\/uploads\\\/2022\\\/10\\\/CGV-et-contrat-conducteur-independant.jpg?fit=1536%2C1536&ssl=1\",\"width\":1536,\"height\":1536,\"caption\":\"Contrat Type et Conditions G\u00e9n\u00e9rales de Vente Conducteur Ind\u00e9pendant\"},{\"@type\":\"BreadcrumbList\",\"@id\":\"https:\\\/\\\/www.lecomte-consultant.com\\\/attestataire-capacite\\\/documents-transports\\\/pack-contrat-type-et-conditions-generales-de-vente-conducteur-independant\\\/#breadcrumb\",\"itemListElement\":[{\"@type\":\"ListItem\",\"position\":1,\"name\":\"Accueil\",\"item\":\"https:\\\/\\\/www.lecomte-consultant.com\\\/attestataire-capacite\\\/\"},{\"@type\":\"ListItem\",\"position\":2,\"name\":\"Documents Transport\",\"item\":\"https:\\\/\\\/www.lecomte-consultant.com\\\/attestataire-capacite\\\/documents-transports\\\/\"},{\"@type\":\"ListItem\",\"position\":3,\"name\":\"Pack contrat type, conditions g\u00e9n\u00e9rales de vente conducteur ind\u00e9pendant et nombreux Bonus exceptionnels\"}]},{\"@type\":\"WebSite\",\"@id\":\"http:\\\/\\\/www.lecomte-consultant.com\\\/attestataire-capacite\\\/#website\",\"url\":\"http:\\\/\\\/www.lecomte-consultant.com\\\/attestataire-capacite\\\/\",\"name\":\"Lecomte Consultant Attestataire Capacit\u00e9\",\"description\":\"Assistance : Attestataire Capacit\u00e9 Transport, Entrepreneur Transport\",\"publisher\":{\"@id\":\"http:\\\/\\\/www.lecomte-consultant.com\\\/attestataire-capacite\\\/#organization\"},\"potentialAction\":[{\"@type\":\"SearchAction\",\"target\":{\"@type\":\"EntryPoint\",\"urlTemplate\":\"http:\\\/\\\/www.lecomte-consultant.com\\\/attestataire-capacite\\\/?s={search_term_string}\"},\"query-input\":{\"@type\":\"PropertyValueSpecification\",\"valueRequired\":true,\"valueName\":\"search_term_string\"}}],\"inLanguage\":\"fr-FR\"},{\"@type\":\"Organization\",\"@id\":\"http:\\\/\\\/www.lecomte-consultant.com\\\/attestataire-capacite\\\/#organization\",\"name\":\"LECOMTE SARL\",\"url\":\"http:\\\/\\\/www.lecomte-consultant.com\\\/attestataire-capacite\\\/\",\"logo\":{\"@type\":\"ImageObject\",\"inLanguage\":\"fr-FR\",\"@id\":\"http:\\\/\\\/www.lecomte-consultant.com\\\/attestataire-capacite\\\/#\\\/schema\\\/logo\\\/image\\\/\",\"url\":\"http:\\\/\\\/www.lecomte-consultant.com\\\/attestataire-capacite\\\/wp-content\\\/uploads\\\/2021\\\/07\\\/Logo-JL-M-Coaching-fond-blanc.png\",\"contentUrl\":\"http:\\\/\\\/www.lecomte-consultant.com\\\/attestataire-capacite\\\/wp-content\\\/uploads\\\/2021\\\/07\\\/Logo-JL-M-Coaching-fond-blanc.png\",\"width\":2560,\"height\":2560,\"caption\":\"LECOMTE SARL\"},\"image\":{\"@id\":\"http:\\\/\\\/www.lecomte-consultant.com\\\/attestataire-capacite\\\/#\\\/schema\\\/logo\\\/image\\\/\"},\"sameAs\":[\"https:\\\/\\\/www.facebook.com\\\/attestatairecapacite\",\"https:\\\/\\\/x.com\\\/Attestcapa\",\"https:\\\/\\\/instagram.com\\\/attestatairecapacite\\\/\",\"http:\\\/\\\/www.linkedin.com\\\/in\\\/jeanjosephlecomte\",\"https:\\\/\\\/www.youtube.com\\\/channel\\\/UC-Gh0g6HbnYFaWf5NY8VjOw\",\"https:\\\/\\\/www.youtube.com\\\/c\\\/JeanJosephLECOMTEcoachconsultant\",\"https:\\\/\\\/www.facebook.com\\\/jeanjosephlecomte\",\"https:\\\/\\\/twitter.com\\\/jeanjolecomte\",\"https:\\\/\\\/www.instagram.com\\\/lecomtejeanjoseph\\\/\",\"https:\\\/\\\/www.instagram.com\\\/jeanjosephlecomte\\\/\"]}]}<\/script>\n<meta property=\"product:brand\" content=\"Contrats Types\" \/>\n<meta property=\"product:price:amount\" content=\"497.00\" \/>\n<meta property=\"product:price:currency\" content=\"EUR\" \/>\n<meta property=\"og:availability\" content=\"instock\" \/>\n<meta property=\"product:availability\" content=\"instock\" \/>\n<meta property=\"product:condition\" content=\"new\" \/>\n<!-- \/ Yoast SEO Premium plugin. -->","yoast_head_json":{"title":"Pack contrat type et CGV conducteur ind\u00e9pendant","description":"B\u00e9n\u00e9ficiez d'un pack complet dont le contrat chauffeur ind\u00e9pendant pour bien conclure avec vos clients transporteurs, CGV, autres documents et livrets...","robots":{"index":"index","follow":"follow","max-snippet":"max-snippet:-1","max-image-preview":"max-image-preview:large","max-video-preview":"max-video-preview:-1"},"canonical":"https:\/\/www.lecomte-consultant.com\/attestataire-capacite\/documents-transports\/pack-contrat-type-et-conditions-generales-de-vente-conducteur-independant\/","og_locale":"fr_FR","og_type":"article","og_title":"Pack contrat type, conditions g\u00e9n\u00e9rales de vente conducteur ind\u00e9pendant et nombreux Bonus exceptionnels","og_description":"B\u00e9n\u00e9ficiez d'un pack complet dont le contrat chauffeur ind\u00e9pendant pour bien conclure avec vos clients transporteurs, CGV, autres documents et livrets...","og_url":"https:\/\/www.lecomte-consultant.com\/attestataire-capacite\/documents-transports\/pack-contrat-type-et-conditions-generales-de-vente-conducteur-independant\/","og_site_name":"Lecomte Consultant Attestataire Capacit\u00e9","article_publisher":"https:\/\/www.facebook.com\/attestatairecapacite","article_modified_time":"2026-01-03T20:17:15+00:00","og_image":[{"width":1536,"height":1536,"url":"https:\/\/www.lecomte-consultant.com\/attestataire-capacite\/wp-content\/uploads\/2022\/10\/CGV-et-contrat-conducteur-independant.jpg","type":"image\/jpeg"}],"twitter_card":"summary_large_image","twitter_site":"@Attestcapa","twitter_misc":{"Prix":"&euro;497,00","Disponibilit\u00e9":"En stock"},"schema":{"@context":"https:\/\/schema.org","@graph":[{"@type":"WebPage","@id":"https:\/\/www.lecomte-consultant.com\/attestataire-capacite\/documents-transports\/pack-contrat-type-et-conditions-generales-de-vente-conducteur-independant\/","url":"https:\/\/www.lecomte-consultant.com\/attestataire-capacite\/documents-transports\/pack-contrat-type-et-conditions-generales-de-vente-conducteur-independant\/","name":"Pack contrat type et CGV conducteur ind\u00e9pendant","isPartOf":{"@id":"http:\/\/www.lecomte-consultant.com\/attestataire-capacite\/#website"},"primaryImageOfPage":{"@id":"https:\/\/www.lecomte-consultant.com\/attestataire-capacite\/documents-transports\/pack-contrat-type-et-conditions-generales-de-vente-conducteur-independant\/#primaryimage"},"image":{"@id":"https:\/\/www.lecomte-consultant.com\/attestataire-capacite\/documents-transports\/pack-contrat-type-et-conditions-generales-de-vente-conducteur-independant\/#primaryimage"},"thumbnailUrl":"https:\/\/i0.wp.com\/www.lecomte-consultant.com\/attestataire-capacite\/wp-content\/uploads\/2022\/10\/CGV-et-contrat-conducteur-independant.jpg?fit=1536%2C1536&ssl=1","datePublished":"2023-09-03T10:47:04+00:00","dateModified":"2026-01-03T20:17:15+00:00","description":"B\u00e9n\u00e9ficiez d'un pack complet dont le contrat chauffeur ind\u00e9pendant pour bien conclure avec vos clients transporteurs, CGV, autres documents et livrets...","breadcrumb":{"@id":"https:\/\/www.lecomte-consultant.com\/attestataire-capacite\/documents-transports\/pack-contrat-type-et-conditions-generales-de-vente-conducteur-independant\/#breadcrumb"},"inLanguage":"fr-FR","potentialAction":[{"@type":"ReadAction","target":["https:\/\/www.lecomte-consultant.com\/attestataire-capacite\/documents-transports\/pack-contrat-type-et-conditions-generales-de-vente-conducteur-independant\/"]}]},{"@type":"ImageObject","inLanguage":"fr-FR","@id":"https:\/\/www.lecomte-consultant.com\/attestataire-capacite\/documents-transports\/pack-contrat-type-et-conditions-generales-de-vente-conducteur-independant\/#primaryimage","url":"https:\/\/i0.wp.com\/www.lecomte-consultant.com\/attestataire-capacite\/wp-content\/uploads\/2022\/10\/CGV-et-contrat-conducteur-independant.jpg?fit=1536%2C1536&ssl=1","contentUrl":"https:\/\/i0.wp.com\/www.lecomte-consultant.com\/attestataire-capacite\/wp-content\/uploads\/2022\/10\/CGV-et-contrat-conducteur-independant.jpg?fit=1536%2C1536&ssl=1","width":1536,"height":1536,"caption":"Contrat Type et Conditions G\u00e9n\u00e9rales de Vente Conducteur Ind\u00e9pendant"},{"@type":"BreadcrumbList","@id":"https:\/\/www.lecomte-consultant.com\/attestataire-capacite\/documents-transports\/pack-contrat-type-et-conditions-generales-de-vente-conducteur-independant\/#breadcrumb","itemListElement":[{"@type":"ListItem","position":1,"name":"Accueil","item":"https:\/\/www.lecomte-consultant.com\/attestataire-capacite\/"},{"@type":"ListItem","position":2,"name":"Documents Transport","item":"https:\/\/www.lecomte-consultant.com\/attestataire-capacite\/documents-transports\/"},{"@type":"ListItem","position":3,"name":"Pack contrat type, conditions g\u00e9n\u00e9rales de vente conducteur ind\u00e9pendant et nombreux Bonus exceptionnels"}]},{"@type":"WebSite","@id":"http:\/\/www.lecomte-consultant.com\/attestataire-capacite\/#website","url":"http:\/\/www.lecomte-consultant.com\/attestataire-capacite\/","name":"Lecomte Consultant Attestataire Capacit\u00e9","description":"Assistance : Attestataire Capacit\u00e9 Transport, Entrepreneur Transport","publisher":{"@id":"http:\/\/www.lecomte-consultant.com\/attestataire-capacite\/#organization"},"potentialAction":[{"@type":"SearchAction","target":{"@type":"EntryPoint","urlTemplate":"http:\/\/www.lecomte-consultant.com\/attestataire-capacite\/?s={search_term_string}"},"query-input":{"@type":"PropertyValueSpecification","valueRequired":true,"valueName":"search_term_string"}}],"inLanguage":"fr-FR"},{"@type":"Organization","@id":"http:\/\/www.lecomte-consultant.com\/attestataire-capacite\/#organization","name":"LECOMTE SARL","url":"http:\/\/www.lecomte-consultant.com\/attestataire-capacite\/","logo":{"@type":"ImageObject","inLanguage":"fr-FR","@id":"http:\/\/www.lecomte-consultant.com\/attestataire-capacite\/#\/schema\/logo\/image\/","url":"http:\/\/www.lecomte-consultant.com\/attestataire-capacite\/wp-content\/uploads\/2021\/07\/Logo-JL-M-Coaching-fond-blanc.png","contentUrl":"http:\/\/www.lecomte-consultant.com\/attestataire-capacite\/wp-content\/uploads\/2021\/07\/Logo-JL-M-Coaching-fond-blanc.png","width":2560,"height":2560,"caption":"LECOMTE SARL"},"image":{"@id":"http:\/\/www.lecomte-consultant.com\/attestataire-capacite\/#\/schema\/logo\/image\/"},"sameAs":["https:\/\/www.facebook.com\/attestatairecapacite","https:\/\/x.com\/Attestcapa","https:\/\/instagram.com\/attestatairecapacite\/","http:\/\/www.linkedin.com\/in\/jeanjosephlecomte","https:\/\/www.youtube.com\/channel\/UC-Gh0g6HbnYFaWf5NY8VjOw","https:\/\/www.youtube.com\/c\/JeanJosephLECOMTEcoachconsultant","https:\/\/www.facebook.com\/jeanjosephlecomte","https:\/\/twitter.com\/jeanjolecomte","https:\/\/www.instagram.com\/lecomtejeanjoseph\/","https:\/\/www.instagram.com\/jeanjosephlecomte\/"]}]},"product_brand":"Contrats Types","product_price_amount":"497.00","product_price_currency":"EUR","og_availability":"instock","product_availability":"instock","product_condition":"new"},"jetpack_sharing_enabled":true,"_links":{"self":[{"href":"https:\/\/www.lecomte-consultant.com\/attestataire-capacite\/wp-json\/wp\/v2\/product\/6849","targetHints":{"allow":["GET"]}}],"collection":[{"href":"https:\/\/www.lecomte-consultant.com\/attestataire-capacite\/wp-json\/wp\/v2\/product"}],"about":[{"href":"https:\/\/www.lecomte-consultant.com\/attestataire-capacite\/wp-json\/wp\/v2\/types\/product"}],"replies":[{"embeddable":true,"href":"https:\/\/www.lecomte-consultant.com\/attestataire-capacite\/wp-json\/wp\/v2\/comments?post=6849"}],"wp:featuredmedia":[{"embeddable":true,"href":"https:\/\/www.lecomte-consultant.com\/attestataire-capacite\/wp-json\/wp\/v2\/media\/5990"}],"wp:attachment":[{"href":"https:\/\/www.lecomte-consultant.com\/attestataire-capacite\/wp-json\/wp\/v2\/media?parent=6849"}],"wp:term":[{"taxonomy":"product_brand","embeddable":true,"href":"https:\/\/www.lecomte-consultant.com\/attestataire-capacite\/wp-json\/wp\/v2\/product_brand?post=6849"},{"taxonomy":"product_cat","embeddable":true,"href":"https:\/\/www.lecomte-consultant.com\/attestataire-capacite\/wp-json\/wp\/v2\/product_cat?post=6849"},{"taxonomy":"product_tag","embeddable":true,"href":"https:\/\/www.lecomte-consultant.com\/attestataire-capacite\/wp-json\/wp\/v2\/product_tag?post=6849"}],"curies":[{"name":"wp","href":"https:\/\/api.w.org\/{rel}","templated":true}]}}