{"id":5946,"date":"2022-09-30T17:55:24","date_gmt":"2022-09-30T16:55:24","guid":{"rendered":"https:\/\/www.lecomte-consultant.com\/attestataire-capacite\/?post_type=product&#038;p=5946"},"modified":"2026-01-03T20:03:53","modified_gmt":"2026-01-03T19:03:53","slug":"contrat-type-conducteur-independant","status":"publish","type":"product","link":"https:\/\/www.lecomte-consultant.com\/attestataire-capacite\/documents-transports\/contrat-type-conducteur-independant\/","title":{"rendered":"Contrat type conducteur ind\u00e9pendant"},"content":{"rendered":"<p style=\"text-align: justify;\"><strong>L\u2019inspecteur du travail des transports peut proc\u00e9der aux v\u00e9rifications du personnel de conduite dans l\u2019entreprise \u00e0 tout moment.<\/strong> Parmi les sujets de <a href=\"https:\/\/www.lecomte-consultant.com\/attestataire-capacite\/controle-transport-driea-dreal\/\" target=\"_blank\" rel=\"noopener\">contr\u00f4le<\/a>, il peut faire le rapprochement entre les donn\u00e9es des v\u00e9hicules en provenance des tachygraphes avec celles des bulletins des chauffeurs et le registre d\u2019entr\u00e9es et sorties du personnel, format papier ou \u00e9lectronique.<\/p>\n<p style=\"text-align: justify;\"><strong>Si le nombre de chauffeurs des v\u00e9hicules qui ressort des donn\u00e9es des appareils ne correspond pas \u00e0 celui du personnel salari\u00e9, l\u2019enqu\u00eate va s\u2019approfondir<\/strong>. Si l\u2019entreprise ou le chauffeur ne fournit pas les contrats, \u00e7a risque de poser de s\u00e9rieux probl\u00e8mes.<\/p>\n<p style=\"text-align: justify;\"><strong>De m\u00eame, les autorit\u00e9s publiques, forces de l\u2019ordre, peuvent demander au chauffeur quelle est sa position dans l\u2019entreprise de transport. Il devra se justifier.<\/strong><\/p>\n<p style=\"text-align: justify;\"><strong>Alors mieux vaut avoir un document pour justifier de sa pr\u00e9sence au volant<\/strong> surtout si le conducteur \u00a0n\u2019est pas salari\u00e9. D\u2019ailleurs, m\u00eame pour le chauffeur salari\u00e9, il n\u2019est pas inutile qu\u2019il ait avec lui un bulletin de salaire ou une copie de son contrat de travail. Deux pr\u00e9cautions valent mieux qu\u2019une.<\/p>\n<p style=\"text-align: justify;\"><strong>Dans le contrat type pour conducteur ind\u00e9pendant, toutes les clauses sont pr\u00e9vues pour que la relation entre l\u2019entreprise et le conducteur de transport soit au clair.<\/strong><\/p>\n<h3><strong>D\u00e9lai de livraison du produit<\/strong><\/h3>\n<p style=\"text-align: justify;\"><strong>VOS COMMANDES<\/strong> r\u00e9gl\u00e9es par Paypal vous sont transmises par un lien cliquable dans le mail que vous devez recevoir en retour. En cas d&rsquo;anomalie, veuillez me le signaler par mail. Je vous enverrai votre commande d\u00e8s que possible.<\/p>\n<p><strong>NB : Pour toute question <\/strong><a href=\"mailto:info@lecomte-consultant.com\">info@lecomte-consultant.com<\/a><br \/>\nR\u00e9ponse g\u00e9n\u00e9ralement sous 12 \u00e0 24 heures.<\/p>\n<p style=\"text-align: justify;\">&#x27a1;&#xfe0f; <a href=\"https:\/\/www.lecomte-consultant.com\/attestataire-capacite\/documents-transports\/contrat-type-conducteur-independant\/\"><strong><em data-start=\"491\" data-end=\"649\">Cliquez sur le bouton vert Paypal Ajouter au panier ci-dessus ^^^ pour obtenir imm\u00e9diatement votre contrat type de conducteur ind\u00e9pendant, pr\u00eat \u00e0 l\u2019emploi et conforme aux exigences l\u00e9gales.<\/em><\/strong><\/a><\/p>\n","protected":false},"excerpt":{"rendered":"<p style=\"text-align: justify;\"><strong>Le conducteur ou chauffeur ind\u00e9pendant doit obligatoirement signer un contrat avec les entreprises de transport<\/strong> pour lesquelles il met \u00e0 disposition ses prestations de conduite. Ne pas le d\u00e9tenir serait s\u2019exposer ainsi que les entreprises \u00e0 des difficult\u00e9s majeures avec les autorit\u00e9s li\u00e9es au transport : Driea, Dreal ou Deal, contr\u00f4leurs de l\u2019URSSAF ou de l\u2019inspection du travail et force publique\u2026 C\u2019est un document obligatoire \u00e0 pr\u00e9senter \u00e0 toute demande de ces autorit\u00e9s.<\/p>\n<p style=\"text-align: justify;\">De par mes fonctions ant\u00e9rieures, mon exp\u00e9rience et mes \u00e9tudes, voir page<strong> <a href=\"https:\/\/www.lecomte-consultant.com\/attestataire-capacite\/apropos\/\">\u00e0 propos<\/a> <\/strong>du site, <strong>mon contrat type cr\u00e9\u00e9 sp\u00e9cialement pour chauffeur ou conducteur ind\u00e9pendant est \u00a0une garantie<\/strong> pour les parties, conducteur et entreprise, \u00a0car il prend en compte :<\/p>\n<p><strong>La situation du conducteur ou chauffeur<\/strong><br \/>\nles diverses pi\u00e8ces qu\u2019il doit d\u00e9tenir<\/p>\n<p><strong>L\u2019entreprise ou soci\u00e9t\u00e9 de transport<\/strong><br \/>\nles diverses pi\u00e8ces qu\u2019elle doit mettre \u00e0 disposition dans le v\u00e9hicule<br \/>\nles \u00e9l\u00e9ments du v\u00e9hicule et leur suivi<\/p>\n<p><strong>Le mode de prestations de services<\/strong><br \/>\nafin qu\u2019il ne puisse pas y avoir de requalification du conducteur<\/p>\n<p><strong>Les modalit\u00e9s de fonctionnement du conducteur<\/strong><br \/>\nvis-\u00e0-vis de l\u2019entreprise et de sa client\u00e8le.<\/p>\n<p><strong>Le type de facturation et ses modalit\u00e9s<\/strong><br \/>\nnotamment de r\u00e8glement<\/p>\n<p><strong>Les responsabilit\u00e9s du conducteur et de l\u2019entreprise<\/strong><br \/>\nfaire respecter le partage des responsabilit\u00e9s<\/p>\n<p><strong>Les assurances<\/strong><br \/>\ncelles de l\u2019entreprise de transport<br \/>\ncelles du conducteur ind\u00e9pendant<\/p>\n<p style=\"text-align: justify;\"><strong>Validez votre commande en cliquant sur un des boutons ci-dessous.<\/strong> Vous devriez recevoir votre contrat type adaptable d\u00e8s votre r\u00e8glement (sinon me contacter). Vous pouvez utiliser un compte PayPal pour r\u00e9gler en 1 fois ou 4 fois, ou r\u00e9glez par carte bancaire en suivant la proc\u00e9dure apr\u00e8s avoir cliqu\u00e9 sur \u00ab\u00a0Ajouter au panier\u00a0\u00bb, \u00e9galement en 1 fois ou 4 fois, les 2 moyens les plus rapides. Vous pouvez \u00e9galement r\u00e9gler par ch\u00e8que ou proc\u00e9der par virement bancaire : demandez mon RIB.<\/p>\n<p style=\"text-align: justify;\">En cas de difficult\u00e9, passez par la page <strong><a href=\"https:\/\/www.lecomte-consultant.com\/attestataire-capacite\/contact\/\">Contact<\/a>.<\/strong><\/p>\n<p>&#x27a1;&#xfe0f;<strong> <em data-start=\"1085\" data-end=\"1239\">Prot\u00e9gez-vous d\u00e8s aujourd\u2019hui : cliquez sur le bouton ci-dessous pour obtenir votre contrat type conducteur ind\u00e9pendant et travailler en toute s\u00e9r\u00e9nit\u00e9.<\/em><\/strong><\/p>\n","protected":false},"featured_media":5955,"comment_status":"open","ping_status":"closed","template":"","meta":{"_exactmetrics_skip_tracking":false,"_exactmetrics_sitenote_active":false,"_exactmetrics_sitenote_note":"","_exactmetrics_sitenote_category":0},"product_brand":[],"product_cat":[1823],"product_tag":[1890,1850],"class_list":{"0":"post-5946","1":"product","2":"type-product","3":"status-publish","4":"has-post-thumbnail","6":"product_cat-contrats-types","7":"product_tag-contrat-type-chauffeur-independant","8":"product_tag-contrat-type-conducteur-independant","10":"first","11":"instock","12":"featured","13":"downloadable","14":"shipping-taxable","15":"purchasable","16":"product-type-simple"},"yoast_head":"<!-- This site is optimized with the Yoast SEO Premium plugin v27.4 (Yoast SEO v27.4) - https:\/\/yoast.com\/product\/yoast-seo-premium-wordpress\/ -->\n<title>Contrat type conducteur ind\u00e9pendant<\/title>\n<meta name=\"description\" content=\"Le Contrat type conducteur ind\u00e9pendant, ou Contrat type chauffeur ind\u00e9pendant formalise le contrat obligatoire avec une entreprise ou soci\u00e9t\u00e9 de transport\" \/>\n<meta name=\"robots\" content=\"index, follow, max-snippet:-1, max-image-preview:large, max-video-preview:-1\" \/>\n<link rel=\"canonical\" href=\"https:\/\/www.lecomte-consultant.com\/attestataire-capacite\/documents-transports\/contrat-type-conducteur-independant\/\" \/>\n<meta property=\"og:locale\" content=\"fr_FR\" \/>\n<meta property=\"og:type\" content=\"article\" \/>\n<meta property=\"og:title\" content=\"Contrat type conducteur ind\u00e9pendant\" \/>\n<meta property=\"og:description\" content=\"Le Contrat type conducteur ind\u00e9pendant, ou Contrat type chauffeur ind\u00e9pendant formalise le contrat obligatoire avec une entreprise ou soci\u00e9t\u00e9 de transport\" \/>\n<meta property=\"og:url\" content=\"https:\/\/www.lecomte-consultant.com\/attestataire-capacite\/documents-transports\/contrat-type-conducteur-independant\/\" \/>\n<meta property=\"og:site_name\" content=\"Lecomte Consultant Attestataire Capacit\u00e9\" \/>\n<meta property=\"article:publisher\" content=\"https:\/\/www.facebook.com\/attestatairecapacite\" \/>\n<meta property=\"article:modified_time\" content=\"2026-01-03T19:03:53+00:00\" \/>\n<meta property=\"og:image\" content=\"https:\/\/www.lecomte-consultant.com\/attestataire-capacite\/wp-content\/uploads\/2022\/09\/Contrat-type-conducteur-independant.jpg\" \/>\n\t<meta property=\"og:image:width\" content=\"1536\" \/>\n\t<meta property=\"og:image:height\" content=\"1536\" \/>\n\t<meta property=\"og:image:type\" content=\"image\/jpeg\" \/>\n<meta name=\"twitter:card\" content=\"summary_large_image\" \/>\n<meta name=\"twitter:site\" content=\"@Attestcapa\" \/>\n<meta name=\"twitter:label1\" content=\"Prix\" \/>\n\t<meta name=\"twitter:data1\" content=\"&euro;297,00\" \/>\n\t<meta name=\"twitter:label2\" content=\"Disponibilit\u00e9\" \/>\n\t<meta name=\"twitter:data2\" content=\"En stock\" \/>\n<script type=\"application\/ld+json\" class=\"yoast-schema-graph\">{\"@context\":\"https:\\\/\\\/schema.org\",\"@graph\":[{\"@type\":\"WebPage\",\"@id\":\"https:\\\/\\\/www.lecomte-consultant.com\\\/attestataire-capacite\\\/documents-transports\\\/contrat-type-conducteur-independant\\\/\",\"url\":\"https:\\\/\\\/www.lecomte-consultant.com\\\/attestataire-capacite\\\/documents-transports\\\/contrat-type-conducteur-independant\\\/\",\"name\":\"Contrat type conducteur ind\u00e9pendant\",\"isPartOf\":{\"@id\":\"http:\\\/\\\/www.lecomte-consultant.com\\\/attestataire-capacite\\\/#website\"},\"primaryImageOfPage\":{\"@id\":\"https:\\\/\\\/www.lecomte-consultant.com\\\/attestataire-capacite\\\/documents-transports\\\/contrat-type-conducteur-independant\\\/#primaryimage\"},\"image\":{\"@id\":\"https:\\\/\\\/www.lecomte-consultant.com\\\/attestataire-capacite\\\/documents-transports\\\/contrat-type-conducteur-independant\\\/#primaryimage\"},\"thumbnailUrl\":\"https:\\\/\\\/i0.wp.com\\\/www.lecomte-consultant.com\\\/attestataire-capacite\\\/wp-content\\\/uploads\\\/2022\\\/09\\\/Contrat-type-conducteur-independant.jpg?fit=1536%2C1536&ssl=1\",\"datePublished\":\"2022-09-30T16:55:24+00:00\",\"dateModified\":\"2026-01-03T19:03:53+00:00\",\"description\":\"Le Contrat type conducteur ind\u00e9pendant, ou Contrat type chauffeur ind\u00e9pendant formalise le contrat obligatoire avec une entreprise ou soci\u00e9t\u00e9 de transport\",\"breadcrumb\":{\"@id\":\"https:\\\/\\\/www.lecomte-consultant.com\\\/attestataire-capacite\\\/documents-transports\\\/contrat-type-conducteur-independant\\\/#breadcrumb\"},\"inLanguage\":\"fr-FR\",\"potentialAction\":[{\"@type\":\"ReadAction\",\"target\":[\"https:\\\/\\\/www.lecomte-consultant.com\\\/attestataire-capacite\\\/documents-transports\\\/contrat-type-conducteur-independant\\\/\"]}]},{\"@type\":\"ImageObject\",\"inLanguage\":\"fr-FR\",\"@id\":\"https:\\\/\\\/www.lecomte-consultant.com\\\/attestataire-capacite\\\/documents-transports\\\/contrat-type-conducteur-independant\\\/#primaryimage\",\"url\":\"https:\\\/\\\/i0.wp.com\\\/www.lecomte-consultant.com\\\/attestataire-capacite\\\/wp-content\\\/uploads\\\/2022\\\/09\\\/Contrat-type-conducteur-independant.jpg?fit=1536%2C1536&ssl=1\",\"contentUrl\":\"https:\\\/\\\/i0.wp.com\\\/www.lecomte-consultant.com\\\/attestataire-capacite\\\/wp-content\\\/uploads\\\/2022\\\/09\\\/Contrat-type-conducteur-independant.jpg?fit=1536%2C1536&ssl=1\",\"width\":1536,\"height\":1536,\"caption\":\"^ Cliquez ci-dessus ^\"},{\"@type\":\"BreadcrumbList\",\"@id\":\"https:\\\/\\\/www.lecomte-consultant.com\\\/attestataire-capacite\\\/documents-transports\\\/contrat-type-conducteur-independant\\\/#breadcrumb\",\"itemListElement\":[{\"@type\":\"ListItem\",\"position\":1,\"name\":\"Accueil\",\"item\":\"https:\\\/\\\/www.lecomte-consultant.com\\\/attestataire-capacite\\\/\"},{\"@type\":\"ListItem\",\"position\":2,\"name\":\"Documents Transport\",\"item\":\"https:\\\/\\\/www.lecomte-consultant.com\\\/attestataire-capacite\\\/documents-transports\\\/\"},{\"@type\":\"ListItem\",\"position\":3,\"name\":\"Contrat type conducteur ind\u00e9pendant\"}]},{\"@type\":\"WebSite\",\"@id\":\"http:\\\/\\\/www.lecomte-consultant.com\\\/attestataire-capacite\\\/#website\",\"url\":\"http:\\\/\\\/www.lecomte-consultant.com\\\/attestataire-capacite\\\/\",\"name\":\"Lecomte Consultant Attestataire Capacit\u00e9\",\"description\":\"Assistance : Attestataire Capacit\u00e9 Transport, Entrepreneur Transport\",\"publisher\":{\"@id\":\"http:\\\/\\\/www.lecomte-consultant.com\\\/attestataire-capacite\\\/#organization\"},\"potentialAction\":[{\"@type\":\"SearchAction\",\"target\":{\"@type\":\"EntryPoint\",\"urlTemplate\":\"http:\\\/\\\/www.lecomte-consultant.com\\\/attestataire-capacite\\\/?s={search_term_string}\"},\"query-input\":{\"@type\":\"PropertyValueSpecification\",\"valueRequired\":true,\"valueName\":\"search_term_string\"}}],\"inLanguage\":\"fr-FR\"},{\"@type\":\"Organization\",\"@id\":\"http:\\\/\\\/www.lecomte-consultant.com\\\/attestataire-capacite\\\/#organization\",\"name\":\"LECOMTE SARL\",\"url\":\"http:\\\/\\\/www.lecomte-consultant.com\\\/attestataire-capacite\\\/\",\"logo\":{\"@type\":\"ImageObject\",\"inLanguage\":\"fr-FR\",\"@id\":\"http:\\\/\\\/www.lecomte-consultant.com\\\/attestataire-capacite\\\/#\\\/schema\\\/logo\\\/image\\\/\",\"url\":\"http:\\\/\\\/www.lecomte-consultant.com\\\/attestataire-capacite\\\/wp-content\\\/uploads\\\/2021\\\/07\\\/Logo-JL-M-Coaching-fond-blanc.png\",\"contentUrl\":\"http:\\\/\\\/www.lecomte-consultant.com\\\/attestataire-capacite\\\/wp-content\\\/uploads\\\/2021\\\/07\\\/Logo-JL-M-Coaching-fond-blanc.png\",\"width\":2560,\"height\":2560,\"caption\":\"LECOMTE SARL\"},\"image\":{\"@id\":\"http:\\\/\\\/www.lecomte-consultant.com\\\/attestataire-capacite\\\/#\\\/schema\\\/logo\\\/image\\\/\"},\"sameAs\":[\"https:\\\/\\\/www.facebook.com\\\/attestatairecapacite\",\"https:\\\/\\\/x.com\\\/Attestcapa\",\"https:\\\/\\\/instagram.com\\\/attestatairecapacite\\\/\",\"http:\\\/\\\/www.linkedin.com\\\/in\\\/jeanjosephlecomte\",\"https:\\\/\\\/www.youtube.com\\\/channel\\\/UC-Gh0g6HbnYFaWf5NY8VjOw\",\"https:\\\/\\\/www.youtube.com\\\/c\\\/JeanJosephLECOMTEcoachconsultant\",\"https:\\\/\\\/www.facebook.com\\\/jeanjosephlecomte\",\"https:\\\/\\\/twitter.com\\\/jeanjolecomte\",\"https:\\\/\\\/www.instagram.com\\\/lecomtejeanjoseph\\\/\",\"https:\\\/\\\/www.instagram.com\\\/jeanjosephlecomte\\\/\"]}]}<\/script>\n<meta property=\"product:brand\" content=\"Contrats Types\" \/>\n<meta property=\"product:price:amount\" content=\"297.00\" \/>\n<meta property=\"product:price:currency\" content=\"EUR\" \/>\n<meta property=\"og:availability\" content=\"instock\" \/>\n<meta property=\"product:availability\" content=\"instock\" \/>\n<meta property=\"product:condition\" content=\"new\" \/>\n<!-- \/ Yoast SEO Premium plugin. -->","yoast_head_json":{"title":"Contrat type conducteur ind\u00e9pendant","description":"Le Contrat type conducteur ind\u00e9pendant, ou Contrat type chauffeur ind\u00e9pendant formalise le contrat obligatoire avec une entreprise ou soci\u00e9t\u00e9 de transport","robots":{"index":"index","follow":"follow","max-snippet":"max-snippet:-1","max-image-preview":"max-image-preview:large","max-video-preview":"max-video-preview:-1"},"canonical":"https:\/\/www.lecomte-consultant.com\/attestataire-capacite\/documents-transports\/contrat-type-conducteur-independant\/","og_locale":"fr_FR","og_type":"article","og_title":"Contrat type conducteur ind\u00e9pendant","og_description":"Le Contrat type conducteur ind\u00e9pendant, ou Contrat type chauffeur ind\u00e9pendant formalise le contrat obligatoire avec une entreprise ou soci\u00e9t\u00e9 de transport","og_url":"https:\/\/www.lecomte-consultant.com\/attestataire-capacite\/documents-transports\/contrat-type-conducteur-independant\/","og_site_name":"Lecomte Consultant Attestataire Capacit\u00e9","article_publisher":"https:\/\/www.facebook.com\/attestatairecapacite","article_modified_time":"2026-01-03T19:03:53+00:00","og_image":[{"width":1536,"height":1536,"url":"https:\/\/www.lecomte-consultant.com\/attestataire-capacite\/wp-content\/uploads\/2022\/09\/Contrat-type-conducteur-independant.jpg","type":"image\/jpeg"}],"twitter_card":"summary_large_image","twitter_site":"@Attestcapa","twitter_misc":{"Prix":"&euro;297,00","Disponibilit\u00e9":"En stock"},"schema":{"@context":"https:\/\/schema.org","@graph":[{"@type":"WebPage","@id":"https:\/\/www.lecomte-consultant.com\/attestataire-capacite\/documents-transports\/contrat-type-conducteur-independant\/","url":"https:\/\/www.lecomte-consultant.com\/attestataire-capacite\/documents-transports\/contrat-type-conducteur-independant\/","name":"Contrat type conducteur ind\u00e9pendant","isPartOf":{"@id":"http:\/\/www.lecomte-consultant.com\/attestataire-capacite\/#website"},"primaryImageOfPage":{"@id":"https:\/\/www.lecomte-consultant.com\/attestataire-capacite\/documents-transports\/contrat-type-conducteur-independant\/#primaryimage"},"image":{"@id":"https:\/\/www.lecomte-consultant.com\/attestataire-capacite\/documents-transports\/contrat-type-conducteur-independant\/#primaryimage"},"thumbnailUrl":"https:\/\/i0.wp.com\/www.lecomte-consultant.com\/attestataire-capacite\/wp-content\/uploads\/2022\/09\/Contrat-type-conducteur-independant.jpg?fit=1536%2C1536&ssl=1","datePublished":"2022-09-30T16:55:24+00:00","dateModified":"2026-01-03T19:03:53+00:00","description":"Le Contrat type conducteur ind\u00e9pendant, ou Contrat type chauffeur ind\u00e9pendant formalise le contrat obligatoire avec une entreprise ou soci\u00e9t\u00e9 de transport","breadcrumb":{"@id":"https:\/\/www.lecomte-consultant.com\/attestataire-capacite\/documents-transports\/contrat-type-conducteur-independant\/#breadcrumb"},"inLanguage":"fr-FR","potentialAction":[{"@type":"ReadAction","target":["https:\/\/www.lecomte-consultant.com\/attestataire-capacite\/documents-transports\/contrat-type-conducteur-independant\/"]}]},{"@type":"ImageObject","inLanguage":"fr-FR","@id":"https:\/\/www.lecomte-consultant.com\/attestataire-capacite\/documents-transports\/contrat-type-conducteur-independant\/#primaryimage","url":"https:\/\/i0.wp.com\/www.lecomte-consultant.com\/attestataire-capacite\/wp-content\/uploads\/2022\/09\/Contrat-type-conducteur-independant.jpg?fit=1536%2C1536&ssl=1","contentUrl":"https:\/\/i0.wp.com\/www.lecomte-consultant.com\/attestataire-capacite\/wp-content\/uploads\/2022\/09\/Contrat-type-conducteur-independant.jpg?fit=1536%2C1536&ssl=1","width":1536,"height":1536,"caption":"^ Cliquez ci-dessus ^"},{"@type":"BreadcrumbList","@id":"https:\/\/www.lecomte-consultant.com\/attestataire-capacite\/documents-transports\/contrat-type-conducteur-independant\/#breadcrumb","itemListElement":[{"@type":"ListItem","position":1,"name":"Accueil","item":"https:\/\/www.lecomte-consultant.com\/attestataire-capacite\/"},{"@type":"ListItem","position":2,"name":"Documents Transport","item":"https:\/\/www.lecomte-consultant.com\/attestataire-capacite\/documents-transports\/"},{"@type":"ListItem","position":3,"name":"Contrat type conducteur ind\u00e9pendant"}]},{"@type":"WebSite","@id":"http:\/\/www.lecomte-consultant.com\/attestataire-capacite\/#website","url":"http:\/\/www.lecomte-consultant.com\/attestataire-capacite\/","name":"Lecomte Consultant Attestataire Capacit\u00e9","description":"Assistance : Attestataire Capacit\u00e9 Transport, Entrepreneur Transport","publisher":{"@id":"http:\/\/www.lecomte-consultant.com\/attestataire-capacite\/#organization"},"potentialAction":[{"@type":"SearchAction","target":{"@type":"EntryPoint","urlTemplate":"http:\/\/www.lecomte-consultant.com\/attestataire-capacite\/?s={search_term_string}"},"query-input":{"@type":"PropertyValueSpecification","valueRequired":true,"valueName":"search_term_string"}}],"inLanguage":"fr-FR"},{"@type":"Organization","@id":"http:\/\/www.lecomte-consultant.com\/attestataire-capacite\/#organization","name":"LECOMTE SARL","url":"http:\/\/www.lecomte-consultant.com\/attestataire-capacite\/","logo":{"@type":"ImageObject","inLanguage":"fr-FR","@id":"http:\/\/www.lecomte-consultant.com\/attestataire-capacite\/#\/schema\/logo\/image\/","url":"http:\/\/www.lecomte-consultant.com\/attestataire-capacite\/wp-content\/uploads\/2021\/07\/Logo-JL-M-Coaching-fond-blanc.png","contentUrl":"http:\/\/www.lecomte-consultant.com\/attestataire-capacite\/wp-content\/uploads\/2021\/07\/Logo-JL-M-Coaching-fond-blanc.png","width":2560,"height":2560,"caption":"LECOMTE SARL"},"image":{"@id":"http:\/\/www.lecomte-consultant.com\/attestataire-capacite\/#\/schema\/logo\/image\/"},"sameAs":["https:\/\/www.facebook.com\/attestatairecapacite","https:\/\/x.com\/Attestcapa","https:\/\/instagram.com\/attestatairecapacite\/","http:\/\/www.linkedin.com\/in\/jeanjosephlecomte","https:\/\/www.youtube.com\/channel\/UC-Gh0g6HbnYFaWf5NY8VjOw","https:\/\/www.youtube.com\/c\/JeanJosephLECOMTEcoachconsultant","https:\/\/www.facebook.com\/jeanjosephlecomte","https:\/\/twitter.com\/jeanjolecomte","https:\/\/www.instagram.com\/lecomtejeanjoseph\/","https:\/\/www.instagram.com\/jeanjosephlecomte\/"]}]},"product_brand":"Contrats Types","product_price_amount":"297.00","product_price_currency":"EUR","og_availability":"instock","product_availability":"instock","product_condition":"new"},"jetpack_sharing_enabled":true,"_links":{"self":[{"href":"https:\/\/www.lecomte-consultant.com\/attestataire-capacite\/wp-json\/wp\/v2\/product\/5946","targetHints":{"allow":["GET"]}}],"collection":[{"href":"https:\/\/www.lecomte-consultant.com\/attestataire-capacite\/wp-json\/wp\/v2\/product"}],"about":[{"href":"https:\/\/www.lecomte-consultant.com\/attestataire-capacite\/wp-json\/wp\/v2\/types\/product"}],"replies":[{"embeddable":true,"href":"https:\/\/www.lecomte-consultant.com\/attestataire-capacite\/wp-json\/wp\/v2\/comments?post=5946"}],"wp:featuredmedia":[{"embeddable":true,"href":"https:\/\/www.lecomte-consultant.com\/attestataire-capacite\/wp-json\/wp\/v2\/media\/5955"}],"wp:attachment":[{"href":"https:\/\/www.lecomte-consultant.com\/attestataire-capacite\/wp-json\/wp\/v2\/media?parent=5946"}],"wp:term":[{"taxonomy":"product_brand","embeddable":true,"href":"https:\/\/www.lecomte-consultant.com\/attestataire-capacite\/wp-json\/wp\/v2\/product_brand?post=5946"},{"taxonomy":"product_cat","embeddable":true,"href":"https:\/\/www.lecomte-consultant.com\/attestataire-capacite\/wp-json\/wp\/v2\/product_cat?post=5946"},{"taxonomy":"product_tag","embeddable":true,"href":"https:\/\/www.lecomte-consultant.com\/attestataire-capacite\/wp-json\/wp\/v2\/product_tag?post=5946"}],"curies":[{"name":"wp","href":"https:\/\/api.w.org\/{rel}","templated":true}]}}