{"id":5184,"date":"2021-10-15T10:48:22","date_gmt":"2021-10-15T09:48:22","guid":{"rendered":"https:\/\/www.lecomte-consultant.com\/attestataire-capacite\/?post_type=product&#038;p=5184"},"modified":"2026-01-03T22:06:01","modified_gmt":"2026-01-03T21:06:01","slug":"coaching-abonnement-1-heure","status":"publish","type":"product","link":"https:\/\/www.lecomte-consultant.com\/attestataire-capacite\/documents-transports\/coaching-abonnement-1-heure\/","title":{"rendered":"Coaching personnalis\u00e9 en direct: 1 heure, R\u00e9servez !"},"content":{"rendered":"<p style=\"text-align: justify;\">Vous avez besoin d&rsquo;assistance, conseils, accompagnement dans votre projet. Vous pouvez souscrire un abonnement.<\/p>\n<p style=\"text-align: justify;\"><strong>*Le coaching abonnement une heure mensuelle peut comprendre une partie par courriel et l&rsquo;autre en entretien t\u00e9l\u00e9phonique si besoin.<\/strong><\/p>\n<p style=\"text-align: justify;\">Saisissez cette solution pour faire part de votre probl\u00e9matique par mail dans un premier temps afin de l&rsquo;\u00e9tudier et de vous faire une propositions adapt\u00e9e.<\/p>\n<p style=\"text-align: justify;\">Cette formule permettra de booster votre projet.<\/p>\n<p style=\"text-align: justify;\"><strong>Cliquez sur le bouton \u00ab ajouter au panier \u00bb ci-dessus.<br \/>\n<\/strong><\/p>\n<p>A la suite nous pourrons commencer.<\/p>\n<p>&nbsp;<\/p>\n","protected":false},"excerpt":{"rendered":"<p style=\"text-align: justify;\"><strong>Vous ne ma\u00eetrisez pas toutes les donn\u00e9es pour d\u00e9marrer et r\u00e9ussir dans votre activit\u00e9 de gestionnaire transport prestataire de services ext\u00e9rieur voire salari\u00e9, de cr\u00e9ateur transport, marchandises ou voyageurs, de commissionnaire de transport!<\/strong><\/p>\n<p style=\"text-align: justify;\"><strong>Vous n&rsquo;y connaissez pas grand chose en <a href=\"https:\/\/www.lecomte-consultant.com\/attestataire-capacite\/etude-marche-transport\/\" target=\"_blank\" rel=\"noopener\">\u00e9tude march\u00e9! Lire l&rsquo;article.<\/a> <\/strong>Et pourtant c&rsquo;est le sujet essentiel et primordial pour connaitre votre march\u00e9 et donc vos futurs clients source de vos recettes, de votre chiffre d&rsquo;affaires, de vos b\u00e9n\u00e9fices futurs, de votre r\u00e9mun\u00e9ration, de la valeur de votre entreprise, voire de sa survie ou pas!!!<\/p>\n<p style=\"text-align: justify;\"><strong>Vous avez besoin de coaching, une assistance pour r\u00e9pondre \u00e0 vos questions, savoir comment vous y prendre, \u00eatre accompagn\u00e9 pour savoir faire et r\u00e9ussir.<\/strong>..<\/p>\n<p><strong>Le coaching par abonnement va vous permettre de :<\/strong><\/p>\n<ul>\n<li>r\u00e9pondre \u00e0 vos interrogations et questions<\/li>\n<li>analyser votre situation<\/li>\n<li>conna\u00eetre les formalit\u00e9s et proc\u00e9dures de d\u00e9marrage<\/li>\n<li>vous positionner sur le march\u00e9, connaitre vos futurs clients<\/li>\n<li>vous pr\u00e9parer et vous conseillez pour vous lancer<\/li>\n<li>vous suivre lorsque votre activit\u00e9 d\u00e9marre<\/li>\n<li>vous accompagner au fil de votre activit\u00e9 pour vous d\u00e9velopper<\/li>\n<\/ul>\n<p style=\"text-align: justify;\">Le coaching par abonnement, qui vous est propos\u00e9, va vous permettre de vous lancer dans de meilleures conditions<\/p>\n<p style=\"text-align: justify;\">Vous pouvez d\u00e9marrer \u00e0 tout moment et arr\u00eater \u00e0 la fin de chaque p\u00e9riode<\/p>\n<p style=\"text-align: justify;\">C\u2019est une bonne formule si vous avez besoin d\u2019informations, d\u2019assistance et d\u2019accompagnement pour un tarif mod\u00e9r\u00e9, 1 heure mensuelle: 197 \u20ac (Il peut augmenter \u00e0 tout moment!)<\/p>\n<p><strong>Cliquez sur le bouton ci-dessous<\/strong><\/p>\n","protected":false},"featured_media":4086,"comment_status":"open","ping_status":"closed","template":"","meta":{"_exactmetrics_skip_tracking":false,"_exactmetrics_sitenote_active":false,"_exactmetrics_sitenote_note":"","_exactmetrics_sitenote_category":0},"product_brand":[],"product_cat":[1827],"product_tag":[],"class_list":{"0":"post-5184","1":"product","2":"type-product","3":"status-publish","4":"has-post-thumbnail","6":"product_cat-assistance","8":"first","9":"instock","10":"virtual","11":"purchasable","12":"product-type-simple"},"yoast_head":"<!-- This site is optimized with the Yoast SEO Premium plugin v27.4 (Yoast SEO v27.4) - https:\/\/yoast.com\/product\/yoast-seo-premium-wordpress\/ -->\n<title>Coaching abonnement 1 heure<\/title>\n<meta name=\"description\" content=\"Profitez de mes comp\u00e9tences et mon exp\u00e9rience sur des dizaines d\u2019ann\u00e9es de dirigeant et gestionnaire transport pour vous aider \u00e0 lancer votre activit\u00e9 !\" \/>\n<meta name=\"robots\" content=\"index, follow, max-snippet:-1, max-image-preview:large, max-video-preview:-1\" \/>\n<link rel=\"canonical\" href=\"https:\/\/www.lecomte-consultant.com\/attestataire-capacite\/documents-transports\/coaching-abonnement-1-heure\/\" \/>\n<meta property=\"og:locale\" content=\"fr_FR\" \/>\n<meta property=\"og:type\" content=\"article\" \/>\n<meta property=\"og:title\" content=\"Coaching personnalis\u00e9 en direct: 1 heure, R\u00e9servez !\" \/>\n<meta property=\"og:description\" content=\"Profitez de mes comp\u00e9tences et mon exp\u00e9rience sur des dizaines d\u2019ann\u00e9es de dirigeant et gestionnaire transport pour vous aider \u00e0 lancer votre activit\u00e9 !\" \/>\n<meta property=\"og:url\" content=\"https:\/\/www.lecomte-consultant.com\/attestataire-capacite\/documents-transports\/coaching-abonnement-1-heure\/\" \/>\n<meta property=\"og:site_name\" content=\"Lecomte Consultant Attestataire Capacit\u00e9\" \/>\n<meta property=\"article:publisher\" content=\"https:\/\/www.facebook.com\/attestatairecapacite\" \/>\n<meta property=\"article:modified_time\" content=\"2026-01-03T21:06:01+00:00\" \/>\n<meta property=\"og:image\" content=\"https:\/\/www.lecomte-consultant.com\/attestataire-capacite\/wp-content\/uploads\/2015\/08\/pexels-pixabay-327540-scaled.jpg\" \/>\n\t<meta property=\"og:image:width\" content=\"2560\" \/>\n\t<meta property=\"og:image:height\" content=\"1704\" \/>\n\t<meta property=\"og:image:type\" content=\"image\/jpeg\" \/>\n<meta name=\"twitter:card\" content=\"summary_large_image\" \/>\n<meta name=\"twitter:site\" content=\"@Attestcapa\" \/>\n<meta name=\"twitter:label1\" content=\"Prix\" \/>\n\t<meta name=\"twitter:data1\" content=\"&euro;187,00\" \/>\n\t<meta name=\"twitter:label2\" content=\"Disponibilit\u00e9\" \/>\n\t<meta name=\"twitter:data2\" content=\"En stock\" \/>\n<script type=\"application\/ld+json\" class=\"yoast-schema-graph\">{\"@context\":\"https:\\\/\\\/schema.org\",\"@graph\":[{\"@type\":\"WebPage\",\"@id\":\"https:\\\/\\\/www.lecomte-consultant.com\\\/attestataire-capacite\\\/documents-transports\\\/coaching-abonnement-1-heure\\\/\",\"url\":\"https:\\\/\\\/www.lecomte-consultant.com\\\/attestataire-capacite\\\/documents-transports\\\/coaching-abonnement-1-heure\\\/\",\"name\":\"Coaching abonnement 1 heure\",\"isPartOf\":{\"@id\":\"http:\\\/\\\/www.lecomte-consultant.com\\\/attestataire-capacite\\\/#website\"},\"primaryImageOfPage\":{\"@id\":\"https:\\\/\\\/www.lecomte-consultant.com\\\/attestataire-capacite\\\/documents-transports\\\/coaching-abonnement-1-heure\\\/#primaryimage\"},\"image\":{\"@id\":\"https:\\\/\\\/www.lecomte-consultant.com\\\/attestataire-capacite\\\/documents-transports\\\/coaching-abonnement-1-heure\\\/#primaryimage\"},\"thumbnailUrl\":\"https:\\\/\\\/i0.wp.com\\\/www.lecomte-consultant.com\\\/attestataire-capacite\\\/wp-content\\\/uploads\\\/2015\\\/08\\\/pexels-pixabay-327540-scaled.jpg?fit=2560%2C1704&ssl=1\",\"datePublished\":\"2021-10-15T09:48:22+00:00\",\"dateModified\":\"2026-01-03T21:06:01+00:00\",\"description\":\"Profitez de mes comp\u00e9tences et mon exp\u00e9rience sur des dizaines d\u2019ann\u00e9es de dirigeant et gestionnaire transport pour vous aider \u00e0 lancer votre activit\u00e9 !\",\"breadcrumb\":{\"@id\":\"https:\\\/\\\/www.lecomte-consultant.com\\\/attestataire-capacite\\\/documents-transports\\\/coaching-abonnement-1-heure\\\/#breadcrumb\"},\"inLanguage\":\"fr-FR\",\"potentialAction\":[{\"@type\":\"ReadAction\",\"target\":[\"https:\\\/\\\/www.lecomte-consultant.com\\\/attestataire-capacite\\\/documents-transports\\\/coaching-abonnement-1-heure\\\/\"]}]},{\"@type\":\"ImageObject\",\"inLanguage\":\"fr-FR\",\"@id\":\"https:\\\/\\\/www.lecomte-consultant.com\\\/attestataire-capacite\\\/documents-transports\\\/coaching-abonnement-1-heure\\\/#primaryimage\",\"url\":\"https:\\\/\\\/i0.wp.com\\\/www.lecomte-consultant.com\\\/attestataire-capacite\\\/wp-content\\\/uploads\\\/2015\\\/08\\\/pexels-pixabay-327540-scaled.jpg?fit=2560%2C1704&ssl=1\",\"contentUrl\":\"https:\\\/\\\/i0.wp.com\\\/www.lecomte-consultant.com\\\/attestataire-capacite\\\/wp-content\\\/uploads\\\/2015\\\/08\\\/pexels-pixabay-327540-scaled.jpg?fit=2560%2C1704&ssl=1\",\"width\":2560,\"height\":1704,\"caption\":\"coaching transport\"},{\"@type\":\"BreadcrumbList\",\"@id\":\"https:\\\/\\\/www.lecomte-consultant.com\\\/attestataire-capacite\\\/documents-transports\\\/coaching-abonnement-1-heure\\\/#breadcrumb\",\"itemListElement\":[{\"@type\":\"ListItem\",\"position\":1,\"name\":\"Accueil\",\"item\":\"https:\\\/\\\/www.lecomte-consultant.com\\\/attestataire-capacite\\\/\"},{\"@type\":\"ListItem\",\"position\":2,\"name\":\"Documents Transport\",\"item\":\"https:\\\/\\\/www.lecomte-consultant.com\\\/attestataire-capacite\\\/documents-transports\\\/\"},{\"@type\":\"ListItem\",\"position\":3,\"name\":\"Coaching personnalis\u00e9 en direct: 1 heure, R\u00e9servez !\"}]},{\"@type\":\"WebSite\",\"@id\":\"http:\\\/\\\/www.lecomte-consultant.com\\\/attestataire-capacite\\\/#website\",\"url\":\"http:\\\/\\\/www.lecomte-consultant.com\\\/attestataire-capacite\\\/\",\"name\":\"Lecomte Consultant Attestataire Capacit\u00e9\",\"description\":\"Assistance : Attestataire Capacit\u00e9 Transport, Entrepreneur Transport\",\"publisher\":{\"@id\":\"http:\\\/\\\/www.lecomte-consultant.com\\\/attestataire-capacite\\\/#organization\"},\"potentialAction\":[{\"@type\":\"SearchAction\",\"target\":{\"@type\":\"EntryPoint\",\"urlTemplate\":\"http:\\\/\\\/www.lecomte-consultant.com\\\/attestataire-capacite\\\/?s={search_term_string}\"},\"query-input\":{\"@type\":\"PropertyValueSpecification\",\"valueRequired\":true,\"valueName\":\"search_term_string\"}}],\"inLanguage\":\"fr-FR\"},{\"@type\":\"Organization\",\"@id\":\"http:\\\/\\\/www.lecomte-consultant.com\\\/attestataire-capacite\\\/#organization\",\"name\":\"LECOMTE SARL\",\"url\":\"http:\\\/\\\/www.lecomte-consultant.com\\\/attestataire-capacite\\\/\",\"logo\":{\"@type\":\"ImageObject\",\"inLanguage\":\"fr-FR\",\"@id\":\"http:\\\/\\\/www.lecomte-consultant.com\\\/attestataire-capacite\\\/#\\\/schema\\\/logo\\\/image\\\/\",\"url\":\"http:\\\/\\\/www.lecomte-consultant.com\\\/attestataire-capacite\\\/wp-content\\\/uploads\\\/2021\\\/07\\\/Logo-JL-M-Coaching-fond-blanc.png\",\"contentUrl\":\"http:\\\/\\\/www.lecomte-consultant.com\\\/attestataire-capacite\\\/wp-content\\\/uploads\\\/2021\\\/07\\\/Logo-JL-M-Coaching-fond-blanc.png\",\"width\":2560,\"height\":2560,\"caption\":\"LECOMTE SARL\"},\"image\":{\"@id\":\"http:\\\/\\\/www.lecomte-consultant.com\\\/attestataire-capacite\\\/#\\\/schema\\\/logo\\\/image\\\/\"},\"sameAs\":[\"https:\\\/\\\/www.facebook.com\\\/attestatairecapacite\",\"https:\\\/\\\/x.com\\\/Attestcapa\",\"https:\\\/\\\/instagram.com\\\/attestatairecapacite\\\/\",\"http:\\\/\\\/www.linkedin.com\\\/in\\\/jeanjosephlecomte\",\"https:\\\/\\\/www.youtube.com\\\/channel\\\/UC-Gh0g6HbnYFaWf5NY8VjOw\",\"https:\\\/\\\/www.youtube.com\\\/c\\\/JeanJosephLECOMTEcoachconsultant\",\"https:\\\/\\\/www.facebook.com\\\/jeanjosephlecomte\",\"https:\\\/\\\/twitter.com\\\/jeanjolecomte\",\"https:\\\/\\\/www.instagram.com\\\/lecomtejeanjoseph\\\/\",\"https:\\\/\\\/www.instagram.com\\\/jeanjosephlecomte\\\/\"]}]}<\/script>\n<meta property=\"product:brand\" content=\"Assistance\" \/>\n<meta property=\"product:price:amount\" content=\"187.00\" \/>\n<meta property=\"product:price:currency\" content=\"EUR\" \/>\n<meta property=\"og:availability\" content=\"instock\" \/>\n<meta property=\"product:availability\" content=\"instock\" \/>\n<meta property=\"product:condition\" content=\"new\" \/>\n<!-- \/ Yoast SEO Premium plugin. -->","yoast_head_json":{"title":"Coaching abonnement 1 heure","description":"Profitez de mes comp\u00e9tences et mon exp\u00e9rience sur des dizaines d\u2019ann\u00e9es de dirigeant et gestionnaire transport pour vous aider \u00e0 lancer votre activit\u00e9 !","robots":{"index":"index","follow":"follow","max-snippet":"max-snippet:-1","max-image-preview":"max-image-preview:large","max-video-preview":"max-video-preview:-1"},"canonical":"https:\/\/www.lecomte-consultant.com\/attestataire-capacite\/documents-transports\/coaching-abonnement-1-heure\/","og_locale":"fr_FR","og_type":"article","og_title":"Coaching personnalis\u00e9 en direct: 1 heure, R\u00e9servez !","og_description":"Profitez de mes comp\u00e9tences et mon exp\u00e9rience sur des dizaines d\u2019ann\u00e9es de dirigeant et gestionnaire transport pour vous aider \u00e0 lancer votre activit\u00e9 !","og_url":"https:\/\/www.lecomte-consultant.com\/attestataire-capacite\/documents-transports\/coaching-abonnement-1-heure\/","og_site_name":"Lecomte Consultant Attestataire Capacit\u00e9","article_publisher":"https:\/\/www.facebook.com\/attestatairecapacite","article_modified_time":"2026-01-03T21:06:01+00:00","og_image":[{"width":2560,"height":1704,"url":"https:\/\/www.lecomte-consultant.com\/attestataire-capacite\/wp-content\/uploads\/2015\/08\/pexels-pixabay-327540-scaled.jpg","type":"image\/jpeg"}],"twitter_card":"summary_large_image","twitter_site":"@Attestcapa","twitter_misc":{"Prix":"&euro;187,00","Disponibilit\u00e9":"En stock"},"schema":{"@context":"https:\/\/schema.org","@graph":[{"@type":"WebPage","@id":"https:\/\/www.lecomte-consultant.com\/attestataire-capacite\/documents-transports\/coaching-abonnement-1-heure\/","url":"https:\/\/www.lecomte-consultant.com\/attestataire-capacite\/documents-transports\/coaching-abonnement-1-heure\/","name":"Coaching abonnement 1 heure","isPartOf":{"@id":"http:\/\/www.lecomte-consultant.com\/attestataire-capacite\/#website"},"primaryImageOfPage":{"@id":"https:\/\/www.lecomte-consultant.com\/attestataire-capacite\/documents-transports\/coaching-abonnement-1-heure\/#primaryimage"},"image":{"@id":"https:\/\/www.lecomte-consultant.com\/attestataire-capacite\/documents-transports\/coaching-abonnement-1-heure\/#primaryimage"},"thumbnailUrl":"https:\/\/i0.wp.com\/www.lecomte-consultant.com\/attestataire-capacite\/wp-content\/uploads\/2015\/08\/pexels-pixabay-327540-scaled.jpg?fit=2560%2C1704&ssl=1","datePublished":"2021-10-15T09:48:22+00:00","dateModified":"2026-01-03T21:06:01+00:00","description":"Profitez de mes comp\u00e9tences et mon exp\u00e9rience sur des dizaines d\u2019ann\u00e9es de dirigeant et gestionnaire transport pour vous aider \u00e0 lancer votre activit\u00e9 !","breadcrumb":{"@id":"https:\/\/www.lecomte-consultant.com\/attestataire-capacite\/documents-transports\/coaching-abonnement-1-heure\/#breadcrumb"},"inLanguage":"fr-FR","potentialAction":[{"@type":"ReadAction","target":["https:\/\/www.lecomte-consultant.com\/attestataire-capacite\/documents-transports\/coaching-abonnement-1-heure\/"]}]},{"@type":"ImageObject","inLanguage":"fr-FR","@id":"https:\/\/www.lecomte-consultant.com\/attestataire-capacite\/documents-transports\/coaching-abonnement-1-heure\/#primaryimage","url":"https:\/\/i0.wp.com\/www.lecomte-consultant.com\/attestataire-capacite\/wp-content\/uploads\/2015\/08\/pexels-pixabay-327540-scaled.jpg?fit=2560%2C1704&ssl=1","contentUrl":"https:\/\/i0.wp.com\/www.lecomte-consultant.com\/attestataire-capacite\/wp-content\/uploads\/2015\/08\/pexels-pixabay-327540-scaled.jpg?fit=2560%2C1704&ssl=1","width":2560,"height":1704,"caption":"coaching transport"},{"@type":"BreadcrumbList","@id":"https:\/\/www.lecomte-consultant.com\/attestataire-capacite\/documents-transports\/coaching-abonnement-1-heure\/#breadcrumb","itemListElement":[{"@type":"ListItem","position":1,"name":"Accueil","item":"https:\/\/www.lecomte-consultant.com\/attestataire-capacite\/"},{"@type":"ListItem","position":2,"name":"Documents Transport","item":"https:\/\/www.lecomte-consultant.com\/attestataire-capacite\/documents-transports\/"},{"@type":"ListItem","position":3,"name":"Coaching personnalis\u00e9 en direct: 1 heure, R\u00e9servez !"}]},{"@type":"WebSite","@id":"http:\/\/www.lecomte-consultant.com\/attestataire-capacite\/#website","url":"http:\/\/www.lecomte-consultant.com\/attestataire-capacite\/","name":"Lecomte Consultant Attestataire Capacit\u00e9","description":"Assistance : Attestataire Capacit\u00e9 Transport, Entrepreneur Transport","publisher":{"@id":"http:\/\/www.lecomte-consultant.com\/attestataire-capacite\/#organization"},"potentialAction":[{"@type":"SearchAction","target":{"@type":"EntryPoint","urlTemplate":"http:\/\/www.lecomte-consultant.com\/attestataire-capacite\/?s={search_term_string}"},"query-input":{"@type":"PropertyValueSpecification","valueRequired":true,"valueName":"search_term_string"}}],"inLanguage":"fr-FR"},{"@type":"Organization","@id":"http:\/\/www.lecomte-consultant.com\/attestataire-capacite\/#organization","name":"LECOMTE SARL","url":"http:\/\/www.lecomte-consultant.com\/attestataire-capacite\/","logo":{"@type":"ImageObject","inLanguage":"fr-FR","@id":"http:\/\/www.lecomte-consultant.com\/attestataire-capacite\/#\/schema\/logo\/image\/","url":"http:\/\/www.lecomte-consultant.com\/attestataire-capacite\/wp-content\/uploads\/2021\/07\/Logo-JL-M-Coaching-fond-blanc.png","contentUrl":"http:\/\/www.lecomte-consultant.com\/attestataire-capacite\/wp-content\/uploads\/2021\/07\/Logo-JL-M-Coaching-fond-blanc.png","width":2560,"height":2560,"caption":"LECOMTE SARL"},"image":{"@id":"http:\/\/www.lecomte-consultant.com\/attestataire-capacite\/#\/schema\/logo\/image\/"},"sameAs":["https:\/\/www.facebook.com\/attestatairecapacite","https:\/\/x.com\/Attestcapa","https:\/\/instagram.com\/attestatairecapacite\/","http:\/\/www.linkedin.com\/in\/jeanjosephlecomte","https:\/\/www.youtube.com\/channel\/UC-Gh0g6HbnYFaWf5NY8VjOw","https:\/\/www.youtube.com\/c\/JeanJosephLECOMTEcoachconsultant","https:\/\/www.facebook.com\/jeanjosephlecomte","https:\/\/twitter.com\/jeanjolecomte","https:\/\/www.instagram.com\/lecomtejeanjoseph\/","https:\/\/www.instagram.com\/jeanjosephlecomte\/"]}]},"product_brand":"Assistance","product_price_amount":"187.00","product_price_currency":"EUR","og_availability":"instock","product_availability":"instock","product_condition":"new"},"jetpack_sharing_enabled":true,"_links":{"self":[{"href":"https:\/\/www.lecomte-consultant.com\/attestataire-capacite\/wp-json\/wp\/v2\/product\/5184","targetHints":{"allow":["GET"]}}],"collection":[{"href":"https:\/\/www.lecomte-consultant.com\/attestataire-capacite\/wp-json\/wp\/v2\/product"}],"about":[{"href":"https:\/\/www.lecomte-consultant.com\/attestataire-capacite\/wp-json\/wp\/v2\/types\/product"}],"replies":[{"embeddable":true,"href":"https:\/\/www.lecomte-consultant.com\/attestataire-capacite\/wp-json\/wp\/v2\/comments?post=5184"}],"wp:featuredmedia":[{"embeddable":true,"href":"https:\/\/www.lecomte-consultant.com\/attestataire-capacite\/wp-json\/wp\/v2\/media\/4086"}],"wp:attachment":[{"href":"https:\/\/www.lecomte-consultant.com\/attestataire-capacite\/wp-json\/wp\/v2\/media?parent=5184"}],"wp:term":[{"taxonomy":"product_brand","embeddable":true,"href":"https:\/\/www.lecomte-consultant.com\/attestataire-capacite\/wp-json\/wp\/v2\/product_brand?post=5184"},{"taxonomy":"product_cat","embeddable":true,"href":"https:\/\/www.lecomte-consultant.com\/attestataire-capacite\/wp-json\/wp\/v2\/product_cat?post=5184"},{"taxonomy":"product_tag","embeddable":true,"href":"https:\/\/www.lecomte-consultant.com\/attestataire-capacite\/wp-json\/wp\/v2\/product_tag?post=5184"}],"curies":[{"name":"wp","href":"https:\/\/api.w.org\/{rel}","templated":true}]}}