{"id":4820,"date":"2021-05-27T17:07:21","date_gmt":"2021-05-27T16:07:21","guid":{"rendered":"https:\/\/www.lecomte-consultant.com\/attestataire-capacite\/?post_type=product&#038;p=4820"},"modified":"2026-01-03T22:44:09","modified_gmt":"2026-01-03T21:44:09","slug":"enregistrez-vous-chauffeur-independant-sans-erreur","status":"publish","type":"product","link":"https:\/\/www.lecomte-consultant.com\/attestataire-capacite\/documents-transports\/enregistrez-vous-chauffeur-independant-sans-erreur\/","title":{"rendered":"Accompagnement Enregistrement Chauffeur ou Prestataire sans erreur!"},"content":{"rendered":"<h4 style=\"text-align: justify;\"><strong>Enregistrez-vous en tant que chauffeur ind\u00e9pendant ou prestataire ind\u00e9pendant, avec le bon code APE.<\/strong><\/h4>\n<ul>\n<li>Pour ne plus perdre de temps et \u00eatre enregistr\u00e9 d\u00e8s la premi\u00e8re fois avec le bon code APE\u00a0!<\/li>\n<li>\u00c9viter un retour n\u00e9gatif du centre de formalit\u00e9s n\u00e9cessitant une correction, ou<\/li>\n<li>Corriger un mauvais code APE si vous aviez voulu faire vous-m\u00eame !<\/li>\n<li>Pouvoir travailler rapidement sans attendre avec des entreprises de transport, et<\/li>\n<li>Faire du chiffre d\u2019affaires.<\/li>\n<\/ul>\n<p><strong>Faites appel \u00e0 mon assistance en direct, nous allons faire la demande ensemble !<\/strong><\/p>\n","protected":false},"excerpt":{"rendered":"<p style=\"text-align: justify;\"><strong>Enregistrez-vous chauffeur ind\u00e9pendant ou prestataire sans erreur !<\/strong><\/p>\n<p style=\"text-align: justify;\"><strong>=&gt;&gt;&gt;<\/strong> Obtenez le bon code APE rapidement pour pouvoir exercer votre activit\u00e9.<\/p>\n<p style=\"text-align: justify;\"><strong>=&gt;&gt;&gt;<\/strong> Exercez votre activit\u00e9 dans les meilleurs d\u00e9lais.<\/p>\n<p style=\"text-align: justify;\"><strong>=&gt;&gt;&gt;<\/strong> Soyez s\u00fbr de pouvoir pr\u00e9senter votre activit\u00e9 aupr\u00e8s des entreprises de transport dans les r\u00e8gles.<\/p>\n<p style=\"text-align: justify;\"><strong>=&gt;&gt;&gt;<\/strong> Soyez en mesure de justifier de votre activit\u00e9 aupr\u00e8s des organismes de contr\u00f4le : Dreal, URSSAF, inspection du travail\u2026<\/p>\n<p><strong>Cliquez sur le bouton ci-dessous pour vous inscrire<\/strong><\/p>\n<p>&nbsp;<\/p>\n","protected":false},"featured_media":4063,"comment_status":"open","ping_status":"closed","template":"","meta":{"_exactmetrics_skip_tracking":false,"_exactmetrics_sitenote_active":false,"_exactmetrics_sitenote_note":"","_exactmetrics_sitenote_category":0},"product_brand":[],"product_cat":[1827],"product_tag":[1828],"class_list":{"0":"post-4820","1":"product","2":"type-product","3":"status-publish","4":"has-post-thumbnail","6":"product_cat-assistance","7":"product_tag-assistance","9":"first","10":"instock","11":"purchasable","12":"product-type-simple"},"yoast_head":"<!-- This site is optimized with the Yoast SEO Premium plugin v27.4 (Yoast SEO v27.4) - https:\/\/yoast.com\/product\/yoast-seo-premium-wordpress\/ -->\n<title>Enregistrez-vous chauffeur ind\u00e9pendant sans erreur !<\/title>\n<meta name=\"robots\" content=\"index, follow, max-snippet:-1, max-image-preview:large, max-video-preview:-1\" \/>\n<link rel=\"canonical\" href=\"https:\/\/www.lecomte-consultant.com\/attestataire-capacite\/documents-transports\/enregistrez-vous-chauffeur-independant-sans-erreur\/\" \/>\n<meta property=\"og:locale\" content=\"fr_FR\" \/>\n<meta property=\"og:type\" content=\"article\" \/>\n<meta property=\"og:title\" content=\"Accompagnement Enregistrement Chauffeur ou Prestataire sans erreur!\" \/>\n<meta property=\"og:description\" content=\"Enregistrez-vous chauffeur ind\u00e9pendant ou prestataire sans erreur ! =&gt;&gt;&gt; Obtenez le bon code APE rapidement pour pouvoir exercer votre activit\u00e9. =&gt;&gt;&gt; Exercez votre activit\u00e9 dans les meilleurs d\u00e9lais. =&gt;&gt;&gt; Soyez s\u00fbr de pouvoir pr\u00e9senter votre activit\u00e9 aupr\u00e8s des entreprises de transport dans les r\u00e8gles. =&gt;&gt;&gt; Soyez en mesure de justifier de votre activit\u00e9 aupr\u00e8s des organismes de contr\u00f4le : Dreal, URSSAF, inspection du travail\u2026 Cliquez sur le bouton ci-dessous pour vous inscrire  &nbsp;\" \/>\n<meta property=\"og:url\" content=\"https:\/\/www.lecomte-consultant.com\/attestataire-capacite\/documents-transports\/enregistrez-vous-chauffeur-independant-sans-erreur\/\" \/>\n<meta property=\"og:site_name\" content=\"Lecomte Consultant Attestataire Capacit\u00e9\" \/>\n<meta property=\"article:publisher\" content=\"https:\/\/www.facebook.com\/attestatairecapacite\" \/>\n<meta property=\"article:modified_time\" content=\"2026-01-03T21:44:09+00:00\" \/>\n<meta property=\"og:image\" content=\"https:\/\/www.lecomte-consultant.com\/attestataire-capacite\/wp-content\/uploads\/2020\/06\/john-schnobrich-FlPc9_VocJ4-unsplash-scaled.jpg\" \/>\n\t<meta property=\"og:image:width\" content=\"2560\" \/>\n\t<meta property=\"og:image:height\" content=\"1707\" \/>\n\t<meta property=\"og:image:type\" content=\"image\/jpeg\" \/>\n<meta name=\"twitter:card\" content=\"summary_large_image\" \/>\n<meta name=\"twitter:site\" content=\"@Attestcapa\" \/>\n<meta name=\"twitter:label1\" content=\"Prix\" \/>\n\t<meta name=\"twitter:data1\" content=\"&euro;197,00\" \/>\n\t<meta name=\"twitter:label2\" content=\"Disponibilit\u00e9\" \/>\n\t<meta name=\"twitter:data2\" content=\"En stock\" \/>\n<script type=\"application\/ld+json\" class=\"yoast-schema-graph\">{\"@context\":\"https:\\\/\\\/schema.org\",\"@graph\":[{\"@type\":\"WebPage\",\"@id\":\"https:\\\/\\\/www.lecomte-consultant.com\\\/attestataire-capacite\\\/documents-transports\\\/enregistrez-vous-chauffeur-independant-sans-erreur\\\/\",\"url\":\"https:\\\/\\\/www.lecomte-consultant.com\\\/attestataire-capacite\\\/documents-transports\\\/enregistrez-vous-chauffeur-independant-sans-erreur\\\/\",\"name\":\"Enregistrez-vous chauffeur ind\u00e9pendant sans erreur !\",\"isPartOf\":{\"@id\":\"http:\\\/\\\/www.lecomte-consultant.com\\\/attestataire-capacite\\\/#website\"},\"primaryImageOfPage\":{\"@id\":\"https:\\\/\\\/www.lecomte-consultant.com\\\/attestataire-capacite\\\/documents-transports\\\/enregistrez-vous-chauffeur-independant-sans-erreur\\\/#primaryimage\"},\"image\":{\"@id\":\"https:\\\/\\\/www.lecomte-consultant.com\\\/attestataire-capacite\\\/documents-transports\\\/enregistrez-vous-chauffeur-independant-sans-erreur\\\/#primaryimage\"},\"thumbnailUrl\":\"https:\\\/\\\/i0.wp.com\\\/www.lecomte-consultant.com\\\/attestataire-capacite\\\/wp-content\\\/uploads\\\/2020\\\/06\\\/john-schnobrich-FlPc9_VocJ4-unsplash-scaled.jpg?fit=2560%2C1707&ssl=1\",\"datePublished\":\"2021-05-27T16:07:21+00:00\",\"dateModified\":\"2026-01-03T21:44:09+00:00\",\"breadcrumb\":{\"@id\":\"https:\\\/\\\/www.lecomte-consultant.com\\\/attestataire-capacite\\\/documents-transports\\\/enregistrez-vous-chauffeur-independant-sans-erreur\\\/#breadcrumb\"},\"inLanguage\":\"fr-FR\",\"potentialAction\":[{\"@type\":\"ReadAction\",\"target\":[\"https:\\\/\\\/www.lecomte-consultant.com\\\/attestataire-capacite\\\/documents-transports\\\/enregistrez-vous-chauffeur-independant-sans-erreur\\\/\"]}]},{\"@type\":\"ImageObject\",\"inLanguage\":\"fr-FR\",\"@id\":\"https:\\\/\\\/www.lecomte-consultant.com\\\/attestataire-capacite\\\/documents-transports\\\/enregistrez-vous-chauffeur-independant-sans-erreur\\\/#primaryimage\",\"url\":\"https:\\\/\\\/i0.wp.com\\\/www.lecomte-consultant.com\\\/attestataire-capacite\\\/wp-content\\\/uploads\\\/2020\\\/06\\\/john-schnobrich-FlPc9_VocJ4-unsplash-scaled.jpg?fit=2560%2C1707&ssl=1\",\"contentUrl\":\"https:\\\/\\\/i0.wp.com\\\/www.lecomte-consultant.com\\\/attestataire-capacite\\\/wp-content\\\/uploads\\\/2020\\\/06\\\/john-schnobrich-FlPc9_VocJ4-unsplash-scaled.jpg?fit=2560%2C1707&ssl=1\",\"width\":2560,\"height\":1707,\"caption\":\"Inscription DRIEAT\"},{\"@type\":\"BreadcrumbList\",\"@id\":\"https:\\\/\\\/www.lecomte-consultant.com\\\/attestataire-capacite\\\/documents-transports\\\/enregistrez-vous-chauffeur-independant-sans-erreur\\\/#breadcrumb\",\"itemListElement\":[{\"@type\":\"ListItem\",\"position\":1,\"name\":\"Accueil\",\"item\":\"https:\\\/\\\/www.lecomte-consultant.com\\\/attestataire-capacite\\\/\"},{\"@type\":\"ListItem\",\"position\":2,\"name\":\"Documents Transport\",\"item\":\"https:\\\/\\\/www.lecomte-consultant.com\\\/attestataire-capacite\\\/documents-transports\\\/\"},{\"@type\":\"ListItem\",\"position\":3,\"name\":\"Accompagnement Enregistrement Chauffeur ou Prestataire sans erreur!\"}]},{\"@type\":\"WebSite\",\"@id\":\"http:\\\/\\\/www.lecomte-consultant.com\\\/attestataire-capacite\\\/#website\",\"url\":\"http:\\\/\\\/www.lecomte-consultant.com\\\/attestataire-capacite\\\/\",\"name\":\"Lecomte Consultant Attestataire Capacit\u00e9\",\"description\":\"Assistance : Attestataire Capacit\u00e9 Transport, Entrepreneur Transport\",\"publisher\":{\"@id\":\"http:\\\/\\\/www.lecomte-consultant.com\\\/attestataire-capacite\\\/#organization\"},\"potentialAction\":[{\"@type\":\"SearchAction\",\"target\":{\"@type\":\"EntryPoint\",\"urlTemplate\":\"http:\\\/\\\/www.lecomte-consultant.com\\\/attestataire-capacite\\\/?s={search_term_string}\"},\"query-input\":{\"@type\":\"PropertyValueSpecification\",\"valueRequired\":true,\"valueName\":\"search_term_string\"}}],\"inLanguage\":\"fr-FR\"},{\"@type\":\"Organization\",\"@id\":\"http:\\\/\\\/www.lecomte-consultant.com\\\/attestataire-capacite\\\/#organization\",\"name\":\"LECOMTE SARL\",\"url\":\"http:\\\/\\\/www.lecomte-consultant.com\\\/attestataire-capacite\\\/\",\"logo\":{\"@type\":\"ImageObject\",\"inLanguage\":\"fr-FR\",\"@id\":\"http:\\\/\\\/www.lecomte-consultant.com\\\/attestataire-capacite\\\/#\\\/schema\\\/logo\\\/image\\\/\",\"url\":\"http:\\\/\\\/www.lecomte-consultant.com\\\/attestataire-capacite\\\/wp-content\\\/uploads\\\/2021\\\/07\\\/Logo-JL-M-Coaching-fond-blanc.png\",\"contentUrl\":\"http:\\\/\\\/www.lecomte-consultant.com\\\/attestataire-capacite\\\/wp-content\\\/uploads\\\/2021\\\/07\\\/Logo-JL-M-Coaching-fond-blanc.png\",\"width\":2560,\"height\":2560,\"caption\":\"LECOMTE SARL\"},\"image\":{\"@id\":\"http:\\\/\\\/www.lecomte-consultant.com\\\/attestataire-capacite\\\/#\\\/schema\\\/logo\\\/image\\\/\"},\"sameAs\":[\"https:\\\/\\\/www.facebook.com\\\/attestatairecapacite\",\"https:\\\/\\\/x.com\\\/Attestcapa\",\"https:\\\/\\\/instagram.com\\\/attestatairecapacite\\\/\",\"http:\\\/\\\/www.linkedin.com\\\/in\\\/jeanjosephlecomte\",\"https:\\\/\\\/www.youtube.com\\\/channel\\\/UC-Gh0g6HbnYFaWf5NY8VjOw\",\"https:\\\/\\\/www.youtube.com\\\/c\\\/JeanJosephLECOMTEcoachconsultant\",\"https:\\\/\\\/www.facebook.com\\\/jeanjosephlecomte\",\"https:\\\/\\\/twitter.com\\\/jeanjolecomte\",\"https:\\\/\\\/www.instagram.com\\\/lecomtejeanjoseph\\\/\",\"https:\\\/\\\/www.instagram.com\\\/jeanjosephlecomte\\\/\"]}]}<\/script>\n<meta property=\"product:brand\" content=\"Assistance\" \/>\n<meta property=\"product:price:amount\" content=\"197.00\" \/>\n<meta property=\"product:price:currency\" content=\"EUR\" \/>\n<meta property=\"og:availability\" content=\"instock\" \/>\n<meta property=\"product:availability\" content=\"instock\" \/>\n<meta property=\"product:condition\" content=\"new\" \/>\n<!-- \/ Yoast SEO Premium plugin. -->","yoast_head_json":{"title":"Enregistrez-vous chauffeur ind\u00e9pendant sans erreur !","robots":{"index":"index","follow":"follow","max-snippet":"max-snippet:-1","max-image-preview":"max-image-preview:large","max-video-preview":"max-video-preview:-1"},"canonical":"https:\/\/www.lecomte-consultant.com\/attestataire-capacite\/documents-transports\/enregistrez-vous-chauffeur-independant-sans-erreur\/","og_locale":"fr_FR","og_type":"article","og_title":"Accompagnement Enregistrement Chauffeur ou Prestataire sans erreur!","og_description":"Enregistrez-vous chauffeur ind\u00e9pendant ou prestataire sans erreur ! =&gt;&gt;&gt; Obtenez le bon code APE rapidement pour pouvoir exercer votre activit\u00e9. =&gt;&gt;&gt; Exercez votre activit\u00e9 dans les meilleurs d\u00e9lais. =&gt;&gt;&gt; Soyez s\u00fbr de pouvoir pr\u00e9senter votre activit\u00e9 aupr\u00e8s des entreprises de transport dans les r\u00e8gles. =&gt;&gt;&gt; Soyez en mesure de justifier de votre activit\u00e9 aupr\u00e8s des organismes de contr\u00f4le : Dreal, URSSAF, inspection du travail\u2026 Cliquez sur le bouton ci-dessous pour vous inscrire  &nbsp;","og_url":"https:\/\/www.lecomte-consultant.com\/attestataire-capacite\/documents-transports\/enregistrez-vous-chauffeur-independant-sans-erreur\/","og_site_name":"Lecomte Consultant Attestataire Capacit\u00e9","article_publisher":"https:\/\/www.facebook.com\/attestatairecapacite","article_modified_time":"2026-01-03T21:44:09+00:00","og_image":[{"width":2560,"height":1707,"url":"https:\/\/www.lecomte-consultant.com\/attestataire-capacite\/wp-content\/uploads\/2020\/06\/john-schnobrich-FlPc9_VocJ4-unsplash-scaled.jpg","type":"image\/jpeg"}],"twitter_card":"summary_large_image","twitter_site":"@Attestcapa","twitter_misc":{"Prix":"&euro;197,00","Disponibilit\u00e9":"En stock"},"schema":{"@context":"https:\/\/schema.org","@graph":[{"@type":"WebPage","@id":"https:\/\/www.lecomte-consultant.com\/attestataire-capacite\/documents-transports\/enregistrez-vous-chauffeur-independant-sans-erreur\/","url":"https:\/\/www.lecomte-consultant.com\/attestataire-capacite\/documents-transports\/enregistrez-vous-chauffeur-independant-sans-erreur\/","name":"Enregistrez-vous chauffeur ind\u00e9pendant sans erreur !","isPartOf":{"@id":"http:\/\/www.lecomte-consultant.com\/attestataire-capacite\/#website"},"primaryImageOfPage":{"@id":"https:\/\/www.lecomte-consultant.com\/attestataire-capacite\/documents-transports\/enregistrez-vous-chauffeur-independant-sans-erreur\/#primaryimage"},"image":{"@id":"https:\/\/www.lecomte-consultant.com\/attestataire-capacite\/documents-transports\/enregistrez-vous-chauffeur-independant-sans-erreur\/#primaryimage"},"thumbnailUrl":"https:\/\/i0.wp.com\/www.lecomte-consultant.com\/attestataire-capacite\/wp-content\/uploads\/2020\/06\/john-schnobrich-FlPc9_VocJ4-unsplash-scaled.jpg?fit=2560%2C1707&ssl=1","datePublished":"2021-05-27T16:07:21+00:00","dateModified":"2026-01-03T21:44:09+00:00","breadcrumb":{"@id":"https:\/\/www.lecomte-consultant.com\/attestataire-capacite\/documents-transports\/enregistrez-vous-chauffeur-independant-sans-erreur\/#breadcrumb"},"inLanguage":"fr-FR","potentialAction":[{"@type":"ReadAction","target":["https:\/\/www.lecomte-consultant.com\/attestataire-capacite\/documents-transports\/enregistrez-vous-chauffeur-independant-sans-erreur\/"]}]},{"@type":"ImageObject","inLanguage":"fr-FR","@id":"https:\/\/www.lecomte-consultant.com\/attestataire-capacite\/documents-transports\/enregistrez-vous-chauffeur-independant-sans-erreur\/#primaryimage","url":"https:\/\/i0.wp.com\/www.lecomte-consultant.com\/attestataire-capacite\/wp-content\/uploads\/2020\/06\/john-schnobrich-FlPc9_VocJ4-unsplash-scaled.jpg?fit=2560%2C1707&ssl=1","contentUrl":"https:\/\/i0.wp.com\/www.lecomte-consultant.com\/attestataire-capacite\/wp-content\/uploads\/2020\/06\/john-schnobrich-FlPc9_VocJ4-unsplash-scaled.jpg?fit=2560%2C1707&ssl=1","width":2560,"height":1707,"caption":"Inscription DRIEAT"},{"@type":"BreadcrumbList","@id":"https:\/\/www.lecomte-consultant.com\/attestataire-capacite\/documents-transports\/enregistrez-vous-chauffeur-independant-sans-erreur\/#breadcrumb","itemListElement":[{"@type":"ListItem","position":1,"name":"Accueil","item":"https:\/\/www.lecomte-consultant.com\/attestataire-capacite\/"},{"@type":"ListItem","position":2,"name":"Documents Transport","item":"https:\/\/www.lecomte-consultant.com\/attestataire-capacite\/documents-transports\/"},{"@type":"ListItem","position":3,"name":"Accompagnement Enregistrement Chauffeur ou Prestataire sans erreur!"}]},{"@type":"WebSite","@id":"http:\/\/www.lecomte-consultant.com\/attestataire-capacite\/#website","url":"http:\/\/www.lecomte-consultant.com\/attestataire-capacite\/","name":"Lecomte Consultant Attestataire Capacit\u00e9","description":"Assistance : Attestataire Capacit\u00e9 Transport, Entrepreneur Transport","publisher":{"@id":"http:\/\/www.lecomte-consultant.com\/attestataire-capacite\/#organization"},"potentialAction":[{"@type":"SearchAction","target":{"@type":"EntryPoint","urlTemplate":"http:\/\/www.lecomte-consultant.com\/attestataire-capacite\/?s={search_term_string}"},"query-input":{"@type":"PropertyValueSpecification","valueRequired":true,"valueName":"search_term_string"}}],"inLanguage":"fr-FR"},{"@type":"Organization","@id":"http:\/\/www.lecomte-consultant.com\/attestataire-capacite\/#organization","name":"LECOMTE SARL","url":"http:\/\/www.lecomte-consultant.com\/attestataire-capacite\/","logo":{"@type":"ImageObject","inLanguage":"fr-FR","@id":"http:\/\/www.lecomte-consultant.com\/attestataire-capacite\/#\/schema\/logo\/image\/","url":"http:\/\/www.lecomte-consultant.com\/attestataire-capacite\/wp-content\/uploads\/2021\/07\/Logo-JL-M-Coaching-fond-blanc.png","contentUrl":"http:\/\/www.lecomte-consultant.com\/attestataire-capacite\/wp-content\/uploads\/2021\/07\/Logo-JL-M-Coaching-fond-blanc.png","width":2560,"height":2560,"caption":"LECOMTE SARL"},"image":{"@id":"http:\/\/www.lecomte-consultant.com\/attestataire-capacite\/#\/schema\/logo\/image\/"},"sameAs":["https:\/\/www.facebook.com\/attestatairecapacite","https:\/\/x.com\/Attestcapa","https:\/\/instagram.com\/attestatairecapacite\/","http:\/\/www.linkedin.com\/in\/jeanjosephlecomte","https:\/\/www.youtube.com\/channel\/UC-Gh0g6HbnYFaWf5NY8VjOw","https:\/\/www.youtube.com\/c\/JeanJosephLECOMTEcoachconsultant","https:\/\/www.facebook.com\/jeanjosephlecomte","https:\/\/twitter.com\/jeanjolecomte","https:\/\/www.instagram.com\/lecomtejeanjoseph\/","https:\/\/www.instagram.com\/jeanjosephlecomte\/"]}]},"product_brand":"Assistance","product_price_amount":"197.00","product_price_currency":"EUR","og_availability":"instock","product_availability":"instock","product_condition":"new"},"jetpack_sharing_enabled":true,"_links":{"self":[{"href":"https:\/\/www.lecomte-consultant.com\/attestataire-capacite\/wp-json\/wp\/v2\/product\/4820","targetHints":{"allow":["GET"]}}],"collection":[{"href":"https:\/\/www.lecomte-consultant.com\/attestataire-capacite\/wp-json\/wp\/v2\/product"}],"about":[{"href":"https:\/\/www.lecomte-consultant.com\/attestataire-capacite\/wp-json\/wp\/v2\/types\/product"}],"replies":[{"embeddable":true,"href":"https:\/\/www.lecomte-consultant.com\/attestataire-capacite\/wp-json\/wp\/v2\/comments?post=4820"}],"wp:featuredmedia":[{"embeddable":true,"href":"https:\/\/www.lecomte-consultant.com\/attestataire-capacite\/wp-json\/wp\/v2\/media\/4063"}],"wp:attachment":[{"href":"https:\/\/www.lecomte-consultant.com\/attestataire-capacite\/wp-json\/wp\/v2\/media?parent=4820"}],"wp:term":[{"taxonomy":"product_brand","embeddable":true,"href":"https:\/\/www.lecomte-consultant.com\/attestataire-capacite\/wp-json\/wp\/v2\/product_brand?post=4820"},{"taxonomy":"product_cat","embeddable":true,"href":"https:\/\/www.lecomte-consultant.com\/attestataire-capacite\/wp-json\/wp\/v2\/product_cat?post=4820"},{"taxonomy":"product_tag","embeddable":true,"href":"https:\/\/www.lecomte-consultant.com\/attestataire-capacite\/wp-json\/wp\/v2\/product_tag?post=4820"}],"curies":[{"name":"wp","href":"https:\/\/api.w.org\/{rel}","templated":true}]}}