{"id":4365,"date":"2020-10-17T16:45:27","date_gmt":"2020-10-17T15:45:27","guid":{"rendered":"https:\/\/www.lecomte-consultant.com\/attestataire-capacite\/?post_type=product&#038;p=4365"},"modified":"2026-02-05T11:41:48","modified_gmt":"2026-02-05T10:41:48","slug":"mettre-a-disposition-attestation-capacite","status":"publish","type":"product","link":"https:\/\/www.lecomte-consultant.com\/attestataire-capacite\/documents-transports\/mettre-a-disposition-attestation-capacite\/","title":{"rendered":"Mettez \u00e0 disposition votre attestation de capacit\u00e9 : Guide Pratique"},"content":{"rendered":"<h1 style=\"text-align: center;\"><strong>Mettez \u00e0 DISPOSITION votre ATTESTATION DE CAPACITE TRANSPORT<\/strong><\/h1>\n<p style=\"text-align: justify;\"><strong>Comment vous y prendre pour Mettre \u00e0 disposition son Attestation de Capacit\u00e9 transport<\/strong> pour une entreprise avec prestations de services effectives ?<br \/>\nCe guide passe en revue les diff\u00e9rentes possibilit\u00e9s d\u2019exercice et les pr\u00e9cautions indispensables pour exercer votre activit\u00e9 avec s\u00e9r\u00e9nit\u00e9.<\/p>\n<p style=\"text-align: justify;\">Guide pratique mis \u00e0 jour, Version 2026 : le 02\/02\/2026<\/p>\n<p style=\"text-align: justify;\"><strong>&#x1f4da; Rappel des principaux sujets :<\/strong><\/p>\n<ul>\n<li>Conditions requises<\/li>\n<li>Statut du gestionnaire transport<\/li>\n<li>Diverses modalit\u00e9s<\/li>\n<li>Relations contractuelles<\/li>\n<li>Formalit\u00e9s<\/li>\n<li>Obtention du bon code APE<\/li>\n<li>Protection personnelle et biens propres<\/li>\n<li>D\u00e9marrage en entreprise<\/li>\n<li>Liens utiles<\/li>\n<\/ul>\n<p style=\"text-align: justify;\"><strong>&#x26a0;&#xfe0f; Vous ne devez pas passer \u00e0 c\u00f4t\u00e9 de pr\u00e9cautions indispensables pour vous s\u00e9curiser tant \u00e0 titre personnel que pour vos biens propres.<\/strong><\/p>\n<p>&nbsp;<\/p>\n<h3>&#x1f381;\u00a0CADEAU SUPLEMENTAIRE OFFERT<\/h3>\n<h4>Actions \u00e0 mener en Entreprise en tant que Gestionnaire Transport<br \/>\nQui va traiter de :<\/h4>\n<p>1) La conformit\u00e9 de l\u2019entreprise<br \/>\n2) Le personnel<br \/>\n3) les conducteurs<br \/>\n4) Les v\u00e9hicules, gestion et entretien<br \/>\n5) Les contrats et documents de transport<br \/>\n6) La comptabilit\u00e9 de base<br \/>\n7) Les chargements et services<br \/>\n8) La s\u00e9curit\u00e9<\/p>\n<h4><strong>D\u00e9lai de livraison des produits imm\u00e9diat<\/strong><\/h4>\n<p style=\"text-align: justify;\"><b>Vous obtenez ces documents par les liens de t\u00e9l\u00e9chargement suite \u00e0 votre r\u00e8glement<\/b>.<br \/>\nSi exceptionnellement cela ne fonctionnait pas, adressez moi un courriel.<\/p>\n<p><strong>NB : Pour toute question <\/strong><a href=\"mailto:info@lecomte-consultant.com\">info@lecomte-consultant.com<\/a><br \/>\nR\u00e9ponse g\u00e9n\u00e9ralement sous 12 \u00e0 24 heures.<\/p>\n<h4><strong> &#x1f449; Cliquez sur le <span style=\"text-decoration: underline;\">bouton Ajouter au Panier<\/span> en vert et en haut de la page ^^^\u00a0<\/strong><\/h4>\n","protected":false},"excerpt":{"rendered":"<p class=\"ai-optimize-42\" style=\"text-align: justify;\"><strong>Comment mettre \u00e0 disposition son Attestation de Capacit\u00e9 transport<\/strong> pour une entreprise de transport ? Vous avez besoin d&rsquo;informations essentielles pour cette activit\u00e9 tr\u00e8s particuli\u00e8re.<\/p>\n<p class=\"ai-optimize-43\" style=\"text-align: justify;\">Ce guide va vous fournir les d\u00e9tails ainsi que toutes les explications compl\u00e9mentaires utiles \u00e0 votre d\u00e9marche.<\/p>\n<p class=\"ai-optimize-44\">Vous allez y trouver :<\/p>\n<ul>\n<li class=\"ai-optimize-45\">Conditions requises<\/li>\n<li class=\"ai-optimize-46\">Statut du gestionnaire transport<\/li>\n<li class=\"ai-optimize-47\">Diverses modalit\u00e9s<\/li>\n<li class=\"ai-optimize-48\">Relations contractuelles<\/li>\n<li class=\"ai-optimize-49\">Formalit\u00e9s<\/li>\n<li class=\"ai-optimize-50\">Obtention du bon code APE<\/li>\n<li class=\"ai-optimize-51\">Protection personnelle et biens propres<\/li>\n<li class=\"ai-optimize-52\">D\u00e9marrage en entreprise<\/li>\n<li class=\"ai-optimize-53\">Liens utiles<\/li>\n<\/ul>\n<p class=\"ai-optimize-54\"><strong>&#x1f449; Commandez-le en l&rsquo;ajoutant au panier<\/strong><\/p>\n","protected":false},"featured_media":4369,"comment_status":"open","ping_status":"closed","template":"","meta":{"_exactmetrics_skip_tracking":false,"_exactmetrics_sitenote_active":false,"_exactmetrics_sitenote_note":"","_exactmetrics_sitenote_category":0},"product_brand":[],"product_cat":[1927,1936,1824],"product_tag":[1943,1937,1944,1945],"class_list":{"0":"post-4365","1":"product","2":"type-product","3":"status-publish","4":"has-post-thumbnail","6":"product_cat-gestionnaire-transport","7":"product_cat-gestionnaire-transport-externe","8":"product_cat-guides-et-e-books","9":"product_tag-attestation-capacite-transport","10":"product_tag-gestionnaire-transport","11":"product_tag-guide-mise-a-disposition-attestation-capacite","12":"product_tag-louer-capacite-transport","14":"first","15":"instock","16":"downloadable","17":"virtual","18":"purchasable","19":"product-type-simple"},"yoast_head":"<!-- This site is optimized with the Yoast SEO Premium plugin v27.4 (Yoast SEO v27.4) - https:\/\/yoast.com\/product\/yoast-seo-premium-wordpress\/ -->\n<title>Mettre \u00e0 disposition l&#039;attestation de capacit\u00e9<\/title>\n<meta name=\"description\" content=\"Guide de mise \u00e0 disposition de son attestataion de capacit\u00e9 transport, formalit\u00e9s, cadre l\u00e9gal et conditions d&#039;exercice, statuts possibles\" \/>\n<meta name=\"robots\" content=\"index, follow, max-snippet:-1, max-image-preview:large, max-video-preview:-1\" \/>\n<link rel=\"canonical\" href=\"https:\/\/www.lecomte-consultant.com\/attestataire-capacite\/documents-transports\/mettre-a-disposition-attestation-capacite\/\" \/>\n<meta property=\"og:locale\" content=\"fr_FR\" \/>\n<meta property=\"og:type\" content=\"article\" \/>\n<meta property=\"og:title\" content=\"Mettez \u00e0 disposition votre attestation de capacit\u00e9 : Guide Pratique\" \/>\n<meta property=\"og:description\" content=\"Guide de mise \u00e0 disposition de son attestataion de capacit\u00e9 transport, formalit\u00e9s, cadre l\u00e9gal et conditions d&#039;exercice, statuts possibles\" \/>\n<meta property=\"og:url\" content=\"https:\/\/www.lecomte-consultant.com\/attestataire-capacite\/documents-transports\/mettre-a-disposition-attestation-capacite\/\" \/>\n<meta property=\"og:site_name\" content=\"Lecomte Consultant Attestataire Capacit\u00e9\" \/>\n<meta property=\"article:publisher\" content=\"https:\/\/www.facebook.com\/attestatairecapacite\" \/>\n<meta property=\"article:modified_time\" content=\"2026-02-05T10:41:48+00:00\" \/>\n<meta property=\"og:image\" content=\"https:\/\/www.lecomte-consultant.com\/attestataire-capacite\/wp-content\/uploads\/2020\/10\/Mettre-a-dispositon-lattestation-de-capacite.jpg\" \/>\n\t<meta property=\"og:image:width\" content=\"1536\" \/>\n\t<meta property=\"og:image:height\" content=\"1536\" \/>\n\t<meta property=\"og:image:type\" content=\"image\/jpeg\" \/>\n<meta name=\"twitter:card\" content=\"summary_large_image\" \/>\n<meta name=\"twitter:site\" content=\"@Attestcapa\" \/>\n<meta name=\"twitter:label1\" content=\"Prix\" \/>\n\t<meta name=\"twitter:data1\" content=\"&euro;47,00\" \/>\n\t<meta name=\"twitter:label2\" content=\"Disponibilit\u00e9\" \/>\n\t<meta name=\"twitter:data2\" content=\"En stock\" \/>\n<script type=\"application\/ld+json\" class=\"yoast-schema-graph\">{\"@context\":\"https:\\\/\\\/schema.org\",\"@graph\":[{\"@type\":\"WebPage\",\"@id\":\"https:\\\/\\\/www.lecomte-consultant.com\\\/attestataire-capacite\\\/documents-transports\\\/mettre-a-disposition-attestation-capacite\\\/\",\"url\":\"https:\\\/\\\/www.lecomte-consultant.com\\\/attestataire-capacite\\\/documents-transports\\\/mettre-a-disposition-attestation-capacite\\\/\",\"name\":\"Mettre \u00e0 disposition l'attestation de capacit\u00e9\",\"isPartOf\":{\"@id\":\"http:\\\/\\\/www.lecomte-consultant.com\\\/attestataire-capacite\\\/#website\"},\"primaryImageOfPage\":{\"@id\":\"https:\\\/\\\/www.lecomte-consultant.com\\\/attestataire-capacite\\\/documents-transports\\\/mettre-a-disposition-attestation-capacite\\\/#primaryimage\"},\"image\":{\"@id\":\"https:\\\/\\\/www.lecomte-consultant.com\\\/attestataire-capacite\\\/documents-transports\\\/mettre-a-disposition-attestation-capacite\\\/#primaryimage\"},\"thumbnailUrl\":\"https:\\\/\\\/i0.wp.com\\\/www.lecomte-consultant.com\\\/attestataire-capacite\\\/wp-content\\\/uploads\\\/2020\\\/10\\\/Mettre-a-dispositon-lattestation-de-capacite.jpg?fit=1536%2C1536&ssl=1\",\"datePublished\":\"2020-10-17T15:45:27+00:00\",\"dateModified\":\"2026-02-05T10:41:48+00:00\",\"description\":\"Guide de mise \u00e0 disposition de son attestataion de capacit\u00e9 transport, formalit\u00e9s, cadre l\u00e9gal et conditions d'exercice, statuts possibles\",\"breadcrumb\":{\"@id\":\"https:\\\/\\\/www.lecomte-consultant.com\\\/attestataire-capacite\\\/documents-transports\\\/mettre-a-disposition-attestation-capacite\\\/#breadcrumb\"},\"inLanguage\":\"fr-FR\",\"potentialAction\":[{\"@type\":\"ReadAction\",\"target\":[\"https:\\\/\\\/www.lecomte-consultant.com\\\/attestataire-capacite\\\/documents-transports\\\/mettre-a-disposition-attestation-capacite\\\/\"]}]},{\"@type\":\"ImageObject\",\"inLanguage\":\"fr-FR\",\"@id\":\"https:\\\/\\\/www.lecomte-consultant.com\\\/attestataire-capacite\\\/documents-transports\\\/mettre-a-disposition-attestation-capacite\\\/#primaryimage\",\"url\":\"https:\\\/\\\/i0.wp.com\\\/www.lecomte-consultant.com\\\/attestataire-capacite\\\/wp-content\\\/uploads\\\/2020\\\/10\\\/Mettre-a-dispositon-lattestation-de-capacite.jpg?fit=1536%2C1536&ssl=1\",\"contentUrl\":\"https:\\\/\\\/i0.wp.com\\\/www.lecomte-consultant.com\\\/attestataire-capacite\\\/wp-content\\\/uploads\\\/2020\\\/10\\\/Mettre-a-dispositon-lattestation-de-capacite.jpg?fit=1536%2C1536&ssl=1\",\"width\":1536,\"height\":1536,\"caption\":\"GUIDE GRATUIT ^^^^\"},{\"@type\":\"BreadcrumbList\",\"@id\":\"https:\\\/\\\/www.lecomte-consultant.com\\\/attestataire-capacite\\\/documents-transports\\\/mettre-a-disposition-attestation-capacite\\\/#breadcrumb\",\"itemListElement\":[{\"@type\":\"ListItem\",\"position\":1,\"name\":\"Accueil\",\"item\":\"https:\\\/\\\/www.lecomte-consultant.com\\\/attestataire-capacite\\\/\"},{\"@type\":\"ListItem\",\"position\":2,\"name\":\"Documents Transport\",\"item\":\"https:\\\/\\\/www.lecomte-consultant.com\\\/attestataire-capacite\\\/documents-transports\\\/\"},{\"@type\":\"ListItem\",\"position\":3,\"name\":\"Mettez \u00e0 disposition votre attestation de capacit\u00e9 : Guide Pratique\"}]},{\"@type\":\"WebSite\",\"@id\":\"http:\\\/\\\/www.lecomte-consultant.com\\\/attestataire-capacite\\\/#website\",\"url\":\"http:\\\/\\\/www.lecomte-consultant.com\\\/attestataire-capacite\\\/\",\"name\":\"Lecomte Consultant Attestataire Capacit\u00e9\",\"description\":\"Assistance : Attestataire Capacit\u00e9 Transport, Entrepreneur Transport\",\"publisher\":{\"@id\":\"http:\\\/\\\/www.lecomte-consultant.com\\\/attestataire-capacite\\\/#organization\"},\"potentialAction\":[{\"@type\":\"SearchAction\",\"target\":{\"@type\":\"EntryPoint\",\"urlTemplate\":\"http:\\\/\\\/www.lecomte-consultant.com\\\/attestataire-capacite\\\/?s={search_term_string}\"},\"query-input\":{\"@type\":\"PropertyValueSpecification\",\"valueRequired\":true,\"valueName\":\"search_term_string\"}}],\"inLanguage\":\"fr-FR\"},{\"@type\":\"Organization\",\"@id\":\"http:\\\/\\\/www.lecomte-consultant.com\\\/attestataire-capacite\\\/#organization\",\"name\":\"LECOMTE SARL\",\"url\":\"http:\\\/\\\/www.lecomte-consultant.com\\\/attestataire-capacite\\\/\",\"logo\":{\"@type\":\"ImageObject\",\"inLanguage\":\"fr-FR\",\"@id\":\"http:\\\/\\\/www.lecomte-consultant.com\\\/attestataire-capacite\\\/#\\\/schema\\\/logo\\\/image\\\/\",\"url\":\"http:\\\/\\\/www.lecomte-consultant.com\\\/attestataire-capacite\\\/wp-content\\\/uploads\\\/2021\\\/07\\\/Logo-JL-M-Coaching-fond-blanc.png\",\"contentUrl\":\"http:\\\/\\\/www.lecomte-consultant.com\\\/attestataire-capacite\\\/wp-content\\\/uploads\\\/2021\\\/07\\\/Logo-JL-M-Coaching-fond-blanc.png\",\"width\":2560,\"height\":2560,\"caption\":\"LECOMTE SARL\"},\"image\":{\"@id\":\"http:\\\/\\\/www.lecomte-consultant.com\\\/attestataire-capacite\\\/#\\\/schema\\\/logo\\\/image\\\/\"},\"sameAs\":[\"https:\\\/\\\/www.facebook.com\\\/attestatairecapacite\",\"https:\\\/\\\/x.com\\\/Attestcapa\",\"https:\\\/\\\/instagram.com\\\/attestatairecapacite\\\/\",\"http:\\\/\\\/www.linkedin.com\\\/in\\\/jeanjosephlecomte\",\"https:\\\/\\\/www.youtube.com\\\/channel\\\/UC-Gh0g6HbnYFaWf5NY8VjOw\",\"https:\\\/\\\/www.youtube.com\\\/c\\\/JeanJosephLECOMTEcoachconsultant\",\"https:\\\/\\\/www.facebook.com\\\/jeanjosephlecomte\",\"https:\\\/\\\/twitter.com\\\/jeanjolecomte\",\"https:\\\/\\\/www.instagram.com\\\/lecomtejeanjoseph\\\/\",\"https:\\\/\\\/www.instagram.com\\\/jeanjosephlecomte\\\/\"]}]}<\/script>\n<meta property=\"product:brand\" content=\"Guides et e-books\" \/>\n<meta property=\"product:price:amount\" content=\"47.00\" \/>\n<meta property=\"product:price:currency\" content=\"EUR\" \/>\n<meta property=\"og:availability\" content=\"instock\" \/>\n<meta property=\"product:availability\" content=\"instock\" \/>\n<meta property=\"product:condition\" content=\"new\" \/>\n<!-- \/ Yoast SEO Premium plugin. -->","yoast_head_json":{"title":"Mettre \u00e0 disposition l'attestation de capacit\u00e9","description":"Guide de mise \u00e0 disposition de son attestataion de capacit\u00e9 transport, formalit\u00e9s, cadre l\u00e9gal et conditions d'exercice, statuts possibles","robots":{"index":"index","follow":"follow","max-snippet":"max-snippet:-1","max-image-preview":"max-image-preview:large","max-video-preview":"max-video-preview:-1"},"canonical":"https:\/\/www.lecomte-consultant.com\/attestataire-capacite\/documents-transports\/mettre-a-disposition-attestation-capacite\/","og_locale":"fr_FR","og_type":"article","og_title":"Mettez \u00e0 disposition votre attestation de capacit\u00e9 : Guide Pratique","og_description":"Guide de mise \u00e0 disposition de son attestataion de capacit\u00e9 transport, formalit\u00e9s, cadre l\u00e9gal et conditions d'exercice, statuts possibles","og_url":"https:\/\/www.lecomte-consultant.com\/attestataire-capacite\/documents-transports\/mettre-a-disposition-attestation-capacite\/","og_site_name":"Lecomte Consultant Attestataire Capacit\u00e9","article_publisher":"https:\/\/www.facebook.com\/attestatairecapacite","article_modified_time":"2026-02-05T10:41:48+00:00","og_image":[{"width":1536,"height":1536,"url":"https:\/\/www.lecomte-consultant.com\/attestataire-capacite\/wp-content\/uploads\/2020\/10\/Mettre-a-dispositon-lattestation-de-capacite.jpg","type":"image\/jpeg"}],"twitter_card":"summary_large_image","twitter_site":"@Attestcapa","twitter_misc":{"Prix":"&euro;47,00","Disponibilit\u00e9":"En stock"},"schema":{"@context":"https:\/\/schema.org","@graph":[{"@type":"WebPage","@id":"https:\/\/www.lecomte-consultant.com\/attestataire-capacite\/documents-transports\/mettre-a-disposition-attestation-capacite\/","url":"https:\/\/www.lecomte-consultant.com\/attestataire-capacite\/documents-transports\/mettre-a-disposition-attestation-capacite\/","name":"Mettre \u00e0 disposition l'attestation de capacit\u00e9","isPartOf":{"@id":"http:\/\/www.lecomte-consultant.com\/attestataire-capacite\/#website"},"primaryImageOfPage":{"@id":"https:\/\/www.lecomte-consultant.com\/attestataire-capacite\/documents-transports\/mettre-a-disposition-attestation-capacite\/#primaryimage"},"image":{"@id":"https:\/\/www.lecomte-consultant.com\/attestataire-capacite\/documents-transports\/mettre-a-disposition-attestation-capacite\/#primaryimage"},"thumbnailUrl":"https:\/\/i0.wp.com\/www.lecomte-consultant.com\/attestataire-capacite\/wp-content\/uploads\/2020\/10\/Mettre-a-dispositon-lattestation-de-capacite.jpg?fit=1536%2C1536&ssl=1","datePublished":"2020-10-17T15:45:27+00:00","dateModified":"2026-02-05T10:41:48+00:00","description":"Guide de mise \u00e0 disposition de son attestataion de capacit\u00e9 transport, formalit\u00e9s, cadre l\u00e9gal et conditions d'exercice, statuts possibles","breadcrumb":{"@id":"https:\/\/www.lecomte-consultant.com\/attestataire-capacite\/documents-transports\/mettre-a-disposition-attestation-capacite\/#breadcrumb"},"inLanguage":"fr-FR","potentialAction":[{"@type":"ReadAction","target":["https:\/\/www.lecomte-consultant.com\/attestataire-capacite\/documents-transports\/mettre-a-disposition-attestation-capacite\/"]}]},{"@type":"ImageObject","inLanguage":"fr-FR","@id":"https:\/\/www.lecomte-consultant.com\/attestataire-capacite\/documents-transports\/mettre-a-disposition-attestation-capacite\/#primaryimage","url":"https:\/\/i0.wp.com\/www.lecomte-consultant.com\/attestataire-capacite\/wp-content\/uploads\/2020\/10\/Mettre-a-dispositon-lattestation-de-capacite.jpg?fit=1536%2C1536&ssl=1","contentUrl":"https:\/\/i0.wp.com\/www.lecomte-consultant.com\/attestataire-capacite\/wp-content\/uploads\/2020\/10\/Mettre-a-dispositon-lattestation-de-capacite.jpg?fit=1536%2C1536&ssl=1","width":1536,"height":1536,"caption":"GUIDE GRATUIT ^^^^"},{"@type":"BreadcrumbList","@id":"https:\/\/www.lecomte-consultant.com\/attestataire-capacite\/documents-transports\/mettre-a-disposition-attestation-capacite\/#breadcrumb","itemListElement":[{"@type":"ListItem","position":1,"name":"Accueil","item":"https:\/\/www.lecomte-consultant.com\/attestataire-capacite\/"},{"@type":"ListItem","position":2,"name":"Documents Transport","item":"https:\/\/www.lecomte-consultant.com\/attestataire-capacite\/documents-transports\/"},{"@type":"ListItem","position":3,"name":"Mettez \u00e0 disposition votre attestation de capacit\u00e9 : Guide Pratique"}]},{"@type":"WebSite","@id":"http:\/\/www.lecomte-consultant.com\/attestataire-capacite\/#website","url":"http:\/\/www.lecomte-consultant.com\/attestataire-capacite\/","name":"Lecomte Consultant Attestataire Capacit\u00e9","description":"Assistance : Attestataire Capacit\u00e9 Transport, Entrepreneur Transport","publisher":{"@id":"http:\/\/www.lecomte-consultant.com\/attestataire-capacite\/#organization"},"potentialAction":[{"@type":"SearchAction","target":{"@type":"EntryPoint","urlTemplate":"http:\/\/www.lecomte-consultant.com\/attestataire-capacite\/?s={search_term_string}"},"query-input":{"@type":"PropertyValueSpecification","valueRequired":true,"valueName":"search_term_string"}}],"inLanguage":"fr-FR"},{"@type":"Organization","@id":"http:\/\/www.lecomte-consultant.com\/attestataire-capacite\/#organization","name":"LECOMTE SARL","url":"http:\/\/www.lecomte-consultant.com\/attestataire-capacite\/","logo":{"@type":"ImageObject","inLanguage":"fr-FR","@id":"http:\/\/www.lecomte-consultant.com\/attestataire-capacite\/#\/schema\/logo\/image\/","url":"http:\/\/www.lecomte-consultant.com\/attestataire-capacite\/wp-content\/uploads\/2021\/07\/Logo-JL-M-Coaching-fond-blanc.png","contentUrl":"http:\/\/www.lecomte-consultant.com\/attestataire-capacite\/wp-content\/uploads\/2021\/07\/Logo-JL-M-Coaching-fond-blanc.png","width":2560,"height":2560,"caption":"LECOMTE SARL"},"image":{"@id":"http:\/\/www.lecomte-consultant.com\/attestataire-capacite\/#\/schema\/logo\/image\/"},"sameAs":["https:\/\/www.facebook.com\/attestatairecapacite","https:\/\/x.com\/Attestcapa","https:\/\/instagram.com\/attestatairecapacite\/","http:\/\/www.linkedin.com\/in\/jeanjosephlecomte","https:\/\/www.youtube.com\/channel\/UC-Gh0g6HbnYFaWf5NY8VjOw","https:\/\/www.youtube.com\/c\/JeanJosephLECOMTEcoachconsultant","https:\/\/www.facebook.com\/jeanjosephlecomte","https:\/\/twitter.com\/jeanjolecomte","https:\/\/www.instagram.com\/lecomtejeanjoseph\/","https:\/\/www.instagram.com\/jeanjosephlecomte\/"]}]},"product_brand":"Guides et e-books","product_price_amount":"47.00","product_price_currency":"EUR","og_availability":"instock","product_availability":"instock","product_condition":"new"},"jetpack_sharing_enabled":false,"_links":{"self":[{"href":"https:\/\/www.lecomte-consultant.com\/attestataire-capacite\/wp-json\/wp\/v2\/product\/4365","targetHints":{"allow":["GET"]}}],"collection":[{"href":"https:\/\/www.lecomte-consultant.com\/attestataire-capacite\/wp-json\/wp\/v2\/product"}],"about":[{"href":"https:\/\/www.lecomte-consultant.com\/attestataire-capacite\/wp-json\/wp\/v2\/types\/product"}],"replies":[{"embeddable":true,"href":"https:\/\/www.lecomte-consultant.com\/attestataire-capacite\/wp-json\/wp\/v2\/comments?post=4365"}],"wp:featuredmedia":[{"embeddable":true,"href":"https:\/\/www.lecomte-consultant.com\/attestataire-capacite\/wp-json\/wp\/v2\/media\/4369"}],"wp:attachment":[{"href":"https:\/\/www.lecomte-consultant.com\/attestataire-capacite\/wp-json\/wp\/v2\/media?parent=4365"}],"wp:term":[{"taxonomy":"product_brand","embeddable":true,"href":"https:\/\/www.lecomte-consultant.com\/attestataire-capacite\/wp-json\/wp\/v2\/product_brand?post=4365"},{"taxonomy":"product_cat","embeddable":true,"href":"https:\/\/www.lecomte-consultant.com\/attestataire-capacite\/wp-json\/wp\/v2\/product_cat?post=4365"},{"taxonomy":"product_tag","embeddable":true,"href":"https:\/\/www.lecomte-consultant.com\/attestataire-capacite\/wp-json\/wp\/v2\/product_tag?post=4365"}],"curies":[{"name":"wp","href":"https:\/\/api.w.org\/{rel}","templated":true}]}}