{"id":4361,"date":"2020-10-17T16:38:24","date_gmt":"2020-10-17T15:38:24","guid":{"rendered":"https:\/\/www.lecomte-consultant.com\/attestataire-capacite\/?post_type=product&#038;p=4361"},"modified":"2026-02-02T12:39:45","modified_gmt":"2026-02-02T11:39:45","slug":"guide-installation-gestionnaire-prestataire-transport","status":"publish","type":"product","link":"https:\/\/www.lecomte-consultant.com\/attestataire-capacite\/documents-transports\/guide-installation-gestionnaire-prestataire-transport\/","title":{"rendered":"Guide d&rsquo;installation du gestionnaire prestataire transport"},"content":{"rendered":"<h1 style=\"text-align: center;\"><strong>Comment s\u2019installer gestionnaire transport prestataire de services ext\u00e9rieurs ?<\/strong><\/h1>\n<p style=\"text-align: justify;\"><strong><br \/>\n<\/strong> &#x1f4dd;\u00a0<strong> Ce guide<\/strong> passe en revue<strong> les diff\u00e9rentes possibilit\u00e9s d&rsquo;exercice et les pr\u00e9cautions indispensables<\/strong> pour exercer votre activit\u00e9 avec s\u00e9r\u00e9nit\u00e9.<\/p>\n<p style=\"text-align: justify;\"><strong>Rappel des principaux sujets:<\/strong><\/p>\n<ul>\n<li>Conditions d\u2019exercice<\/li>\n<li>Diverses formules<\/li>\n<li>Charges<\/li>\n<li>Relations contractuelles<\/li>\n<li>Formalit\u00e9s, modalit\u00e9s d\u2019inscription<\/li>\n<li>Comment obtenir bon code APE<\/li>\n<li>Pr\u00e9cautions, protection personnelle et biens propres<\/li>\n<li>Liens utiles<\/li>\n<\/ul>\n<p><strong>Plus en d\u00e9tails :<\/strong><\/p>\n<ul>\n<li>Validit\u00e9 ou non de votre attestation de capacit\u00e9 et quoi faire si ce n&rsquo;est pas le cas<\/li>\n<li>Que faut-il savoir vous concernant au niveau p\u00e9nal avant de vous engager dans cette voie ?<br \/>\nMise \u00e0 jour du 02\/02\/2026 et liens de pr\u00e9sentation pour aller plus loin<\/li>\n<li>Combien d&rsquo;entreprises et de v\u00e9hicules pouvez-vous prendre en compte ?<\/li>\n<li>Quelle est la bonne rubrique \u00e0 mentionner comme activit\u00e9 lors de votre inscription pour \u00eatre correctement r\u00e9f\u00e9renc\u00e9 ?<\/li>\n<\/ul>\n<p style=\"text-align: justify;\">Vous ne devez pas passer non plus \u00e0 c\u00f4t\u00e9 de pr\u00e9cautions indispensables pour vous s\u00e9curiser tant \u00e0 titre personnel que pour vos biens propres. Que se passerait-il en cas de d\u00e9faillance d&rsquo;un client ? Conseils de protection.<\/p>\n<p><strong>\u00a0&#x1f4dd; Ce guide va vous apporter beaucoup plus qu&rsquo;il ne vous revient.<\/strong><\/p>\n<p><strong> &#x1f449; Commandez le maintenant en cliquant sur le bouton AJOUTER AU PANIER ci-dessus ^^^<\/strong><\/p>\n<h4><strong>D\u00e9lai de livraison du produit<\/strong><\/h4>\n<p style=\"text-align: justify;\"><strong>VOS COMMANDES<\/strong> vont vous \u00eatre <strong>LIVREES<\/strong> automatiquement \u00e0 la suite de votre r\u00e8glement.Vous allez recevoir un e-mail contenant un lien cliquable pour le t\u00e9l\u00e9chargement.<\/p>\n<p><strong>NB : Pour toute question <\/strong><a href=\"mailto:info@lecomte-consultant.com\">info@lecomte-consultant.com<\/a><br \/>\nR\u00e9ponse g\u00e9n\u00e9ralement sous 12 \u00e0 24 heures.<\/p>\n","protected":false},"excerpt":{"rendered":"<p style=\"text-align: justify;\"><strong>Comment s\u2019installer gestionnaire transport prestataire de services ext\u00e9rieurs ?\u00a0<\/strong><br \/>\nVous avez besoin d\u2019informations essentielles pour vous installer en tant que gestionnaire transport prestataire de services ext\u00e9rieurs.<br \/>\nCe guide vous fournira les d\u00e9tails ainsi que toutes les explications compl\u00e9mentaires n\u00e9cessaires \u00e0 votre d\u00e9marche :<\/p>\n<ul>\n<li>Conditions d\u2019exercice<\/li>\n<li>Diverses formules<\/li>\n<li>Charges<\/li>\n<li>Relations contractuelles<\/li>\n<li>Formalit\u00e9s, modalit\u00e9s d\u2019inscription<\/li>\n<li>Comment obtenir bon code APE<\/li>\n<li>Pr\u00e9cautions, protection personnelle et biens propres<\/li>\n<li>Liens utiles<\/li>\n<\/ul>\n<p>&#x1f449; <strong>Commandez le en l&rsquo;ajoutant au panier ci-dessous :\u00a0<\/strong><\/p>\n","protected":false},"featured_media":4364,"comment_status":"open","ping_status":"closed","template":"","meta":{"_exactmetrics_skip_tracking":false,"_exactmetrics_sitenote_active":false,"_exactmetrics_sitenote_note":"","_exactmetrics_sitenote_category":0},"product_brand":[],"product_cat":[1927,1936,1824],"product_tag":[1939,1941,1942,1940],"class_list":{"0":"post-4361","1":"product","2":"type-product","3":"status-publish","4":"has-post-thumbnail","6":"product_cat-gestionnaire-transport","7":"product_cat-gestionnaire-transport-externe","8":"product_cat-guides-et-e-books","9":"product_tag-guide-installation-gestionnaire-transport","10":"product_tag-inscription-gestionnaire-transport","11":"product_tag-inscription-gte","12":"product_tag-installation-gestionnaire-transport","14":"first","15":"instock","16":"downloadable","17":"virtual","18":"purchasable","19":"product-type-simple"},"yoast_head":"<!-- This site is optimized with the Yoast SEO Premium plugin v27.4 (Yoast SEO v27.4) - https:\/\/yoast.com\/product\/yoast-seo-premium-wordpress\/ -->\n<title>Guide d&#039;installation du gestionnaire prestataire transport<\/title>\n<meta name=\"description\" content=\"Guide d&#039;installation du gestionnaire transport prestataire ext\u00e9rieur et r\u00e9ussir les modalit\u00e9s pour vous incrire en conformit\u00e9 avec la DRIEAT, DREAL ou DEAL\" \/>\n<meta name=\"robots\" content=\"index, follow, max-snippet:-1, max-image-preview:large, max-video-preview:-1\" \/>\n<link rel=\"canonical\" href=\"https:\/\/www.lecomte-consultant.com\/attestataire-capacite\/documents-transports\/guide-installation-gestionnaire-prestataire-transport\/\" \/>\n<meta property=\"og:locale\" content=\"fr_FR\" \/>\n<meta property=\"og:type\" content=\"article\" \/>\n<meta property=\"og:title\" content=\"Guide d&#039;installation du gestionnaire prestataire transport\" \/>\n<meta property=\"og:description\" content=\"Guide d&#039;installation du gestionnaire transport prestataire ext\u00e9rieur et r\u00e9ussir les modalit\u00e9s pour vous incrire en conformit\u00e9 avec la DRIEAT, DREAL ou DEAL\" \/>\n<meta property=\"og:url\" content=\"https:\/\/www.lecomte-consultant.com\/attestataire-capacite\/documents-transports\/guide-installation-gestionnaire-prestataire-transport\/\" \/>\n<meta property=\"og:site_name\" content=\"Lecomte Consultant Attestataire Capacit\u00e9\" \/>\n<meta property=\"article:publisher\" content=\"https:\/\/www.facebook.com\/attestatairecapacite\" \/>\n<meta property=\"article:modified_time\" content=\"2026-02-02T11:39:45+00:00\" \/>\n<meta property=\"og:image\" content=\"https:\/\/www.lecomte-consultant.com\/attestataire-capacite\/wp-content\/uploads\/2020\/10\/Guide-dinstallation-du-gestionnaire-prestataire-transport.jpg\" \/>\n\t<meta property=\"og:image:width\" content=\"1536\" \/>\n\t<meta property=\"og:image:height\" content=\"1536\" \/>\n\t<meta property=\"og:image:type\" content=\"image\/jpeg\" \/>\n<meta name=\"twitter:card\" content=\"summary_large_image\" \/>\n<meta name=\"twitter:site\" content=\"@Attestcapa\" \/>\n<meta name=\"twitter:label1\" content=\"Prix\" \/>\n\t<meta name=\"twitter:data1\" content=\"&euro;47,00\" \/>\n\t<meta name=\"twitter:label2\" content=\"Disponibilit\u00e9\" \/>\n\t<meta name=\"twitter:data2\" content=\"En stock\" \/>\n<script type=\"application\/ld+json\" class=\"yoast-schema-graph\">{\"@context\":\"https:\\\/\\\/schema.org\",\"@graph\":[{\"@type\":\"WebPage\",\"@id\":\"https:\\\/\\\/www.lecomte-consultant.com\\\/attestataire-capacite\\\/documents-transports\\\/guide-installation-gestionnaire-prestataire-transport\\\/\",\"url\":\"https:\\\/\\\/www.lecomte-consultant.com\\\/attestataire-capacite\\\/documents-transports\\\/guide-installation-gestionnaire-prestataire-transport\\\/\",\"name\":\"Guide d'installation du gestionnaire prestataire transport\",\"isPartOf\":{\"@id\":\"http:\\\/\\\/www.lecomte-consultant.com\\\/attestataire-capacite\\\/#website\"},\"primaryImageOfPage\":{\"@id\":\"https:\\\/\\\/www.lecomte-consultant.com\\\/attestataire-capacite\\\/documents-transports\\\/guide-installation-gestionnaire-prestataire-transport\\\/#primaryimage\"},\"image\":{\"@id\":\"https:\\\/\\\/www.lecomte-consultant.com\\\/attestataire-capacite\\\/documents-transports\\\/guide-installation-gestionnaire-prestataire-transport\\\/#primaryimage\"},\"thumbnailUrl\":\"https:\\\/\\\/i0.wp.com\\\/www.lecomte-consultant.com\\\/attestataire-capacite\\\/wp-content\\\/uploads\\\/2020\\\/10\\\/Guide-dinstallation-du-gestionnaire-prestataire-transport.jpg?fit=1536%2C1536&ssl=1\",\"datePublished\":\"2020-10-17T15:38:24+00:00\",\"dateModified\":\"2026-02-02T11:39:45+00:00\",\"description\":\"Guide d'installation du gestionnaire transport prestataire ext\u00e9rieur et r\u00e9ussir les modalit\u00e9s pour vous incrire en conformit\u00e9 avec la DRIEAT, DREAL ou DEAL\",\"breadcrumb\":{\"@id\":\"https:\\\/\\\/www.lecomte-consultant.com\\\/attestataire-capacite\\\/documents-transports\\\/guide-installation-gestionnaire-prestataire-transport\\\/#breadcrumb\"},\"inLanguage\":\"fr-FR\",\"potentialAction\":[{\"@type\":\"ReadAction\",\"target\":[\"https:\\\/\\\/www.lecomte-consultant.com\\\/attestataire-capacite\\\/documents-transports\\\/guide-installation-gestionnaire-prestataire-transport\\\/\"]}]},{\"@type\":\"ImageObject\",\"inLanguage\":\"fr-FR\",\"@id\":\"https:\\\/\\\/www.lecomte-consultant.com\\\/attestataire-capacite\\\/documents-transports\\\/guide-installation-gestionnaire-prestataire-transport\\\/#primaryimage\",\"url\":\"https:\\\/\\\/i0.wp.com\\\/www.lecomte-consultant.com\\\/attestataire-capacite\\\/wp-content\\\/uploads\\\/2020\\\/10\\\/Guide-dinstallation-du-gestionnaire-prestataire-transport.jpg?fit=1536%2C1536&ssl=1\",\"contentUrl\":\"https:\\\/\\\/i0.wp.com\\\/www.lecomte-consultant.com\\\/attestataire-capacite\\\/wp-content\\\/uploads\\\/2020\\\/10\\\/Guide-dinstallation-du-gestionnaire-prestataire-transport.jpg?fit=1536%2C1536&ssl=1\",\"width\":1536,\"height\":1536,\"caption\":\"Guide d'installation gestionnaire transport\"},{\"@type\":\"BreadcrumbList\",\"@id\":\"https:\\\/\\\/www.lecomte-consultant.com\\\/attestataire-capacite\\\/documents-transports\\\/guide-installation-gestionnaire-prestataire-transport\\\/#breadcrumb\",\"itemListElement\":[{\"@type\":\"ListItem\",\"position\":1,\"name\":\"Accueil\",\"item\":\"https:\\\/\\\/www.lecomte-consultant.com\\\/attestataire-capacite\\\/\"},{\"@type\":\"ListItem\",\"position\":2,\"name\":\"Documents Transport\",\"item\":\"https:\\\/\\\/www.lecomte-consultant.com\\\/attestataire-capacite\\\/documents-transports\\\/\"},{\"@type\":\"ListItem\",\"position\":3,\"name\":\"Guide d&rsquo;installation du gestionnaire prestataire transport\"}]},{\"@type\":\"WebSite\",\"@id\":\"http:\\\/\\\/www.lecomte-consultant.com\\\/attestataire-capacite\\\/#website\",\"url\":\"http:\\\/\\\/www.lecomte-consultant.com\\\/attestataire-capacite\\\/\",\"name\":\"Lecomte Consultant Attestataire Capacit\u00e9\",\"description\":\"Assistance : Attestataire Capacit\u00e9 Transport, Entrepreneur Transport\",\"publisher\":{\"@id\":\"http:\\\/\\\/www.lecomte-consultant.com\\\/attestataire-capacite\\\/#organization\"},\"potentialAction\":[{\"@type\":\"SearchAction\",\"target\":{\"@type\":\"EntryPoint\",\"urlTemplate\":\"http:\\\/\\\/www.lecomte-consultant.com\\\/attestataire-capacite\\\/?s={search_term_string}\"},\"query-input\":{\"@type\":\"PropertyValueSpecification\",\"valueRequired\":true,\"valueName\":\"search_term_string\"}}],\"inLanguage\":\"fr-FR\"},{\"@type\":\"Organization\",\"@id\":\"http:\\\/\\\/www.lecomte-consultant.com\\\/attestataire-capacite\\\/#organization\",\"name\":\"LECOMTE SARL\",\"url\":\"http:\\\/\\\/www.lecomte-consultant.com\\\/attestataire-capacite\\\/\",\"logo\":{\"@type\":\"ImageObject\",\"inLanguage\":\"fr-FR\",\"@id\":\"http:\\\/\\\/www.lecomte-consultant.com\\\/attestataire-capacite\\\/#\\\/schema\\\/logo\\\/image\\\/\",\"url\":\"http:\\\/\\\/www.lecomte-consultant.com\\\/attestataire-capacite\\\/wp-content\\\/uploads\\\/2021\\\/07\\\/Logo-JL-M-Coaching-fond-blanc.png\",\"contentUrl\":\"http:\\\/\\\/www.lecomte-consultant.com\\\/attestataire-capacite\\\/wp-content\\\/uploads\\\/2021\\\/07\\\/Logo-JL-M-Coaching-fond-blanc.png\",\"width\":2560,\"height\":2560,\"caption\":\"LECOMTE SARL\"},\"image\":{\"@id\":\"http:\\\/\\\/www.lecomte-consultant.com\\\/attestataire-capacite\\\/#\\\/schema\\\/logo\\\/image\\\/\"},\"sameAs\":[\"https:\\\/\\\/www.facebook.com\\\/attestatairecapacite\",\"https:\\\/\\\/x.com\\\/Attestcapa\",\"https:\\\/\\\/instagram.com\\\/attestatairecapacite\\\/\",\"http:\\\/\\\/www.linkedin.com\\\/in\\\/jeanjosephlecomte\",\"https:\\\/\\\/www.youtube.com\\\/channel\\\/UC-Gh0g6HbnYFaWf5NY8VjOw\",\"https:\\\/\\\/www.youtube.com\\\/c\\\/JeanJosephLECOMTEcoachconsultant\",\"https:\\\/\\\/www.facebook.com\\\/jeanjosephlecomte\",\"https:\\\/\\\/twitter.com\\\/jeanjolecomte\",\"https:\\\/\\\/www.instagram.com\\\/lecomtejeanjoseph\\\/\",\"https:\\\/\\\/www.instagram.com\\\/jeanjosephlecomte\\\/\"]}]}<\/script>\n<meta property=\"product:brand\" content=\"Guides et e-books\" \/>\n<meta property=\"product:price:amount\" content=\"47.00\" \/>\n<meta property=\"product:price:currency\" content=\"EUR\" \/>\n<meta property=\"og:availability\" content=\"instock\" \/>\n<meta property=\"product:availability\" content=\"instock\" \/>\n<meta property=\"product:condition\" content=\"new\" \/>\n<!-- \/ Yoast SEO Premium plugin. -->","yoast_head_json":{"title":"Guide d'installation du gestionnaire prestataire transport","description":"Guide d'installation du gestionnaire transport prestataire ext\u00e9rieur et r\u00e9ussir les modalit\u00e9s pour vous incrire en conformit\u00e9 avec la DRIEAT, DREAL ou DEAL","robots":{"index":"index","follow":"follow","max-snippet":"max-snippet:-1","max-image-preview":"max-image-preview:large","max-video-preview":"max-video-preview:-1"},"canonical":"https:\/\/www.lecomte-consultant.com\/attestataire-capacite\/documents-transports\/guide-installation-gestionnaire-prestataire-transport\/","og_locale":"fr_FR","og_type":"article","og_title":"Guide d'installation du gestionnaire prestataire transport","og_description":"Guide d'installation du gestionnaire transport prestataire ext\u00e9rieur et r\u00e9ussir les modalit\u00e9s pour vous incrire en conformit\u00e9 avec la DRIEAT, DREAL ou DEAL","og_url":"https:\/\/www.lecomte-consultant.com\/attestataire-capacite\/documents-transports\/guide-installation-gestionnaire-prestataire-transport\/","og_site_name":"Lecomte Consultant Attestataire Capacit\u00e9","article_publisher":"https:\/\/www.facebook.com\/attestatairecapacite","article_modified_time":"2026-02-02T11:39:45+00:00","og_image":[{"width":1536,"height":1536,"url":"https:\/\/www.lecomte-consultant.com\/attestataire-capacite\/wp-content\/uploads\/2020\/10\/Guide-dinstallation-du-gestionnaire-prestataire-transport.jpg","type":"image\/jpeg"}],"twitter_card":"summary_large_image","twitter_site":"@Attestcapa","twitter_misc":{"Prix":"&euro;47,00","Disponibilit\u00e9":"En stock"},"schema":{"@context":"https:\/\/schema.org","@graph":[{"@type":"WebPage","@id":"https:\/\/www.lecomte-consultant.com\/attestataire-capacite\/documents-transports\/guide-installation-gestionnaire-prestataire-transport\/","url":"https:\/\/www.lecomte-consultant.com\/attestataire-capacite\/documents-transports\/guide-installation-gestionnaire-prestataire-transport\/","name":"Guide d'installation du gestionnaire prestataire transport","isPartOf":{"@id":"http:\/\/www.lecomte-consultant.com\/attestataire-capacite\/#website"},"primaryImageOfPage":{"@id":"https:\/\/www.lecomte-consultant.com\/attestataire-capacite\/documents-transports\/guide-installation-gestionnaire-prestataire-transport\/#primaryimage"},"image":{"@id":"https:\/\/www.lecomte-consultant.com\/attestataire-capacite\/documents-transports\/guide-installation-gestionnaire-prestataire-transport\/#primaryimage"},"thumbnailUrl":"https:\/\/i0.wp.com\/www.lecomte-consultant.com\/attestataire-capacite\/wp-content\/uploads\/2020\/10\/Guide-dinstallation-du-gestionnaire-prestataire-transport.jpg?fit=1536%2C1536&ssl=1","datePublished":"2020-10-17T15:38:24+00:00","dateModified":"2026-02-02T11:39:45+00:00","description":"Guide d'installation du gestionnaire transport prestataire ext\u00e9rieur et r\u00e9ussir les modalit\u00e9s pour vous incrire en conformit\u00e9 avec la DRIEAT, DREAL ou DEAL","breadcrumb":{"@id":"https:\/\/www.lecomte-consultant.com\/attestataire-capacite\/documents-transports\/guide-installation-gestionnaire-prestataire-transport\/#breadcrumb"},"inLanguage":"fr-FR","potentialAction":[{"@type":"ReadAction","target":["https:\/\/www.lecomte-consultant.com\/attestataire-capacite\/documents-transports\/guide-installation-gestionnaire-prestataire-transport\/"]}]},{"@type":"ImageObject","inLanguage":"fr-FR","@id":"https:\/\/www.lecomte-consultant.com\/attestataire-capacite\/documents-transports\/guide-installation-gestionnaire-prestataire-transport\/#primaryimage","url":"https:\/\/i0.wp.com\/www.lecomte-consultant.com\/attestataire-capacite\/wp-content\/uploads\/2020\/10\/Guide-dinstallation-du-gestionnaire-prestataire-transport.jpg?fit=1536%2C1536&ssl=1","contentUrl":"https:\/\/i0.wp.com\/www.lecomte-consultant.com\/attestataire-capacite\/wp-content\/uploads\/2020\/10\/Guide-dinstallation-du-gestionnaire-prestataire-transport.jpg?fit=1536%2C1536&ssl=1","width":1536,"height":1536,"caption":"Guide d'installation gestionnaire transport"},{"@type":"BreadcrumbList","@id":"https:\/\/www.lecomte-consultant.com\/attestataire-capacite\/documents-transports\/guide-installation-gestionnaire-prestataire-transport\/#breadcrumb","itemListElement":[{"@type":"ListItem","position":1,"name":"Accueil","item":"https:\/\/www.lecomte-consultant.com\/attestataire-capacite\/"},{"@type":"ListItem","position":2,"name":"Documents Transport","item":"https:\/\/www.lecomte-consultant.com\/attestataire-capacite\/documents-transports\/"},{"@type":"ListItem","position":3,"name":"Guide d&rsquo;installation du gestionnaire prestataire transport"}]},{"@type":"WebSite","@id":"http:\/\/www.lecomte-consultant.com\/attestataire-capacite\/#website","url":"http:\/\/www.lecomte-consultant.com\/attestataire-capacite\/","name":"Lecomte Consultant Attestataire Capacit\u00e9","description":"Assistance : Attestataire Capacit\u00e9 Transport, Entrepreneur Transport","publisher":{"@id":"http:\/\/www.lecomte-consultant.com\/attestataire-capacite\/#organization"},"potentialAction":[{"@type":"SearchAction","target":{"@type":"EntryPoint","urlTemplate":"http:\/\/www.lecomte-consultant.com\/attestataire-capacite\/?s={search_term_string}"},"query-input":{"@type":"PropertyValueSpecification","valueRequired":true,"valueName":"search_term_string"}}],"inLanguage":"fr-FR"},{"@type":"Organization","@id":"http:\/\/www.lecomte-consultant.com\/attestataire-capacite\/#organization","name":"LECOMTE SARL","url":"http:\/\/www.lecomte-consultant.com\/attestataire-capacite\/","logo":{"@type":"ImageObject","inLanguage":"fr-FR","@id":"http:\/\/www.lecomte-consultant.com\/attestataire-capacite\/#\/schema\/logo\/image\/","url":"http:\/\/www.lecomte-consultant.com\/attestataire-capacite\/wp-content\/uploads\/2021\/07\/Logo-JL-M-Coaching-fond-blanc.png","contentUrl":"http:\/\/www.lecomte-consultant.com\/attestataire-capacite\/wp-content\/uploads\/2021\/07\/Logo-JL-M-Coaching-fond-blanc.png","width":2560,"height":2560,"caption":"LECOMTE SARL"},"image":{"@id":"http:\/\/www.lecomte-consultant.com\/attestataire-capacite\/#\/schema\/logo\/image\/"},"sameAs":["https:\/\/www.facebook.com\/attestatairecapacite","https:\/\/x.com\/Attestcapa","https:\/\/instagram.com\/attestatairecapacite\/","http:\/\/www.linkedin.com\/in\/jeanjosephlecomte","https:\/\/www.youtube.com\/channel\/UC-Gh0g6HbnYFaWf5NY8VjOw","https:\/\/www.youtube.com\/c\/JeanJosephLECOMTEcoachconsultant","https:\/\/www.facebook.com\/jeanjosephlecomte","https:\/\/twitter.com\/jeanjolecomte","https:\/\/www.instagram.com\/lecomtejeanjoseph\/","https:\/\/www.instagram.com\/jeanjosephlecomte\/"]}]},"product_brand":"Guides et e-books","product_price_amount":"47.00","product_price_currency":"EUR","og_availability":"instock","product_availability":"instock","product_condition":"new"},"jetpack_sharing_enabled":false,"_links":{"self":[{"href":"https:\/\/www.lecomte-consultant.com\/attestataire-capacite\/wp-json\/wp\/v2\/product\/4361","targetHints":{"allow":["GET"]}}],"collection":[{"href":"https:\/\/www.lecomte-consultant.com\/attestataire-capacite\/wp-json\/wp\/v2\/product"}],"about":[{"href":"https:\/\/www.lecomte-consultant.com\/attestataire-capacite\/wp-json\/wp\/v2\/types\/product"}],"replies":[{"embeddable":true,"href":"https:\/\/www.lecomte-consultant.com\/attestataire-capacite\/wp-json\/wp\/v2\/comments?post=4361"}],"wp:featuredmedia":[{"embeddable":true,"href":"https:\/\/www.lecomte-consultant.com\/attestataire-capacite\/wp-json\/wp\/v2\/media\/4364"}],"wp:attachment":[{"href":"https:\/\/www.lecomte-consultant.com\/attestataire-capacite\/wp-json\/wp\/v2\/media?parent=4361"}],"wp:term":[{"taxonomy":"product_brand","embeddable":true,"href":"https:\/\/www.lecomte-consultant.com\/attestataire-capacite\/wp-json\/wp\/v2\/product_brand?post=4361"},{"taxonomy":"product_cat","embeddable":true,"href":"https:\/\/www.lecomte-consultant.com\/attestataire-capacite\/wp-json\/wp\/v2\/product_cat?post=4361"},{"taxonomy":"product_tag","embeddable":true,"href":"https:\/\/www.lecomte-consultant.com\/attestataire-capacite\/wp-json\/wp\/v2\/product_tag?post=4361"}],"curies":[{"name":"wp","href":"https:\/\/api.w.org\/{rel}","templated":true}]}}