{"id":4345,"date":"2020-10-17T14:54:25","date_gmt":"2020-10-17T13:54:25","guid":{"rendered":"https:\/\/www.lecomte-consultant.com\/attestataire-capacite\/?post_type=product&#038;p=4345"},"modified":"2026-01-03T22:25:15","modified_gmt":"2026-01-03T21:25:15","slug":"contrat-type-gestionnaire-commissionnaire-salarie","status":"publish","type":"product","link":"https:\/\/www.lecomte-consultant.com\/attestataire-capacite\/documents-transports\/contrat-type-gestionnaire-commissionnaire-salarie\/","title":{"rendered":"Contrat Commissionnaire Salari\u00e9"},"content":{"rendered":"<p style=\"text-align: justify;\">Garantie d&rsquo;un contrat accept\u00e9 d&rsquo;avance\u00a0: Agr\u00e9ment\u00a0approuv\u00e9 aupr\u00e8s de la DRIEA et les autres DREAL ou DEAL (Iles).<\/p>\n<p style=\"text-align: justify;\">Nul besoin de modifier et de repr\u00e9senter le dossier, ce qui retarderait votre d\u00e9marrage.<\/p>\n<p style=\"text-align: justify;\">Contrat type r\u00e9alis\u00e9 par un dirigeant transport exer\u00e7ant depuis plus de 40 ans, ayant \u00e9t\u00e9 \u00e9galement directeur des transports dans l&rsquo;administration publique fran\u00e7aise, exer\u00e7ant des activit\u00e9s de gestionnaire transport ou directeur technique depuis 20 ans.<\/p>\n<p style=\"text-align: justify;\">Ce contrat type est utilis\u00e9 par de nombreux gestionnaires transport et dirigeants transports qui m&rsquo;ont d\u00e9j\u00e0 confiance.<\/p>\n<p>&nbsp;<\/p>\n<p><strong><u>Un contenu l\u00e9gal complet et protecteur<\/u><\/strong><\/p>\n<p>Il pr\u00e9voit notamment\u00a0:<\/p>\n<p>&#8211; Les clauses obligatoires qui en font sa validit\u00e9 r\u00e8glementaire<strong>\u00a0;<\/strong><\/p>\n<p>&#8211; La r\u00e9partition des r\u00f4les des deux parties au contrat\u00a0;<\/p>\n<p>&#8211; Des clauses qui vous s\u00e9curisent sur la dur\u00e9e du contrat et en cas de demande de rupture.<\/p>\n<p>&nbsp;<\/p>\n<p><strong><u>Un contrat type test\u00e9 et approuv\u00e9<\/u><\/strong><\/p>\n<p style=\"text-align: justify;\">Des avocats, comp\u00e9tents sur le plan juridique mais non exp\u00e9riment\u00e9s comme moi-m\u00eame dans le domaine d&rsquo;activit\u00e9, demandent en moyenne 1.000 \u20ac pour le contrat. Et leurs contrats ne sont pas toujours accept\u00e9s par la DREAL \u00e0 la suite du d\u00e9p\u00f4t du dossier, comme cela s&rsquo;est pr\u00e9sent\u00e9 avec des clients qui se sont ensuite dirig\u00e9s vers moi.<\/p>\n<p style=\"text-align: justify;\">Le contrat type propos\u00e9 ici pr\u00e9sente toutes les garanties et \u00e0 un prix particuli\u00e8rement inf\u00e9rieur.<\/p>\n<p>&nbsp;<\/p>\n<p><strong><u>Un contrat type adapt\u00e9 \u00e0 votre situation<\/u><\/strong><\/p>\n<p style=\"text-align: justify;\">Ce contrat type est modifiable. Vous pouvez donc l\u2019adaptez vous-m\u00eame \u00e0 vos besoins.<\/p>\n<p style=\"text-align: justify;\">Si vous voulez que je le personnalise, cela est possible pour des conditions tarifaires doubles. N\u00e9anmoins cela n\u00e9cessitera un d\u00e9lai d\u2019attente entre l\u2019envoi de votre message par la page contact du site et ma r\u00e9ponse \u00e0 votre demande. Je vous recommande donc l\u2019emploi de ce contrat type modifiable par vos soins qui inclut d\u00e9j\u00e0 toutes les clauses n\u00e9cessaires pour encadrer votre situation.<\/p>\n<h4><strong>D\u00e9lai de livraison du produit<\/strong><\/h4>\n<p style=\"text-align: justify;\"><strong>VOS COMMANDES<\/strong> sur ce Site vont bien vous \u00eatre <strong>LIVREES<\/strong> apr\u00e8s votre r\u00e8glement. Vous devez recevoir un courriel avec un lien cliquable pour le t\u00e9lechargement.<\/p>\n<p><strong>NB : Pour toute question <\/strong><a href=\"mailto:info@lecomte-consultant.com\">info@lecomte-consultant.com<\/a><br \/>\nR\u00e9ponse g\u00e9n\u00e9ralement sous 12 \u00e0 24 heures.<\/p>\n<h4>Cliquez sur un des boutons Paypal ou Panier ci-dessus<\/h4>\n","protected":false},"excerpt":{"rendered":"<p style=\"text-align: justify;\">Le contrat type du\u00a0<b>gestionnaire commissionnaire salari\u00e9<\/b>\u00a0a fait ses preuves tant aupr\u00e8s de l\u2019administration que dans les relations employeur &#8211; salari\u00e9. Il s\u00e9curise le salari\u00e9 quant \u00e0 son avenir. En cas de d\u00e9faillance de l\u2019entreprise, il ne se trouvera pas d\u00e9muni. Il pourra faire valoir ses droits et toucher de substantielles indemnit\u00e9s. Cela compensera tr\u00e8s largement l\u2019investissement.<\/p>\n<ul>\n<li>Simple et rapide d\u2019utilisation<\/li>\n<li>Contenu l\u00e9gal complet et protecteur<\/li>\n<li>Garantie d\u2019un contrat accept\u00e9 par la DRIEA et les autres DREAL ou DEAL<\/li>\n<li>Un prix r\u00e9duit compar\u00e9 \u00e0 ceux d&rsquo;avocats<\/li>\n<li>R\u00e9dig\u00e9 par un dirigeant transport et expert depuis plus de 40 ans<\/li>\n<\/ul>\n<p>Description compl\u00e8te ci-dessous.<\/p>\n","protected":false},"featured_media":4347,"comment_status":"open","ping_status":"closed","template":"","meta":{"_exactmetrics_skip_tracking":false,"_exactmetrics_sitenote_active":false,"_exactmetrics_sitenote_note":"","_exactmetrics_sitenote_category":0},"product_brand":[],"product_cat":[1823],"product_tag":[1867,1868],"class_list":{"0":"post-4345","1":"product","2":"type-product","3":"status-publish","4":"has-post-thumbnail","6":"product_cat-contrats-types","7":"product_tag-contrat-type","8":"product_tag-contrat-type-commisionnaire-salarie","10":"first","11":"instock","12":"featured","13":"downloadable","14":"purchasable","15":"product-type-simple"},"yoast_head":"<!-- This site is optimized with the Yoast SEO Premium plugin v27.4 (Yoast SEO v27.4) - https:\/\/yoast.com\/product\/yoast-seo-premium-wordpress\/ -->\n<title>Contrat Type Gestionnaire Commissionnaire Salari\u00e9<\/title>\n<meta name=\"robots\" content=\"index, follow, max-snippet:-1, max-image-preview:large, max-video-preview:-1\" \/>\n<link rel=\"canonical\" href=\"https:\/\/www.lecomte-consultant.com\/attestataire-capacite\/documents-transports\/contrat-type-gestionnaire-commissionnaire-salarie\/\" \/>\n<meta property=\"og:locale\" content=\"fr_FR\" \/>\n<meta property=\"og:type\" content=\"article\" \/>\n<meta property=\"og:title\" content=\"Contrat Commissionnaire Salari\u00e9\" \/>\n<meta property=\"og:description\" content=\"Le contrat type du\u00a0gestionnaire commissionnaire salari\u00e9\u00a0a fait ses preuves tant aupr\u00e8s de l\u2019administration que dans les relations employeur - salari\u00e9. Il s\u00e9curise le salari\u00e9 quant \u00e0 son avenir. En cas de d\u00e9faillance de l\u2019entreprise, il ne se trouvera pas d\u00e9muni. Il pourra faire valoir ses droits et toucher de substantielles indemnit\u00e9s. Cela compensera tr\u00e8s largement l\u2019investissement.    Simple et rapide d\u2019utilisation  Contenu l\u00e9gal complet et protecteur  Garantie d\u2019un contrat accept\u00e9 par la DRIEA et les autres DREAL ou DEAL  Un prix r\u00e9duit compar\u00e9 \u00e0 ceux d&#039;avocats  R\u00e9dig\u00e9 par un dirigeant transport et expert depuis plus de 40 ans  Description compl\u00e8te ci-dessous.\" \/>\n<meta property=\"og:url\" content=\"https:\/\/www.lecomte-consultant.com\/attestataire-capacite\/documents-transports\/contrat-type-gestionnaire-commissionnaire-salarie\/\" \/>\n<meta property=\"og:site_name\" content=\"Lecomte Consultant Attestataire Capacit\u00e9\" \/>\n<meta property=\"article:publisher\" content=\"https:\/\/www.facebook.com\/attestatairecapacite\" \/>\n<meta property=\"article:modified_time\" content=\"2026-01-03T21:25:15+00:00\" \/>\n<meta property=\"og:image\" content=\"https:\/\/www.lecomte-consultant.com\/attestataire-capacite\/wp-content\/uploads\/2020\/10\/Contrat-Type-Gestionnaire-Commissionnaire-Salarie.jpg\" \/>\n\t<meta property=\"og:image:width\" content=\"1536\" \/>\n\t<meta property=\"og:image:height\" content=\"1536\" \/>\n\t<meta property=\"og:image:type\" content=\"image\/jpeg\" \/>\n<meta name=\"twitter:card\" content=\"summary_large_image\" \/>\n<meta name=\"twitter:site\" content=\"@Attestcapa\" \/>\n<meta name=\"twitter:label1\" content=\"Prix\" \/>\n\t<meta name=\"twitter:data1\" content=\"&euro;397,00\" \/>\n\t<meta name=\"twitter:label2\" content=\"Disponibilit\u00e9\" \/>\n\t<meta name=\"twitter:data2\" content=\"En stock\" \/>\n<script type=\"application\/ld+json\" class=\"yoast-schema-graph\">{\"@context\":\"https:\\\/\\\/schema.org\",\"@graph\":[{\"@type\":\"WebPage\",\"@id\":\"https:\\\/\\\/www.lecomte-consultant.com\\\/attestataire-capacite\\\/documents-transports\\\/contrat-type-gestionnaire-commissionnaire-salarie\\\/\",\"url\":\"https:\\\/\\\/www.lecomte-consultant.com\\\/attestataire-capacite\\\/documents-transports\\\/contrat-type-gestionnaire-commissionnaire-salarie\\\/\",\"name\":\"Contrat Type Gestionnaire Commissionnaire Salari\u00e9\",\"isPartOf\":{\"@id\":\"http:\\\/\\\/www.lecomte-consultant.com\\\/attestataire-capacite\\\/#website\"},\"primaryImageOfPage\":{\"@id\":\"https:\\\/\\\/www.lecomte-consultant.com\\\/attestataire-capacite\\\/documents-transports\\\/contrat-type-gestionnaire-commissionnaire-salarie\\\/#primaryimage\"},\"image\":{\"@id\":\"https:\\\/\\\/www.lecomte-consultant.com\\\/attestataire-capacite\\\/documents-transports\\\/contrat-type-gestionnaire-commissionnaire-salarie\\\/#primaryimage\"},\"thumbnailUrl\":\"https:\\\/\\\/i0.wp.com\\\/www.lecomte-consultant.com\\\/attestataire-capacite\\\/wp-content\\\/uploads\\\/2020\\\/10\\\/Contrat-Type-Gestionnaire-Commissionnaire-Salarie.jpg?fit=1536%2C1536&ssl=1\",\"datePublished\":\"2020-10-17T13:54:25+00:00\",\"dateModified\":\"2026-01-03T21:25:15+00:00\",\"breadcrumb\":{\"@id\":\"https:\\\/\\\/www.lecomte-consultant.com\\\/attestataire-capacite\\\/documents-transports\\\/contrat-type-gestionnaire-commissionnaire-salarie\\\/#breadcrumb\"},\"inLanguage\":\"fr-FR\",\"potentialAction\":[{\"@type\":\"ReadAction\",\"target\":[\"https:\\\/\\\/www.lecomte-consultant.com\\\/attestataire-capacite\\\/documents-transports\\\/contrat-type-gestionnaire-commissionnaire-salarie\\\/\"]}]},{\"@type\":\"ImageObject\",\"inLanguage\":\"fr-FR\",\"@id\":\"https:\\\/\\\/www.lecomte-consultant.com\\\/attestataire-capacite\\\/documents-transports\\\/contrat-type-gestionnaire-commissionnaire-salarie\\\/#primaryimage\",\"url\":\"https:\\\/\\\/i0.wp.com\\\/www.lecomte-consultant.com\\\/attestataire-capacite\\\/wp-content\\\/uploads\\\/2020\\\/10\\\/Contrat-Type-Gestionnaire-Commissionnaire-Salarie.jpg?fit=1536%2C1536&ssl=1\",\"contentUrl\":\"https:\\\/\\\/i0.wp.com\\\/www.lecomte-consultant.com\\\/attestataire-capacite\\\/wp-content\\\/uploads\\\/2020\\\/10\\\/Contrat-Type-Gestionnaire-Commissionnaire-Salarie.jpg?fit=1536%2C1536&ssl=1\",\"width\":1536,\"height\":1536,\"caption\":\"contrat type gestionnaire transport\"},{\"@type\":\"BreadcrumbList\",\"@id\":\"https:\\\/\\\/www.lecomte-consultant.com\\\/attestataire-capacite\\\/documents-transports\\\/contrat-type-gestionnaire-commissionnaire-salarie\\\/#breadcrumb\",\"itemListElement\":[{\"@type\":\"ListItem\",\"position\":1,\"name\":\"Accueil\",\"item\":\"https:\\\/\\\/www.lecomte-consultant.com\\\/attestataire-capacite\\\/\"},{\"@type\":\"ListItem\",\"position\":2,\"name\":\"Documents Transport\",\"item\":\"https:\\\/\\\/www.lecomte-consultant.com\\\/attestataire-capacite\\\/documents-transports\\\/\"},{\"@type\":\"ListItem\",\"position\":3,\"name\":\"Contrat Commissionnaire Salari\u00e9\"}]},{\"@type\":\"WebSite\",\"@id\":\"http:\\\/\\\/www.lecomte-consultant.com\\\/attestataire-capacite\\\/#website\",\"url\":\"http:\\\/\\\/www.lecomte-consultant.com\\\/attestataire-capacite\\\/\",\"name\":\"Lecomte Consultant Attestataire Capacit\u00e9\",\"description\":\"Assistance : Attestataire Capacit\u00e9 Transport, Entrepreneur Transport\",\"publisher\":{\"@id\":\"http:\\\/\\\/www.lecomte-consultant.com\\\/attestataire-capacite\\\/#organization\"},\"potentialAction\":[{\"@type\":\"SearchAction\",\"target\":{\"@type\":\"EntryPoint\",\"urlTemplate\":\"http:\\\/\\\/www.lecomte-consultant.com\\\/attestataire-capacite\\\/?s={search_term_string}\"},\"query-input\":{\"@type\":\"PropertyValueSpecification\",\"valueRequired\":true,\"valueName\":\"search_term_string\"}}],\"inLanguage\":\"fr-FR\"},{\"@type\":\"Organization\",\"@id\":\"http:\\\/\\\/www.lecomte-consultant.com\\\/attestataire-capacite\\\/#organization\",\"name\":\"LECOMTE SARL\",\"url\":\"http:\\\/\\\/www.lecomte-consultant.com\\\/attestataire-capacite\\\/\",\"logo\":{\"@type\":\"ImageObject\",\"inLanguage\":\"fr-FR\",\"@id\":\"http:\\\/\\\/www.lecomte-consultant.com\\\/attestataire-capacite\\\/#\\\/schema\\\/logo\\\/image\\\/\",\"url\":\"http:\\\/\\\/www.lecomte-consultant.com\\\/attestataire-capacite\\\/wp-content\\\/uploads\\\/2021\\\/07\\\/Logo-JL-M-Coaching-fond-blanc.png\",\"contentUrl\":\"http:\\\/\\\/www.lecomte-consultant.com\\\/attestataire-capacite\\\/wp-content\\\/uploads\\\/2021\\\/07\\\/Logo-JL-M-Coaching-fond-blanc.png\",\"width\":2560,\"height\":2560,\"caption\":\"LECOMTE SARL\"},\"image\":{\"@id\":\"http:\\\/\\\/www.lecomte-consultant.com\\\/attestataire-capacite\\\/#\\\/schema\\\/logo\\\/image\\\/\"},\"sameAs\":[\"https:\\\/\\\/www.facebook.com\\\/attestatairecapacite\",\"https:\\\/\\\/x.com\\\/Attestcapa\",\"https:\\\/\\\/instagram.com\\\/attestatairecapacite\\\/\",\"http:\\\/\\\/www.linkedin.com\\\/in\\\/jeanjosephlecomte\",\"https:\\\/\\\/www.youtube.com\\\/channel\\\/UC-Gh0g6HbnYFaWf5NY8VjOw\",\"https:\\\/\\\/www.youtube.com\\\/c\\\/JeanJosephLECOMTEcoachconsultant\",\"https:\\\/\\\/www.facebook.com\\\/jeanjosephlecomte\",\"https:\\\/\\\/twitter.com\\\/jeanjolecomte\",\"https:\\\/\\\/www.instagram.com\\\/lecomtejeanjoseph\\\/\",\"https:\\\/\\\/www.instagram.com\\\/jeanjosephlecomte\\\/\"]}]}<\/script>\n<meta property=\"product:brand\" content=\"Contrats Types\" \/>\n<meta property=\"product:price:amount\" content=\"397.00\" \/>\n<meta property=\"product:price:currency\" content=\"EUR\" \/>\n<meta property=\"og:availability\" content=\"instock\" \/>\n<meta property=\"product:availability\" content=\"instock\" \/>\n<meta property=\"product:condition\" content=\"new\" \/>\n<!-- \/ Yoast SEO Premium plugin. -->","yoast_head_json":{"title":"Contrat Type Gestionnaire Commissionnaire Salari\u00e9","robots":{"index":"index","follow":"follow","max-snippet":"max-snippet:-1","max-image-preview":"max-image-preview:large","max-video-preview":"max-video-preview:-1"},"canonical":"https:\/\/www.lecomte-consultant.com\/attestataire-capacite\/documents-transports\/contrat-type-gestionnaire-commissionnaire-salarie\/","og_locale":"fr_FR","og_type":"article","og_title":"Contrat Commissionnaire Salari\u00e9","og_description":"Le contrat type du\u00a0gestionnaire commissionnaire salari\u00e9\u00a0a fait ses preuves tant aupr\u00e8s de l\u2019administration que dans les relations employeur - salari\u00e9. Il s\u00e9curise le salari\u00e9 quant \u00e0 son avenir. En cas de d\u00e9faillance de l\u2019entreprise, il ne se trouvera pas d\u00e9muni. Il pourra faire valoir ses droits et toucher de substantielles indemnit\u00e9s. Cela compensera tr\u00e8s largement l\u2019investissement.    Simple et rapide d\u2019utilisation  Contenu l\u00e9gal complet et protecteur  Garantie d\u2019un contrat accept\u00e9 par la DRIEA et les autres DREAL ou DEAL  Un prix r\u00e9duit compar\u00e9 \u00e0 ceux d'avocats  R\u00e9dig\u00e9 par un dirigeant transport et expert depuis plus de 40 ans  Description compl\u00e8te ci-dessous.","og_url":"https:\/\/www.lecomte-consultant.com\/attestataire-capacite\/documents-transports\/contrat-type-gestionnaire-commissionnaire-salarie\/","og_site_name":"Lecomte Consultant Attestataire Capacit\u00e9","article_publisher":"https:\/\/www.facebook.com\/attestatairecapacite","article_modified_time":"2026-01-03T21:25:15+00:00","og_image":[{"width":1536,"height":1536,"url":"https:\/\/www.lecomte-consultant.com\/attestataire-capacite\/wp-content\/uploads\/2020\/10\/Contrat-Type-Gestionnaire-Commissionnaire-Salarie.jpg","type":"image\/jpeg"}],"twitter_card":"summary_large_image","twitter_site":"@Attestcapa","twitter_misc":{"Prix":"&euro;397,00","Disponibilit\u00e9":"En stock"},"schema":{"@context":"https:\/\/schema.org","@graph":[{"@type":"WebPage","@id":"https:\/\/www.lecomte-consultant.com\/attestataire-capacite\/documents-transports\/contrat-type-gestionnaire-commissionnaire-salarie\/","url":"https:\/\/www.lecomte-consultant.com\/attestataire-capacite\/documents-transports\/contrat-type-gestionnaire-commissionnaire-salarie\/","name":"Contrat Type Gestionnaire Commissionnaire Salari\u00e9","isPartOf":{"@id":"http:\/\/www.lecomte-consultant.com\/attestataire-capacite\/#website"},"primaryImageOfPage":{"@id":"https:\/\/www.lecomte-consultant.com\/attestataire-capacite\/documents-transports\/contrat-type-gestionnaire-commissionnaire-salarie\/#primaryimage"},"image":{"@id":"https:\/\/www.lecomte-consultant.com\/attestataire-capacite\/documents-transports\/contrat-type-gestionnaire-commissionnaire-salarie\/#primaryimage"},"thumbnailUrl":"https:\/\/i0.wp.com\/www.lecomte-consultant.com\/attestataire-capacite\/wp-content\/uploads\/2020\/10\/Contrat-Type-Gestionnaire-Commissionnaire-Salarie.jpg?fit=1536%2C1536&ssl=1","datePublished":"2020-10-17T13:54:25+00:00","dateModified":"2026-01-03T21:25:15+00:00","breadcrumb":{"@id":"https:\/\/www.lecomte-consultant.com\/attestataire-capacite\/documents-transports\/contrat-type-gestionnaire-commissionnaire-salarie\/#breadcrumb"},"inLanguage":"fr-FR","potentialAction":[{"@type":"ReadAction","target":["https:\/\/www.lecomte-consultant.com\/attestataire-capacite\/documents-transports\/contrat-type-gestionnaire-commissionnaire-salarie\/"]}]},{"@type":"ImageObject","inLanguage":"fr-FR","@id":"https:\/\/www.lecomte-consultant.com\/attestataire-capacite\/documents-transports\/contrat-type-gestionnaire-commissionnaire-salarie\/#primaryimage","url":"https:\/\/i0.wp.com\/www.lecomte-consultant.com\/attestataire-capacite\/wp-content\/uploads\/2020\/10\/Contrat-Type-Gestionnaire-Commissionnaire-Salarie.jpg?fit=1536%2C1536&ssl=1","contentUrl":"https:\/\/i0.wp.com\/www.lecomte-consultant.com\/attestataire-capacite\/wp-content\/uploads\/2020\/10\/Contrat-Type-Gestionnaire-Commissionnaire-Salarie.jpg?fit=1536%2C1536&ssl=1","width":1536,"height":1536,"caption":"contrat type gestionnaire transport"},{"@type":"BreadcrumbList","@id":"https:\/\/www.lecomte-consultant.com\/attestataire-capacite\/documents-transports\/contrat-type-gestionnaire-commissionnaire-salarie\/#breadcrumb","itemListElement":[{"@type":"ListItem","position":1,"name":"Accueil","item":"https:\/\/www.lecomte-consultant.com\/attestataire-capacite\/"},{"@type":"ListItem","position":2,"name":"Documents Transport","item":"https:\/\/www.lecomte-consultant.com\/attestataire-capacite\/documents-transports\/"},{"@type":"ListItem","position":3,"name":"Contrat Commissionnaire Salari\u00e9"}]},{"@type":"WebSite","@id":"http:\/\/www.lecomte-consultant.com\/attestataire-capacite\/#website","url":"http:\/\/www.lecomte-consultant.com\/attestataire-capacite\/","name":"Lecomte Consultant Attestataire Capacit\u00e9","description":"Assistance : Attestataire Capacit\u00e9 Transport, Entrepreneur Transport","publisher":{"@id":"http:\/\/www.lecomte-consultant.com\/attestataire-capacite\/#organization"},"potentialAction":[{"@type":"SearchAction","target":{"@type":"EntryPoint","urlTemplate":"http:\/\/www.lecomte-consultant.com\/attestataire-capacite\/?s={search_term_string}"},"query-input":{"@type":"PropertyValueSpecification","valueRequired":true,"valueName":"search_term_string"}}],"inLanguage":"fr-FR"},{"@type":"Organization","@id":"http:\/\/www.lecomte-consultant.com\/attestataire-capacite\/#organization","name":"LECOMTE SARL","url":"http:\/\/www.lecomte-consultant.com\/attestataire-capacite\/","logo":{"@type":"ImageObject","inLanguage":"fr-FR","@id":"http:\/\/www.lecomte-consultant.com\/attestataire-capacite\/#\/schema\/logo\/image\/","url":"http:\/\/www.lecomte-consultant.com\/attestataire-capacite\/wp-content\/uploads\/2021\/07\/Logo-JL-M-Coaching-fond-blanc.png","contentUrl":"http:\/\/www.lecomte-consultant.com\/attestataire-capacite\/wp-content\/uploads\/2021\/07\/Logo-JL-M-Coaching-fond-blanc.png","width":2560,"height":2560,"caption":"LECOMTE SARL"},"image":{"@id":"http:\/\/www.lecomte-consultant.com\/attestataire-capacite\/#\/schema\/logo\/image\/"},"sameAs":["https:\/\/www.facebook.com\/attestatairecapacite","https:\/\/x.com\/Attestcapa","https:\/\/instagram.com\/attestatairecapacite\/","http:\/\/www.linkedin.com\/in\/jeanjosephlecomte","https:\/\/www.youtube.com\/channel\/UC-Gh0g6HbnYFaWf5NY8VjOw","https:\/\/www.youtube.com\/c\/JeanJosephLECOMTEcoachconsultant","https:\/\/www.facebook.com\/jeanjosephlecomte","https:\/\/twitter.com\/jeanjolecomte","https:\/\/www.instagram.com\/lecomtejeanjoseph\/","https:\/\/www.instagram.com\/jeanjosephlecomte\/"]}]},"product_brand":"Contrats Types","product_price_amount":"397.00","product_price_currency":"EUR","og_availability":"instock","product_availability":"instock","product_condition":"new"},"jetpack_sharing_enabled":false,"_links":{"self":[{"href":"https:\/\/www.lecomte-consultant.com\/attestataire-capacite\/wp-json\/wp\/v2\/product\/4345","targetHints":{"allow":["GET"]}}],"collection":[{"href":"https:\/\/www.lecomte-consultant.com\/attestataire-capacite\/wp-json\/wp\/v2\/product"}],"about":[{"href":"https:\/\/www.lecomte-consultant.com\/attestataire-capacite\/wp-json\/wp\/v2\/types\/product"}],"replies":[{"embeddable":true,"href":"https:\/\/www.lecomte-consultant.com\/attestataire-capacite\/wp-json\/wp\/v2\/comments?post=4345"}],"wp:featuredmedia":[{"embeddable":true,"href":"https:\/\/www.lecomte-consultant.com\/attestataire-capacite\/wp-json\/wp\/v2\/media\/4347"}],"wp:attachment":[{"href":"https:\/\/www.lecomte-consultant.com\/attestataire-capacite\/wp-json\/wp\/v2\/media?parent=4345"}],"wp:term":[{"taxonomy":"product_brand","embeddable":true,"href":"https:\/\/www.lecomte-consultant.com\/attestataire-capacite\/wp-json\/wp\/v2\/product_brand?post=4345"},{"taxonomy":"product_cat","embeddable":true,"href":"https:\/\/www.lecomte-consultant.com\/attestataire-capacite\/wp-json\/wp\/v2\/product_cat?post=4345"},{"taxonomy":"product_tag","embeddable":true,"href":"https:\/\/www.lecomte-consultant.com\/attestataire-capacite\/wp-json\/wp\/v2\/product_tag?post=4345"}],"curies":[{"name":"wp","href":"https:\/\/api.w.org\/{rel}","templated":true}]}}