{"id":6250,"date":"2023-03-02T21:54:46","date_gmt":"2023-03-02T20:54:46","guid":{"rendered":"https:\/\/www.lecomte-consultant.com\/attestataire-capacite\/?page_id=6250"},"modified":"2024-10-15T16:15:22","modified_gmt":"2024-10-15T15:15:22","slug":"annonces-gestionnaire-transport","status":"publish","type":"page","link":"https:\/\/www.lecomte-consultant.com\/attestataire-capacite\/annonces-gestionnaire-transport\/","title":{"rendered":"annonces gestionnaire transport"},"content":{"rendered":"<h2>Annonces gestionnaire transport<\/h2>\n<h3>Explications<\/h3>\n<h2><img data-recalc-dims=\"1\" decoding=\"async\" class=\"alignright wp-image-4430 size-medium\" title=\"Annonce gestionnaire transport\" src=\"https:\/\/i0.wp.com\/www.lecomte-consultant.com\/attestataire-capacite\/wp-content\/uploads\/2020\/10\/Mise-en-relation-createur-transport-et-gestionnaire-transport-4.jpg?resize=300%2C200&#038;ssl=1\" alt=\"Annonce gestionnaire transport\" width=\"300\" height=\"200\" srcset=\"https:\/\/i0.wp.com\/www.lecomte-consultant.com\/attestataire-capacite\/wp-content\/uploads\/2020\/10\/Mise-en-relation-createur-transport-et-gestionnaire-transport-4.jpg?resize=200%2C133&amp;ssl=1 200w, https:\/\/i0.wp.com\/www.lecomte-consultant.com\/attestataire-capacite\/wp-content\/uploads\/2020\/10\/Mise-en-relation-createur-transport-et-gestionnaire-transport-4.jpg?resize=300%2C200&amp;ssl=1 300w, https:\/\/i0.wp.com\/www.lecomte-consultant.com\/attestataire-capacite\/wp-content\/uploads\/2020\/10\/Mise-en-relation-createur-transport-et-gestionnaire-transport-4.jpg?resize=400%2C266&amp;ssl=1 400w, https:\/\/i0.wp.com\/www.lecomte-consultant.com\/attestataire-capacite\/wp-content\/uploads\/2020\/10\/Mise-en-relation-createur-transport-et-gestionnaire-transport-4.jpg?w=500&amp;ssl=1 500w\" sizes=\"(max-width: 300px) 100vw, 300px\" \/><\/h2>\n<p style=\"text-align: justify;\">Figurent ci-dessous les annonces des attestataires de capacit\u00e9 transport d\u00e9sirant remplir des fonctions de gestionnaire transport, g\u00e9n\u00e9ralement en qualit\u00e9 de gestionnaires transport prestataire de services ext\u00e9rieurs, mais \u00e9galement parfois salari\u00e9s.<\/p>\n<p style=\"text-align: justify;\">Transporteur \u00e9tabli ou entrepreneur en cr\u00e9ation, vous pouvez relever la r\u00e9f\u00e9rence du partenaire dans les annonces ci-dessous en tant que gestionnaire transport susceptible de vous convenir, r\u00e9f. telle que 2023 0xx. Vous m&rsquo;\u00e9crivez par la page <strong><a href=\"https:\/\/www.lecomte-consultant.com\/attestataire-capacite\/contact\/\" target=\"_blank\" rel=\"noopener\">contact de ce site (lien)<\/a><\/strong> en indiquant ce num\u00e9ro. Et je verrai comment cr\u00e9er la mise en relation.<\/p>\n<h2>Annonces GT<\/h2>\n<p style=\"text-align: justify;\">Bonjour titulaire de l&rsquo;attestation de capacit\u00e9 transport de marchandises +3.5T je cherche \u00e0 exercer en tant que gestionnaire de transport externe au profit d&rsquo;une soci\u00e9t\u00e9 de transport. Poss\u00e9dant une qualification juridique et ayant une exp\u00e9rience dans le domaine du transport, Je remplis toutes les conditions pour exercer imm\u00e9diatement et je suis actuellement disponible .N&rsquo;h\u00e9sitez pas \u00e0 <a href=\"https:\/\/www.lecomte-consultant.com\/attestataire-capacite\/contact\/\" target=\"_blank\" rel=\"noopener\">me <strong>contacter<\/strong><\/a><strong>.<\/strong> r\u00e9f. 2023021<\/p>\n<p>&nbsp;<\/p>\n<h3>Allez \u00e9galement vers les pages<\/h3>\n<p><a href=\"https:\/\/www.lecomte-consultant.com\/attestataire-capacite\/gestionnaire-transport-annonces\/\">=&gt;&gt; Gestionnaire transport annonces<\/a><\/p>\n<p><a href=\"https:\/\/www.lecomte-consultant.com\/attestataire-capacite\/documents-transports\/conditions-pour-depot-dannonces\/\" target=\"_blank\" rel=\"noopener\">=&gt;&gt;&gt; Conditions pour d\u00e9p\u00f4t d&rsquo;annonces<\/a><\/p>\n<p>&nbsp;<\/p>\n<p>&nbsp;<\/p>\n","protected":false},"excerpt":{"rendered":"<p>Annonces gestionnaire transport Explications Figurent ci-dessous les annonces des attestataires de capacit\u00e9 transport d\u00e9sirant remplir des fonctions de gestionnaire transport, g\u00e9n\u00e9ralement en qualit\u00e9 de gestionnaires transport prestataire de services ext\u00e9rieurs, mais \u00e9galement parfois salari\u00e9s. Transporteur \u00e9tabli  [&#8230;]<\/p>\n","protected":false},"author":1,"featured_media":0,"parent":0,"menu_order":0,"comment_status":"closed","ping_status":"closed","template":"","meta":{"_exactmetrics_skip_tracking":false,"_exactmetrics_sitenote_active":false,"_exactmetrics_sitenote_note":"","_exactmetrics_sitenote_category":0,"footnotes":""},"class_list":["post-6250","page","type-page","status-publish","hentry"],"yoast_head":"<!-- This site is optimized with the Yoast SEO Premium plugin v27.4 (Yoast SEO v27.4) - https:\/\/yoast.com\/product\/yoast-seo-premium-wordpress\/ -->\n<title>annonces gestionnaire transport<\/title>\n<meta name=\"description\" content=\"Page et site de petites annonces d&#039;Attestataires de Capacit\u00e9 Transport proposant leurs services de Gestionnaire Transport Ext\u00e9rieur ou salari\u00e9\" \/>\n<meta name=\"robots\" content=\"index, follow, max-snippet:-1, max-image-preview:large, max-video-preview:-1\" \/>\n<link rel=\"canonical\" href=\"https:\/\/www.lecomte-consultant.com\/attestataire-capacite\/annonces-gestionnaire-transport\/\" \/>\n<meta property=\"og:locale\" content=\"fr_FR\" \/>\n<meta property=\"og:type\" content=\"article\" \/>\n<meta property=\"og:title\" content=\"Blog Transport &amp; Gestionnaire Externe | Lecomte Consultant\" \/>\n<meta property=\"og:description\" content=\"D\u00e9couvrez nos articles pratiques pour cr\u00e9er une soci\u00e9t\u00e9 de transport, devenir gestionnaire externe et r\u00e9ussir en toute l\u00e9galit\u00e9. Conseils exclusifs de Jean Joseph Lecomte.\" \/>\n<meta property=\"og:url\" content=\"https:\/\/www.lecomte-consultant.com\/attestataire-capacite\/annonces-gestionnaire-transport\/\" \/>\n<meta property=\"og:site_name\" content=\"Lecomte Consultant Attestataire Capacit\u00e9\" \/>\n<meta property=\"article:publisher\" content=\"https:\/\/www.facebook.com\/attestatairecapacite\" \/>\n<meta property=\"article:modified_time\" content=\"2024-10-15T15:15:22+00:00\" \/>\n<meta property=\"og:image\" content=\"https:\/\/www.lecomte-consultant.com\/attestataire-capacite\/wp-content\/uploads\/2020\/10\/Mise-en-relation-createur-transport-et-gestionnaire-transport-4-300x200.jpg\" \/>\n<meta name=\"twitter:card\" content=\"summary_large_image\" \/>\n<meta name=\"twitter:site\" content=\"@Attestcapa\" \/>\n<meta name=\"twitter:label1\" content=\"Dur\u00e9e de lecture estim\u00e9e\" \/>\n\t<meta name=\"twitter:data1\" content=\"2 minutes\" \/>\n<script type=\"application\/ld+json\" class=\"yoast-schema-graph\">{\"@context\":\"https:\\\/\\\/schema.org\",\"@graph\":[{\"@type\":[\"Article\",\"BlogPosting\"],\"@id\":\"https:\\\/\\\/www.lecomte-consultant.com\\\/attestataire-capacite\\\/annonces-gestionnaire-transport\\\/#article\",\"isPartOf\":{\"@id\":\"https:\\\/\\\/www.lecomte-consultant.com\\\/attestataire-capacite\\\/annonces-gestionnaire-transport\\\/\"},\"author\":{\"name\":\"Lecomte JJ\",\"@id\":\"http:\\\/\\\/www.lecomte-consultant.com\\\/attestataire-capacite\\\/#\\\/schema\\\/person\\\/cdaa028a52c4dde46b9490909d4e6218\"},\"headline\":\"annonces gestionnaire transport\",\"datePublished\":\"2023-03-02T20:54:46+00:00\",\"dateModified\":\"2024-10-15T15:15:22+00:00\",\"mainEntityOfPage\":{\"@id\":\"https:\\\/\\\/www.lecomte-consultant.com\\\/attestataire-capacite\\\/annonces-gestionnaire-transport\\\/\"},\"wordCount\":193,\"publisher\":{\"@id\":\"http:\\\/\\\/www.lecomte-consultant.com\\\/attestataire-capacite\\\/#organization\"},\"image\":{\"@id\":\"https:\\\/\\\/www.lecomte-consultant.com\\\/attestataire-capacite\\\/annonces-gestionnaire-transport\\\/#primaryimage\"},\"thumbnailUrl\":\"https:\\\/\\\/www.lecomte-consultant.com\\\/attestataire-capacite\\\/wp-content\\\/uploads\\\/2020\\\/10\\\/Mise-en-relation-createur-transport-et-gestionnaire-transport-4-300x200.jpg\",\"inLanguage\":\"fr-FR\"},{\"@type\":\"WebPage\",\"@id\":\"https:\\\/\\\/www.lecomte-consultant.com\\\/attestataire-capacite\\\/annonces-gestionnaire-transport\\\/\",\"url\":\"https:\\\/\\\/www.lecomte-consultant.com\\\/attestataire-capacite\\\/annonces-gestionnaire-transport\\\/\",\"name\":\"annonces gestionnaire transport\",\"isPartOf\":{\"@id\":\"http:\\\/\\\/www.lecomte-consultant.com\\\/attestataire-capacite\\\/#website\"},\"primaryImageOfPage\":{\"@id\":\"https:\\\/\\\/www.lecomte-consultant.com\\\/attestataire-capacite\\\/annonces-gestionnaire-transport\\\/#primaryimage\"},\"image\":{\"@id\":\"https:\\\/\\\/www.lecomte-consultant.com\\\/attestataire-capacite\\\/annonces-gestionnaire-transport\\\/#primaryimage\"},\"thumbnailUrl\":\"https:\\\/\\\/www.lecomte-consultant.com\\\/attestataire-capacite\\\/wp-content\\\/uploads\\\/2020\\\/10\\\/Mise-en-relation-createur-transport-et-gestionnaire-transport-4-300x200.jpg\",\"datePublished\":\"2023-03-02T20:54:46+00:00\",\"dateModified\":\"2024-10-15T15:15:22+00:00\",\"description\":\"Page et site de petites annonces d'Attestataires de Capacit\u00e9 Transport proposant leurs services de Gestionnaire Transport Ext\u00e9rieur ou salari\u00e9\",\"breadcrumb\":{\"@id\":\"https:\\\/\\\/www.lecomte-consultant.com\\\/attestataire-capacite\\\/annonces-gestionnaire-transport\\\/#breadcrumb\"},\"inLanguage\":\"fr-FR\",\"potentialAction\":[{\"@type\":\"ReadAction\",\"target\":[\"https:\\\/\\\/www.lecomte-consultant.com\\\/attestataire-capacite\\\/annonces-gestionnaire-transport\\\/\"]}]},{\"@type\":\"ImageObject\",\"inLanguage\":\"fr-FR\",\"@id\":\"https:\\\/\\\/www.lecomte-consultant.com\\\/attestataire-capacite\\\/annonces-gestionnaire-transport\\\/#primaryimage\",\"url\":\"https:\\\/\\\/i0.wp.com\\\/www.lecomte-consultant.com\\\/attestataire-capacite\\\/wp-content\\\/uploads\\\/2020\\\/10\\\/Mise-en-relation-createur-transport-et-gestionnaire-transport-4.jpg?fit=500%2C333&ssl=1\",\"contentUrl\":\"https:\\\/\\\/i0.wp.com\\\/www.lecomte-consultant.com\\\/attestataire-capacite\\\/wp-content\\\/uploads\\\/2020\\\/10\\\/Mise-en-relation-createur-transport-et-gestionnaire-transport-4.jpg?fit=500%2C333&ssl=1\",\"width\":500,\"height\":333,\"caption\":\"Annonce gestionnaire transport\"},{\"@type\":\"BreadcrumbList\",\"@id\":\"https:\\\/\\\/www.lecomte-consultant.com\\\/attestataire-capacite\\\/annonces-gestionnaire-transport\\\/#breadcrumb\",\"itemListElement\":[{\"@type\":\"ListItem\",\"position\":1,\"name\":\"Accueil\",\"item\":\"https:\\\/\\\/www.lecomte-consultant.com\\\/attestataire-capacite\\\/\"},{\"@type\":\"ListItem\",\"position\":2,\"name\":\"annonces gestionnaire transport\"}]},{\"@type\":\"WebSite\",\"@id\":\"http:\\\/\\\/www.lecomte-consultant.com\\\/attestataire-capacite\\\/#website\",\"url\":\"http:\\\/\\\/www.lecomte-consultant.com\\\/attestataire-capacite\\\/\",\"name\":\"Lecomte Consultant Attestataire Capacit\u00e9\",\"description\":\"Assistance : Attestataire Capacit\u00e9 Transport, Entrepreneur Transport\",\"publisher\":{\"@id\":\"http:\\\/\\\/www.lecomte-consultant.com\\\/attestataire-capacite\\\/#organization\"},\"potentialAction\":[{\"@type\":\"SearchAction\",\"target\":{\"@type\":\"EntryPoint\",\"urlTemplate\":\"http:\\\/\\\/www.lecomte-consultant.com\\\/attestataire-capacite\\\/?s={search_term_string}\"},\"query-input\":{\"@type\":\"PropertyValueSpecification\",\"valueRequired\":true,\"valueName\":\"search_term_string\"}}],\"inLanguage\":\"fr-FR\"},{\"@type\":\"Organization\",\"@id\":\"http:\\\/\\\/www.lecomte-consultant.com\\\/attestataire-capacite\\\/#organization\",\"name\":\"LECOMTE SARL\",\"url\":\"http:\\\/\\\/www.lecomte-consultant.com\\\/attestataire-capacite\\\/\",\"logo\":{\"@type\":\"ImageObject\",\"inLanguage\":\"fr-FR\",\"@id\":\"http:\\\/\\\/www.lecomte-consultant.com\\\/attestataire-capacite\\\/#\\\/schema\\\/logo\\\/image\\\/\",\"url\":\"http:\\\/\\\/www.lecomte-consultant.com\\\/attestataire-capacite\\\/wp-content\\\/uploads\\\/2021\\\/07\\\/Logo-JL-M-Coaching-fond-blanc.png\",\"contentUrl\":\"http:\\\/\\\/www.lecomte-consultant.com\\\/attestataire-capacite\\\/wp-content\\\/uploads\\\/2021\\\/07\\\/Logo-JL-M-Coaching-fond-blanc.png\",\"width\":2560,\"height\":2560,\"caption\":\"LECOMTE SARL\"},\"image\":{\"@id\":\"http:\\\/\\\/www.lecomte-consultant.com\\\/attestataire-capacite\\\/#\\\/schema\\\/logo\\\/image\\\/\"},\"sameAs\":[\"https:\\\/\\\/www.facebook.com\\\/attestatairecapacite\",\"https:\\\/\\\/x.com\\\/Attestcapa\",\"https:\\\/\\\/instagram.com\\\/attestatairecapacite\\\/\",\"http:\\\/\\\/www.linkedin.com\\\/in\\\/jeanjosephlecomte\",\"https:\\\/\\\/www.youtube.com\\\/channel\\\/UC-Gh0g6HbnYFaWf5NY8VjOw\",\"https:\\\/\\\/www.youtube.com\\\/c\\\/JeanJosephLECOMTEcoachconsultant\",\"https:\\\/\\\/www.facebook.com\\\/jeanjosephlecomte\",\"https:\\\/\\\/twitter.com\\\/jeanjolecomte\",\"https:\\\/\\\/www.instagram.com\\\/lecomtejeanjoseph\\\/\",\"https:\\\/\\\/www.instagram.com\\\/jeanjosephlecomte\\\/\"]},{\"@type\":\"Person\",\"@id\":\"http:\\\/\\\/www.lecomte-consultant.com\\\/attestataire-capacite\\\/#\\\/schema\\\/person\\\/cdaa028a52c4dde46b9490909d4e6218\",\"name\":\"Lecomte JJ\",\"image\":{\"@type\":\"ImageObject\",\"inLanguage\":\"fr-FR\",\"@id\":\"https:\\\/\\\/secure.gravatar.com\\\/avatar\\\/d2b9f7e39b6c74919907db2089087915f059d76f88bf52bd8dbc83a029a2aa60?s=96&d=mm&r=g\",\"url\":\"https:\\\/\\\/secure.gravatar.com\\\/avatar\\\/d2b9f7e39b6c74919907db2089087915f059d76f88bf52bd8dbc83a029a2aa60?s=96&d=mm&r=g\",\"contentUrl\":\"https:\\\/\\\/secure.gravatar.com\\\/avatar\\\/d2b9f7e39b6c74919907db2089087915f059d76f88bf52bd8dbc83a029a2aa60?s=96&d=mm&r=g\",\"caption\":\"Lecomte JJ\"},\"description\":\"Consultant en Management, Marketing, Transport Coach relationnel Cr\u00e9ateur d'entreprises, Web entrepreneur Manager d'entreprises, Dirigeant Transport Voyageurs, tourisme, marchandises, route, a\u00e9rien Professeur de Marketing, Institut de Chambre de Commerce et d'Industrie et \u00e0 l'AFT, Association de Formation dans les Transport Master en Management Sup\u00e9rieur de L'ICG, Institut Fran\u00e7ais de Gestion Master en Transports Publics, Universit\u00e9 de Paris XII et Tourisme La Sorbonne Nouvelle, Paris\",\"sameAs\":[\"http:\\\/\\\/www.lecomte-consultant.com\",\"https:\\\/\\\/www.facebook.com\\\/lecomtejj\",\"https:\\\/\\\/x.com\\\/attestatairecap\"],\"knowsAbout\":[\"transport\"],\"knowsLanguage\":[\"fran\u00e7ais\"]}]}<\/script>\n<!-- \/ Yoast SEO Premium plugin. -->","yoast_head_json":{"title":"annonces gestionnaire transport","description":"Page et site de petites annonces d'Attestataires de Capacit\u00e9 Transport proposant leurs services de Gestionnaire Transport Ext\u00e9rieur ou salari\u00e9","robots":{"index":"index","follow":"follow","max-snippet":"max-snippet:-1","max-image-preview":"max-image-preview:large","max-video-preview":"max-video-preview:-1"},"canonical":"https:\/\/www.lecomte-consultant.com\/attestataire-capacite\/annonces-gestionnaire-transport\/","og_locale":"fr_FR","og_type":"article","og_title":"Blog Transport & Gestionnaire Externe | Lecomte Consultant","og_description":"D\u00e9couvrez nos articles pratiques pour cr\u00e9er une soci\u00e9t\u00e9 de transport, devenir gestionnaire externe et r\u00e9ussir en toute l\u00e9galit\u00e9. Conseils exclusifs de Jean Joseph Lecomte.","og_url":"https:\/\/www.lecomte-consultant.com\/attestataire-capacite\/annonces-gestionnaire-transport\/","og_site_name":"Lecomte Consultant Attestataire Capacit\u00e9","article_publisher":"https:\/\/www.facebook.com\/attestatairecapacite","article_modified_time":"2024-10-15T15:15:22+00:00","og_image":[{"url":"https:\/\/www.lecomte-consultant.com\/attestataire-capacite\/wp-content\/uploads\/2020\/10\/Mise-en-relation-createur-transport-et-gestionnaire-transport-4-300x200.jpg","type":"","width":"","height":""}],"twitter_card":"summary_large_image","twitter_site":"@Attestcapa","twitter_misc":{"Dur\u00e9e de lecture estim\u00e9e":"2 minutes"},"schema":{"@context":"https:\/\/schema.org","@graph":[{"@type":["Article","BlogPosting"],"@id":"https:\/\/www.lecomte-consultant.com\/attestataire-capacite\/annonces-gestionnaire-transport\/#article","isPartOf":{"@id":"https:\/\/www.lecomte-consultant.com\/attestataire-capacite\/annonces-gestionnaire-transport\/"},"author":{"name":"Lecomte JJ","@id":"http:\/\/www.lecomte-consultant.com\/attestataire-capacite\/#\/schema\/person\/cdaa028a52c4dde46b9490909d4e6218"},"headline":"annonces gestionnaire transport","datePublished":"2023-03-02T20:54:46+00:00","dateModified":"2024-10-15T15:15:22+00:00","mainEntityOfPage":{"@id":"https:\/\/www.lecomte-consultant.com\/attestataire-capacite\/annonces-gestionnaire-transport\/"},"wordCount":193,"publisher":{"@id":"http:\/\/www.lecomte-consultant.com\/attestataire-capacite\/#organization"},"image":{"@id":"https:\/\/www.lecomte-consultant.com\/attestataire-capacite\/annonces-gestionnaire-transport\/#primaryimage"},"thumbnailUrl":"https:\/\/www.lecomte-consultant.com\/attestataire-capacite\/wp-content\/uploads\/2020\/10\/Mise-en-relation-createur-transport-et-gestionnaire-transport-4-300x200.jpg","inLanguage":"fr-FR"},{"@type":"WebPage","@id":"https:\/\/www.lecomte-consultant.com\/attestataire-capacite\/annonces-gestionnaire-transport\/","url":"https:\/\/www.lecomte-consultant.com\/attestataire-capacite\/annonces-gestionnaire-transport\/","name":"annonces gestionnaire transport","isPartOf":{"@id":"http:\/\/www.lecomte-consultant.com\/attestataire-capacite\/#website"},"primaryImageOfPage":{"@id":"https:\/\/www.lecomte-consultant.com\/attestataire-capacite\/annonces-gestionnaire-transport\/#primaryimage"},"image":{"@id":"https:\/\/www.lecomte-consultant.com\/attestataire-capacite\/annonces-gestionnaire-transport\/#primaryimage"},"thumbnailUrl":"https:\/\/www.lecomte-consultant.com\/attestataire-capacite\/wp-content\/uploads\/2020\/10\/Mise-en-relation-createur-transport-et-gestionnaire-transport-4-300x200.jpg","datePublished":"2023-03-02T20:54:46+00:00","dateModified":"2024-10-15T15:15:22+00:00","description":"Page et site de petites annonces d'Attestataires de Capacit\u00e9 Transport proposant leurs services de Gestionnaire Transport Ext\u00e9rieur ou salari\u00e9","breadcrumb":{"@id":"https:\/\/www.lecomte-consultant.com\/attestataire-capacite\/annonces-gestionnaire-transport\/#breadcrumb"},"inLanguage":"fr-FR","potentialAction":[{"@type":"ReadAction","target":["https:\/\/www.lecomte-consultant.com\/attestataire-capacite\/annonces-gestionnaire-transport\/"]}]},{"@type":"ImageObject","inLanguage":"fr-FR","@id":"https:\/\/www.lecomte-consultant.com\/attestataire-capacite\/annonces-gestionnaire-transport\/#primaryimage","url":"https:\/\/i0.wp.com\/www.lecomte-consultant.com\/attestataire-capacite\/wp-content\/uploads\/2020\/10\/Mise-en-relation-createur-transport-et-gestionnaire-transport-4.jpg?fit=500%2C333&ssl=1","contentUrl":"https:\/\/i0.wp.com\/www.lecomte-consultant.com\/attestataire-capacite\/wp-content\/uploads\/2020\/10\/Mise-en-relation-createur-transport-et-gestionnaire-transport-4.jpg?fit=500%2C333&ssl=1","width":500,"height":333,"caption":"Annonce gestionnaire transport"},{"@type":"BreadcrumbList","@id":"https:\/\/www.lecomte-consultant.com\/attestataire-capacite\/annonces-gestionnaire-transport\/#breadcrumb","itemListElement":[{"@type":"ListItem","position":1,"name":"Accueil","item":"https:\/\/www.lecomte-consultant.com\/attestataire-capacite\/"},{"@type":"ListItem","position":2,"name":"annonces gestionnaire transport"}]},{"@type":"WebSite","@id":"http:\/\/www.lecomte-consultant.com\/attestataire-capacite\/#website","url":"http:\/\/www.lecomte-consultant.com\/attestataire-capacite\/","name":"Lecomte Consultant Attestataire Capacit\u00e9","description":"Assistance : Attestataire Capacit\u00e9 Transport, Entrepreneur Transport","publisher":{"@id":"http:\/\/www.lecomte-consultant.com\/attestataire-capacite\/#organization"},"potentialAction":[{"@type":"SearchAction","target":{"@type":"EntryPoint","urlTemplate":"http:\/\/www.lecomte-consultant.com\/attestataire-capacite\/?s={search_term_string}"},"query-input":{"@type":"PropertyValueSpecification","valueRequired":true,"valueName":"search_term_string"}}],"inLanguage":"fr-FR"},{"@type":"Organization","@id":"http:\/\/www.lecomte-consultant.com\/attestataire-capacite\/#organization","name":"LECOMTE SARL","url":"http:\/\/www.lecomte-consultant.com\/attestataire-capacite\/","logo":{"@type":"ImageObject","inLanguage":"fr-FR","@id":"http:\/\/www.lecomte-consultant.com\/attestataire-capacite\/#\/schema\/logo\/image\/","url":"http:\/\/www.lecomte-consultant.com\/attestataire-capacite\/wp-content\/uploads\/2021\/07\/Logo-JL-M-Coaching-fond-blanc.png","contentUrl":"http:\/\/www.lecomte-consultant.com\/attestataire-capacite\/wp-content\/uploads\/2021\/07\/Logo-JL-M-Coaching-fond-blanc.png","width":2560,"height":2560,"caption":"LECOMTE SARL"},"image":{"@id":"http:\/\/www.lecomte-consultant.com\/attestataire-capacite\/#\/schema\/logo\/image\/"},"sameAs":["https:\/\/www.facebook.com\/attestatairecapacite","https:\/\/x.com\/Attestcapa","https:\/\/instagram.com\/attestatairecapacite\/","http:\/\/www.linkedin.com\/in\/jeanjosephlecomte","https:\/\/www.youtube.com\/channel\/UC-Gh0g6HbnYFaWf5NY8VjOw","https:\/\/www.youtube.com\/c\/JeanJosephLECOMTEcoachconsultant","https:\/\/www.facebook.com\/jeanjosephlecomte","https:\/\/twitter.com\/jeanjolecomte","https:\/\/www.instagram.com\/lecomtejeanjoseph\/","https:\/\/www.instagram.com\/jeanjosephlecomte\/"]},{"@type":"Person","@id":"http:\/\/www.lecomte-consultant.com\/attestataire-capacite\/#\/schema\/person\/cdaa028a52c4dde46b9490909d4e6218","name":"Lecomte JJ","image":{"@type":"ImageObject","inLanguage":"fr-FR","@id":"https:\/\/secure.gravatar.com\/avatar\/d2b9f7e39b6c74919907db2089087915f059d76f88bf52bd8dbc83a029a2aa60?s=96&d=mm&r=g","url":"https:\/\/secure.gravatar.com\/avatar\/d2b9f7e39b6c74919907db2089087915f059d76f88bf52bd8dbc83a029a2aa60?s=96&d=mm&r=g","contentUrl":"https:\/\/secure.gravatar.com\/avatar\/d2b9f7e39b6c74919907db2089087915f059d76f88bf52bd8dbc83a029a2aa60?s=96&d=mm&r=g","caption":"Lecomte JJ"},"description":"Consultant en Management, Marketing, Transport Coach relationnel Cr\u00e9ateur d'entreprises, Web entrepreneur Manager d'entreprises, Dirigeant Transport Voyageurs, tourisme, marchandises, route, a\u00e9rien Professeur de Marketing, Institut de Chambre de Commerce et d'Industrie et \u00e0 l'AFT, Association de Formation dans les Transport Master en Management Sup\u00e9rieur de L'ICG, Institut Fran\u00e7ais de Gestion Master en Transports Publics, Universit\u00e9 de Paris XII et Tourisme La Sorbonne Nouvelle, Paris","sameAs":["http:\/\/www.lecomte-consultant.com","https:\/\/www.facebook.com\/lecomtejj","https:\/\/x.com\/attestatairecap"],"knowsAbout":["transport"],"knowsLanguage":["fran\u00e7ais"]}]}},"jetpack_sharing_enabled":true,"_links":{"self":[{"href":"https:\/\/www.lecomte-consultant.com\/attestataire-capacite\/wp-json\/wp\/v2\/pages\/6250","targetHints":{"allow":["GET"]}}],"collection":[{"href":"https:\/\/www.lecomte-consultant.com\/attestataire-capacite\/wp-json\/wp\/v2\/pages"}],"about":[{"href":"https:\/\/www.lecomte-consultant.com\/attestataire-capacite\/wp-json\/wp\/v2\/types\/page"}],"author":[{"embeddable":true,"href":"https:\/\/www.lecomte-consultant.com\/attestataire-capacite\/wp-json\/wp\/v2\/users\/1"}],"replies":[{"embeddable":true,"href":"https:\/\/www.lecomte-consultant.com\/attestataire-capacite\/wp-json\/wp\/v2\/comments?post=6250"}],"version-history":[{"count":1,"href":"https:\/\/www.lecomte-consultant.com\/attestataire-capacite\/wp-json\/wp\/v2\/pages\/6250\/revisions"}],"predecessor-version":[{"id":8205,"href":"https:\/\/www.lecomte-consultant.com\/attestataire-capacite\/wp-json\/wp\/v2\/pages\/6250\/revisions\/8205"}],"wp:attachment":[{"href":"https:\/\/www.lecomte-consultant.com\/attestataire-capacite\/wp-json\/wp\/v2\/media?parent=6250"}],"curies":[{"name":"wp","href":"https:\/\/api.w.org\/{rel}","templated":true}]}}