{"id":3972,"date":"2020-09-04T12:23:00","date_gmt":"2020-09-04T11:23:00","guid":{"rendered":"https:\/\/www.lecomte-consultant.com\/attestataire-capacite\/?page_id=3972"},"modified":"2025-09-11T06:44:42","modified_gmt":"2025-09-11T05:44:42","slug":"conditions-mise-en-relation","status":"publish","type":"page","link":"https:\/\/www.lecomte-consultant.com\/attestataire-capacite\/conditions-mise-en-relation\/","title":{"rendered":"Conditions mise en relation"},"content":{"rendered":"\r\n<h1>Conditions mise en relation<img data-recalc-dims=\"1\" decoding=\"async\" class=\"alignright wp-image-792 size-medium\" title=\"Mise en relation gestionnaire transport\" src=\"https:\/\/i0.wp.com\/www.lecomte-consultant.com\/attestataire-capacite\/wp-content\/uploads\/2015\/01\/rencontre.jpg?resize=200%2C300&#038;ssl=1\" alt=\"Mise en relation gestionnaire transport\" width=\"200\" height=\"300\" srcset=\"https:\/\/i0.wp.com\/www.lecomte-consultant.com\/attestataire-capacite\/wp-content\/uploads\/2015\/01\/rencontre.jpg?resize=200%2C300&amp;ssl=1 200w, https:\/\/i0.wp.com\/www.lecomte-consultant.com\/attestataire-capacite\/wp-content\/uploads\/2015\/01\/rencontre.jpg?w=283&amp;ssl=1 283w\" sizes=\"(max-width: 200px) 100vw, 200px\" \/><\/h1>\r\n<h2>Entrepreneur transport<\/h2>\r\n\r\n\r\n\r\n<p>Suivant les r\u00e8gles propres \u00e0 ce site,<strong> l\u2019\u00e9change des coordonn\u00e9es en direct entre les visiteurs, entrepreneurs et attestataires de capacit\u00e9 gestionnaires, est soumis \u00e0 notre agr\u00e9ment.<\/strong><\/p>\r\n\r\n\r\n\r\n<p><strong>Pour obtenir les coordonn\u00e9es d\u2019un correspondant<\/strong>, veuillez envoyer une copie d&rsquo;\u00e9cran ou autre renseignement permettant d\u2019identifier le nom et le texte de ce correspondant pour le situer. <br \/><br \/>Et renvoyez ces \u00e9l\u00e9ments \u00e0 contact@lecomte-consultant.com apr\u00e8s avoir r\u00e9gl\u00e9 les frais de gestion pour un montant de 137 \u20ac par ce lien:<br \/><strong><a href=\"http:\/\/Paypal.me\/jeanjosephlecomte\" target=\"_blank\" rel=\"noreferrer noopener\">Paypal.me\/jeanjosephlecomte<\/a><\/strong><\/p>\r\n<h3>R\u00e9sultat ou remboursement<\/h3>\r\n<p>Si la mise en relation ne pouvait avoir lieu, les frais de gestion seraient r\u00e9duits \u00e0 37 \u20ac et\u00a0 100 \u20ac rembours\u00e9s dans un d\u00e9lai raisonnable.<\/p>\r\n\r\n\r\n\r\n<h3>Obligations mise en relation entrepreneur transport<\/h3>\r\n<p>Sans le suivi de cette proc\u00e9dure, l\u2019\u00e9change n\u2019aura pas lieu.<\/p>\r\n\r\n\r\n\r\n<p>&nbsp;<\/p>\r\n\r\n\r\n\r\n<h2 class=\"wp-block-heading\">CANDIDAT ATTESTAIRE DE CAPACITE<\/h2>\r\n\r\n\r\n\r\n<p><strong>IMPORTANT : Proc\u00e9dure \u00e0 suivre pour \u00eatre enregistr\u00e9<\/strong><\/p>\r\n\r\n\r\n\r\n<ol class=\"wp-block-list\">\r\n<li><span style=\"color: #000080;\"><strong><a style=\"color: #000080;\" href=\"https:\/\/www.lecomte-consultant.com\/attestataire-capacite\/gestionnaire-transport-annonces\/\" target=\"_blank\" rel=\"noopener\">Prendre connaissance de la page, lien ici<\/a><\/strong><\/span><\/li>\r\n<li>\r\n<p>L&rsquo;attestataire de capacit\u00e9 gestionnaire transport doit de son c\u00f4t\u00e9 avoir correctement rempli ses formalit\u00e9s vis \u00e0 vis de nous = autre conditions de la mise en relation.<\/p>\r\n<p>Voir cette page: <a href=\"https:\/\/www.lecomte-consultant.com\/attestataire-capacite\/candidats-offres-emploi-transport\/\" target=\"_blank\" rel=\"noreferrer noopener\">Candidats offre emploi transport<\/a><\/p>\r\n<\/li>\r\n<\/ol>\r\n\r\n\r\n\r\n<p>Votre partenaire de mise en relation<\/p>\r\n\r\n\r\n\r\n<p>&nbsp;<\/p>\r\n","protected":false},"excerpt":{"rendered":"<p>Conditions mise en relation Entrepreneur transport Suivant les r\u00e8gles propres \u00e0 ce site, l\u2019\u00e9change des coordonn\u00e9es en direct entre les visiteurs, entrepreneurs et attestataires de capacit\u00e9 gestionnaires, est soumis \u00e0 notre agr\u00e9ment. Pour obtenir les coordonn\u00e9es  [&#8230;]<\/p>\n","protected":false},"author":1,"featured_media":0,"parent":0,"menu_order":0,"comment_status":"closed","ping_status":"closed","template":"","meta":{"_exactmetrics_skip_tracking":false,"_exactmetrics_sitenote_active":false,"_exactmetrics_sitenote_note":"","_exactmetrics_sitenote_category":0,"footnotes":""},"class_list":["post-3972","page","type-page","status-publish","hentry"],"yoast_head":"<!-- This site is optimized with the Yoast SEO Premium plugin v27.4 (Yoast SEO v27.4) - https:\/\/yoast.com\/product\/yoast-seo-premium-wordpress\/ -->\n<title>Conditions mise en relation<\/title>\n<meta name=\"description\" content=\"Prenez connaissance des Conditions de mise en relation: entrepreneur transport et attestataire de capacit\u00e9 gestionnaire transport externe\" \/>\n<meta name=\"robots\" content=\"index, follow, max-snippet:-1, max-image-preview:large, max-video-preview:-1\" \/>\n<link rel=\"canonical\" href=\"https:\/\/www.lecomte-consultant.com\/attestataire-capacite\/conditions-mise-en-relation\/\" \/>\n<meta property=\"og:locale\" content=\"fr_FR\" \/>\n<meta property=\"og:type\" content=\"article\" \/>\n<meta property=\"og:title\" content=\"Blog Transport &amp; Gestionnaire Externe | Lecomte Consultant\" \/>\n<meta property=\"og:description\" content=\"D\u00e9couvrez nos articles pratiques pour cr\u00e9er une soci\u00e9t\u00e9 de transport, devenir gestionnaire externe et r\u00e9ussir en toute l\u00e9galit\u00e9. Conseils exclusifs de Jean Joseph Lecomte.\" \/>\n<meta property=\"og:url\" content=\"https:\/\/www.lecomte-consultant.com\/attestataire-capacite\/conditions-mise-en-relation\/\" \/>\n<meta property=\"og:site_name\" content=\"Lecomte Consultant Attestataire Capacit\u00e9\" \/>\n<meta property=\"article:publisher\" content=\"https:\/\/www.facebook.com\/attestatairecapacite\" \/>\n<meta property=\"article:modified_time\" content=\"2025-09-11T05:44:42+00:00\" \/>\n<meta property=\"og:image\" content=\"https:\/\/www.lecomte-consultant.com\/attestataire-capacite\/wp-content\/uploads\/2015\/01\/rencontre-200x300.jpg\" \/>\n<meta name=\"twitter:card\" content=\"summary_large_image\" \/>\n<meta name=\"twitter:site\" content=\"@Attestcapa\" \/>\n<meta name=\"twitter:label1\" content=\"Dur\u00e9e de lecture estim\u00e9e\" \/>\n\t<meta name=\"twitter:data1\" content=\"1 minute\" \/>\n<script type=\"application\/ld+json\" class=\"yoast-schema-graph\">{\"@context\":\"https:\\\/\\\/schema.org\",\"@graph\":[{\"@type\":[\"Article\",\"BlogPosting\"],\"@id\":\"https:\\\/\\\/www.lecomte-consultant.com\\\/attestataire-capacite\\\/conditions-mise-en-relation\\\/#article\",\"isPartOf\":{\"@id\":\"https:\\\/\\\/www.lecomte-consultant.com\\\/attestataire-capacite\\\/conditions-mise-en-relation\\\/\"},\"author\":{\"name\":\"Lecomte JJ\",\"@id\":\"http:\\\/\\\/www.lecomte-consultant.com\\\/attestataire-capacite\\\/#\\\/schema\\\/person\\\/cdaa028a52c4dde46b9490909d4e6218\"},\"headline\":\"Conditions mise en relation\",\"datePublished\":\"2020-09-04T11:23:00+00:00\",\"dateModified\":\"2025-09-11T05:44:42+00:00\",\"mainEntityOfPage\":{\"@id\":\"https:\\\/\\\/www.lecomte-consultant.com\\\/attestataire-capacite\\\/conditions-mise-en-relation\\\/\"},\"wordCount\":204,\"publisher\":{\"@id\":\"http:\\\/\\\/www.lecomte-consultant.com\\\/attestataire-capacite\\\/#organization\"},\"image\":{\"@id\":\"https:\\\/\\\/www.lecomte-consultant.com\\\/attestataire-capacite\\\/conditions-mise-en-relation\\\/#primaryimage\"},\"thumbnailUrl\":\"https:\\\/\\\/www.lecomte-consultant.com\\\/attestataire-capacite\\\/wp-content\\\/uploads\\\/2015\\\/01\\\/rencontre-200x300.jpg\",\"inLanguage\":\"fr-FR\"},{\"@type\":\"WebPage\",\"@id\":\"https:\\\/\\\/www.lecomte-consultant.com\\\/attestataire-capacite\\\/conditions-mise-en-relation\\\/\",\"url\":\"https:\\\/\\\/www.lecomte-consultant.com\\\/attestataire-capacite\\\/conditions-mise-en-relation\\\/\",\"name\":\"Conditions mise en relation\",\"isPartOf\":{\"@id\":\"http:\\\/\\\/www.lecomte-consultant.com\\\/attestataire-capacite\\\/#website\"},\"primaryImageOfPage\":{\"@id\":\"https:\\\/\\\/www.lecomte-consultant.com\\\/attestataire-capacite\\\/conditions-mise-en-relation\\\/#primaryimage\"},\"image\":{\"@id\":\"https:\\\/\\\/www.lecomte-consultant.com\\\/attestataire-capacite\\\/conditions-mise-en-relation\\\/#primaryimage\"},\"thumbnailUrl\":\"https:\\\/\\\/www.lecomte-consultant.com\\\/attestataire-capacite\\\/wp-content\\\/uploads\\\/2015\\\/01\\\/rencontre-200x300.jpg\",\"datePublished\":\"2020-09-04T11:23:00+00:00\",\"dateModified\":\"2025-09-11T05:44:42+00:00\",\"description\":\"Prenez connaissance des Conditions de mise en relation: entrepreneur transport et attestataire de capacit\u00e9 gestionnaire transport externe\",\"breadcrumb\":{\"@id\":\"https:\\\/\\\/www.lecomte-consultant.com\\\/attestataire-capacite\\\/conditions-mise-en-relation\\\/#breadcrumb\"},\"inLanguage\":\"fr-FR\",\"potentialAction\":[{\"@type\":\"ReadAction\",\"target\":[\"https:\\\/\\\/www.lecomte-consultant.com\\\/attestataire-capacite\\\/conditions-mise-en-relation\\\/\"]}]},{\"@type\":\"ImageObject\",\"inLanguage\":\"fr-FR\",\"@id\":\"https:\\\/\\\/www.lecomte-consultant.com\\\/attestataire-capacite\\\/conditions-mise-en-relation\\\/#primaryimage\",\"url\":\"https:\\\/\\\/i0.wp.com\\\/www.lecomte-consultant.com\\\/attestataire-capacite\\\/wp-content\\\/uploads\\\/2015\\\/01\\\/rencontre.jpg?fit=283%2C424&ssl=1\",\"contentUrl\":\"https:\\\/\\\/i0.wp.com\\\/www.lecomte-consultant.com\\\/attestataire-capacite\\\/wp-content\\\/uploads\\\/2015\\\/01\\\/rencontre.jpg?fit=283%2C424&ssl=1\",\"width\":283,\"height\":424,\"caption\":\"Coaching gestionnaire transport\"},{\"@type\":\"BreadcrumbList\",\"@id\":\"https:\\\/\\\/www.lecomte-consultant.com\\\/attestataire-capacite\\\/conditions-mise-en-relation\\\/#breadcrumb\",\"itemListElement\":[{\"@type\":\"ListItem\",\"position\":1,\"name\":\"Accueil\",\"item\":\"https:\\\/\\\/www.lecomte-consultant.com\\\/attestataire-capacite\\\/\"},{\"@type\":\"ListItem\",\"position\":2,\"name\":\"Conditions mise en relation\"}]},{\"@type\":\"WebSite\",\"@id\":\"http:\\\/\\\/www.lecomte-consultant.com\\\/attestataire-capacite\\\/#website\",\"url\":\"http:\\\/\\\/www.lecomte-consultant.com\\\/attestataire-capacite\\\/\",\"name\":\"Lecomte Consultant Attestataire Capacit\u00e9\",\"description\":\"Assistance : Attestataire Capacit\u00e9 Transport, Entrepreneur Transport\",\"publisher\":{\"@id\":\"http:\\\/\\\/www.lecomte-consultant.com\\\/attestataire-capacite\\\/#organization\"},\"potentialAction\":[{\"@type\":\"SearchAction\",\"target\":{\"@type\":\"EntryPoint\",\"urlTemplate\":\"http:\\\/\\\/www.lecomte-consultant.com\\\/attestataire-capacite\\\/?s={search_term_string}\"},\"query-input\":{\"@type\":\"PropertyValueSpecification\",\"valueRequired\":true,\"valueName\":\"search_term_string\"}}],\"inLanguage\":\"fr-FR\"},{\"@type\":\"Organization\",\"@id\":\"http:\\\/\\\/www.lecomte-consultant.com\\\/attestataire-capacite\\\/#organization\",\"name\":\"LECOMTE SARL\",\"url\":\"http:\\\/\\\/www.lecomte-consultant.com\\\/attestataire-capacite\\\/\",\"logo\":{\"@type\":\"ImageObject\",\"inLanguage\":\"fr-FR\",\"@id\":\"http:\\\/\\\/www.lecomte-consultant.com\\\/attestataire-capacite\\\/#\\\/schema\\\/logo\\\/image\\\/\",\"url\":\"http:\\\/\\\/www.lecomte-consultant.com\\\/attestataire-capacite\\\/wp-content\\\/uploads\\\/2021\\\/07\\\/Logo-JL-M-Coaching-fond-blanc.png\",\"contentUrl\":\"http:\\\/\\\/www.lecomte-consultant.com\\\/attestataire-capacite\\\/wp-content\\\/uploads\\\/2021\\\/07\\\/Logo-JL-M-Coaching-fond-blanc.png\",\"width\":2560,\"height\":2560,\"caption\":\"LECOMTE SARL\"},\"image\":{\"@id\":\"http:\\\/\\\/www.lecomte-consultant.com\\\/attestataire-capacite\\\/#\\\/schema\\\/logo\\\/image\\\/\"},\"sameAs\":[\"https:\\\/\\\/www.facebook.com\\\/attestatairecapacite\",\"https:\\\/\\\/x.com\\\/Attestcapa\",\"https:\\\/\\\/instagram.com\\\/attestatairecapacite\\\/\",\"http:\\\/\\\/www.linkedin.com\\\/in\\\/jeanjosephlecomte\",\"https:\\\/\\\/www.youtube.com\\\/channel\\\/UC-Gh0g6HbnYFaWf5NY8VjOw\",\"https:\\\/\\\/www.youtube.com\\\/c\\\/JeanJosephLECOMTEcoachconsultant\",\"https:\\\/\\\/www.facebook.com\\\/jeanjosephlecomte\",\"https:\\\/\\\/twitter.com\\\/jeanjolecomte\",\"https:\\\/\\\/www.instagram.com\\\/lecomtejeanjoseph\\\/\",\"https:\\\/\\\/www.instagram.com\\\/jeanjosephlecomte\\\/\"]},{\"@type\":\"Person\",\"@id\":\"http:\\\/\\\/www.lecomte-consultant.com\\\/attestataire-capacite\\\/#\\\/schema\\\/person\\\/cdaa028a52c4dde46b9490909d4e6218\",\"name\":\"Lecomte JJ\",\"image\":{\"@type\":\"ImageObject\",\"inLanguage\":\"fr-FR\",\"@id\":\"https:\\\/\\\/secure.gravatar.com\\\/avatar\\\/d2b9f7e39b6c74919907db2089087915f059d76f88bf52bd8dbc83a029a2aa60?s=96&d=mm&r=g\",\"url\":\"https:\\\/\\\/secure.gravatar.com\\\/avatar\\\/d2b9f7e39b6c74919907db2089087915f059d76f88bf52bd8dbc83a029a2aa60?s=96&d=mm&r=g\",\"contentUrl\":\"https:\\\/\\\/secure.gravatar.com\\\/avatar\\\/d2b9f7e39b6c74919907db2089087915f059d76f88bf52bd8dbc83a029a2aa60?s=96&d=mm&r=g\",\"caption\":\"Lecomte JJ\"},\"description\":\"Consultant en Management, Marketing, Transport Coach relationnel Cr\u00e9ateur d'entreprises, Web entrepreneur Manager d'entreprises, Dirigeant Transport Voyageurs, tourisme, marchandises, route, a\u00e9rien Professeur de Marketing, Institut de Chambre de Commerce et d'Industrie et \u00e0 l'AFT, Association de Formation dans les Transport Master en Management Sup\u00e9rieur de L'ICG, Institut Fran\u00e7ais de Gestion Master en Transports Publics, Universit\u00e9 de Paris XII et Tourisme La Sorbonne Nouvelle, Paris\",\"sameAs\":[\"http:\\\/\\\/www.lecomte-consultant.com\",\"https:\\\/\\\/www.facebook.com\\\/lecomtejj\",\"https:\\\/\\\/x.com\\\/attestatairecap\"],\"knowsAbout\":[\"transport\"],\"knowsLanguage\":[\"fran\u00e7ais\"]}]}<\/script>\n<!-- \/ Yoast SEO Premium plugin. -->","yoast_head_json":{"title":"Conditions mise en relation","description":"Prenez connaissance des Conditions de mise en relation: entrepreneur transport et attestataire de capacit\u00e9 gestionnaire transport externe","robots":{"index":"index","follow":"follow","max-snippet":"max-snippet:-1","max-image-preview":"max-image-preview:large","max-video-preview":"max-video-preview:-1"},"canonical":"https:\/\/www.lecomte-consultant.com\/attestataire-capacite\/conditions-mise-en-relation\/","og_locale":"fr_FR","og_type":"article","og_title":"Blog Transport & Gestionnaire Externe | Lecomte Consultant","og_description":"D\u00e9couvrez nos articles pratiques pour cr\u00e9er une soci\u00e9t\u00e9 de transport, devenir gestionnaire externe et r\u00e9ussir en toute l\u00e9galit\u00e9. Conseils exclusifs de Jean Joseph Lecomte.","og_url":"https:\/\/www.lecomte-consultant.com\/attestataire-capacite\/conditions-mise-en-relation\/","og_site_name":"Lecomte Consultant Attestataire Capacit\u00e9","article_publisher":"https:\/\/www.facebook.com\/attestatairecapacite","article_modified_time":"2025-09-11T05:44:42+00:00","og_image":[{"url":"https:\/\/www.lecomte-consultant.com\/attestataire-capacite\/wp-content\/uploads\/2015\/01\/rencontre-200x300.jpg","type":"","width":"","height":""}],"twitter_card":"summary_large_image","twitter_site":"@Attestcapa","twitter_misc":{"Dur\u00e9e de lecture estim\u00e9e":"1 minute"},"schema":{"@context":"https:\/\/schema.org","@graph":[{"@type":["Article","BlogPosting"],"@id":"https:\/\/www.lecomte-consultant.com\/attestataire-capacite\/conditions-mise-en-relation\/#article","isPartOf":{"@id":"https:\/\/www.lecomte-consultant.com\/attestataire-capacite\/conditions-mise-en-relation\/"},"author":{"name":"Lecomte JJ","@id":"http:\/\/www.lecomte-consultant.com\/attestataire-capacite\/#\/schema\/person\/cdaa028a52c4dde46b9490909d4e6218"},"headline":"Conditions mise en relation","datePublished":"2020-09-04T11:23:00+00:00","dateModified":"2025-09-11T05:44:42+00:00","mainEntityOfPage":{"@id":"https:\/\/www.lecomte-consultant.com\/attestataire-capacite\/conditions-mise-en-relation\/"},"wordCount":204,"publisher":{"@id":"http:\/\/www.lecomte-consultant.com\/attestataire-capacite\/#organization"},"image":{"@id":"https:\/\/www.lecomte-consultant.com\/attestataire-capacite\/conditions-mise-en-relation\/#primaryimage"},"thumbnailUrl":"https:\/\/www.lecomte-consultant.com\/attestataire-capacite\/wp-content\/uploads\/2015\/01\/rencontre-200x300.jpg","inLanguage":"fr-FR"},{"@type":"WebPage","@id":"https:\/\/www.lecomte-consultant.com\/attestataire-capacite\/conditions-mise-en-relation\/","url":"https:\/\/www.lecomte-consultant.com\/attestataire-capacite\/conditions-mise-en-relation\/","name":"Conditions mise en relation","isPartOf":{"@id":"http:\/\/www.lecomte-consultant.com\/attestataire-capacite\/#website"},"primaryImageOfPage":{"@id":"https:\/\/www.lecomte-consultant.com\/attestataire-capacite\/conditions-mise-en-relation\/#primaryimage"},"image":{"@id":"https:\/\/www.lecomte-consultant.com\/attestataire-capacite\/conditions-mise-en-relation\/#primaryimage"},"thumbnailUrl":"https:\/\/www.lecomte-consultant.com\/attestataire-capacite\/wp-content\/uploads\/2015\/01\/rencontre-200x300.jpg","datePublished":"2020-09-04T11:23:00+00:00","dateModified":"2025-09-11T05:44:42+00:00","description":"Prenez connaissance des Conditions de mise en relation: entrepreneur transport et attestataire de capacit\u00e9 gestionnaire transport externe","breadcrumb":{"@id":"https:\/\/www.lecomte-consultant.com\/attestataire-capacite\/conditions-mise-en-relation\/#breadcrumb"},"inLanguage":"fr-FR","potentialAction":[{"@type":"ReadAction","target":["https:\/\/www.lecomte-consultant.com\/attestataire-capacite\/conditions-mise-en-relation\/"]}]},{"@type":"ImageObject","inLanguage":"fr-FR","@id":"https:\/\/www.lecomte-consultant.com\/attestataire-capacite\/conditions-mise-en-relation\/#primaryimage","url":"https:\/\/i0.wp.com\/www.lecomte-consultant.com\/attestataire-capacite\/wp-content\/uploads\/2015\/01\/rencontre.jpg?fit=283%2C424&ssl=1","contentUrl":"https:\/\/i0.wp.com\/www.lecomte-consultant.com\/attestataire-capacite\/wp-content\/uploads\/2015\/01\/rencontre.jpg?fit=283%2C424&ssl=1","width":283,"height":424,"caption":"Coaching gestionnaire transport"},{"@type":"BreadcrumbList","@id":"https:\/\/www.lecomte-consultant.com\/attestataire-capacite\/conditions-mise-en-relation\/#breadcrumb","itemListElement":[{"@type":"ListItem","position":1,"name":"Accueil","item":"https:\/\/www.lecomte-consultant.com\/attestataire-capacite\/"},{"@type":"ListItem","position":2,"name":"Conditions mise en relation"}]},{"@type":"WebSite","@id":"http:\/\/www.lecomte-consultant.com\/attestataire-capacite\/#website","url":"http:\/\/www.lecomte-consultant.com\/attestataire-capacite\/","name":"Lecomte Consultant Attestataire Capacit\u00e9","description":"Assistance : Attestataire Capacit\u00e9 Transport, Entrepreneur Transport","publisher":{"@id":"http:\/\/www.lecomte-consultant.com\/attestataire-capacite\/#organization"},"potentialAction":[{"@type":"SearchAction","target":{"@type":"EntryPoint","urlTemplate":"http:\/\/www.lecomte-consultant.com\/attestataire-capacite\/?s={search_term_string}"},"query-input":{"@type":"PropertyValueSpecification","valueRequired":true,"valueName":"search_term_string"}}],"inLanguage":"fr-FR"},{"@type":"Organization","@id":"http:\/\/www.lecomte-consultant.com\/attestataire-capacite\/#organization","name":"LECOMTE SARL","url":"http:\/\/www.lecomte-consultant.com\/attestataire-capacite\/","logo":{"@type":"ImageObject","inLanguage":"fr-FR","@id":"http:\/\/www.lecomte-consultant.com\/attestataire-capacite\/#\/schema\/logo\/image\/","url":"http:\/\/www.lecomte-consultant.com\/attestataire-capacite\/wp-content\/uploads\/2021\/07\/Logo-JL-M-Coaching-fond-blanc.png","contentUrl":"http:\/\/www.lecomte-consultant.com\/attestataire-capacite\/wp-content\/uploads\/2021\/07\/Logo-JL-M-Coaching-fond-blanc.png","width":2560,"height":2560,"caption":"LECOMTE SARL"},"image":{"@id":"http:\/\/www.lecomte-consultant.com\/attestataire-capacite\/#\/schema\/logo\/image\/"},"sameAs":["https:\/\/www.facebook.com\/attestatairecapacite","https:\/\/x.com\/Attestcapa","https:\/\/instagram.com\/attestatairecapacite\/","http:\/\/www.linkedin.com\/in\/jeanjosephlecomte","https:\/\/www.youtube.com\/channel\/UC-Gh0g6HbnYFaWf5NY8VjOw","https:\/\/www.youtube.com\/c\/JeanJosephLECOMTEcoachconsultant","https:\/\/www.facebook.com\/jeanjosephlecomte","https:\/\/twitter.com\/jeanjolecomte","https:\/\/www.instagram.com\/lecomtejeanjoseph\/","https:\/\/www.instagram.com\/jeanjosephlecomte\/"]},{"@type":"Person","@id":"http:\/\/www.lecomte-consultant.com\/attestataire-capacite\/#\/schema\/person\/cdaa028a52c4dde46b9490909d4e6218","name":"Lecomte JJ","image":{"@type":"ImageObject","inLanguage":"fr-FR","@id":"https:\/\/secure.gravatar.com\/avatar\/d2b9f7e39b6c74919907db2089087915f059d76f88bf52bd8dbc83a029a2aa60?s=96&d=mm&r=g","url":"https:\/\/secure.gravatar.com\/avatar\/d2b9f7e39b6c74919907db2089087915f059d76f88bf52bd8dbc83a029a2aa60?s=96&d=mm&r=g","contentUrl":"https:\/\/secure.gravatar.com\/avatar\/d2b9f7e39b6c74919907db2089087915f059d76f88bf52bd8dbc83a029a2aa60?s=96&d=mm&r=g","caption":"Lecomte JJ"},"description":"Consultant en Management, Marketing, Transport Coach relationnel Cr\u00e9ateur d'entreprises, Web entrepreneur Manager d'entreprises, Dirigeant Transport Voyageurs, tourisme, marchandises, route, a\u00e9rien Professeur de Marketing, Institut de Chambre de Commerce et d'Industrie et \u00e0 l'AFT, Association de Formation dans les Transport Master en Management Sup\u00e9rieur de L'ICG, Institut Fran\u00e7ais de Gestion Master en Transports Publics, Universit\u00e9 de Paris XII et Tourisme La Sorbonne Nouvelle, Paris","sameAs":["http:\/\/www.lecomte-consultant.com","https:\/\/www.facebook.com\/lecomtejj","https:\/\/x.com\/attestatairecap"],"knowsAbout":["transport"],"knowsLanguage":["fran\u00e7ais"]}]}},"jetpack_sharing_enabled":true,"_links":{"self":[{"href":"https:\/\/www.lecomte-consultant.com\/attestataire-capacite\/wp-json\/wp\/v2\/pages\/3972","targetHints":{"allow":["GET"]}}],"collection":[{"href":"https:\/\/www.lecomte-consultant.com\/attestataire-capacite\/wp-json\/wp\/v2\/pages"}],"about":[{"href":"https:\/\/www.lecomte-consultant.com\/attestataire-capacite\/wp-json\/wp\/v2\/types\/page"}],"author":[{"embeddable":true,"href":"https:\/\/www.lecomte-consultant.com\/attestataire-capacite\/wp-json\/wp\/v2\/users\/1"}],"replies":[{"embeddable":true,"href":"https:\/\/www.lecomte-consultant.com\/attestataire-capacite\/wp-json\/wp\/v2\/comments?post=3972"}],"version-history":[{"count":5,"href":"https:\/\/www.lecomte-consultant.com\/attestataire-capacite\/wp-json\/wp\/v2\/pages\/3972\/revisions"}],"predecessor-version":[{"id":9341,"href":"https:\/\/www.lecomte-consultant.com\/attestataire-capacite\/wp-json\/wp\/v2\/pages\/3972\/revisions\/9341"}],"wp:attachment":[{"href":"https:\/\/www.lecomte-consultant.com\/attestataire-capacite\/wp-json\/wp\/v2\/media?parent=3972"}],"curies":[{"name":"wp","href":"https:\/\/api.w.org\/{rel}","templated":true}]}}