{"id":1885,"date":"2017-05-21T11:09:33","date_gmt":"2017-05-21T10:09:33","guid":{"rendered":"http:\/\/www.lecomte-consultant.com\/attestataire-capacite\/?page_id=1885"},"modified":"2025-01-04T21:21:09","modified_gmt":"2025-01-04T20:21:09","slug":"remerciements-et-concours","status":"publish","type":"page","link":"https:\/\/www.lecomte-consultant.com\/attestataire-capacite\/remerciements-et-concours\/","title":{"rendered":"Remerciements et concours"},"content":{"rendered":"<p><strong>Remerciements et concours,\u00a0<\/strong><\/p>\n<p>Bonjour,<\/p>\n<p>Je vous remercie de votre inscription aux informations du site Lecomte consultant attestataire de capacit\u00e9.<\/p>\n<div id=\"attachment_816\" style=\"width: 310px\" class=\"wp-caption alignright\"><img data-recalc-dims=\"1\" decoding=\"async\" aria-describedby=\"caption-attachment-816\" class=\"size-medium wp-image-816\" src=\"https:\/\/i0.wp.com\/www.lecomte-consultant.com\/attestataire-capacite\/wp-content\/uploads\/2015\/02\/Salaire-Attestataire-Capacite-Transport.jpg?resize=300%2C199&#038;ssl=1\" alt=\"Remerciements et concours, gagnez 1.000 \u20ac nets\" width=\"300\" height=\"199\" srcset=\"https:\/\/i0.wp.com\/www.lecomte-consultant.com\/attestataire-capacite\/wp-content\/uploads\/2015\/02\/Salaire-Attestataire-Capacite-Transport.jpg?resize=300%2C199&amp;ssl=1 300w, https:\/\/i0.wp.com\/www.lecomte-consultant.com\/attestataire-capacite\/wp-content\/uploads\/2015\/02\/Salaire-Attestataire-Capacite-Transport.jpg?w=425&amp;ssl=1 425w\" sizes=\"(max-width: 300px) 100vw, 300px\" \/><p id=\"caption-attachment-816\" class=\"wp-caption-text\">Remerciements et concours, gagnez 1.000 \u20ac nets<\/p><\/div>\n<p>D\u2019ores et d\u00e9j\u00e0, vous pouvez t\u00e9l\u00e9charger votre cadeau :<\/p>\n<p><a href=\"http:\/\/www.lecomte-consultant.com\/attestataire-capacite\/abdgf\/guideattestatairecapacite.pdf\"><strong>Cadeau du guide attestataire de capacit\u00e9, cliquez sur ce lien<\/strong><\/a><\/p>\n<p>Maintenant <span style=\"color: #993300;\"><strong>qu\u2019en est-il du concours pour gagner 1000 \u20ac nets par mois<\/strong> <\/span>? Et de quoi s\u2019agit-il ?<\/p>\n<p>Tout d\u2019abord : <strong>\u00eates-vous un attestataire commissionnaire de transport<\/strong> ? C\u2019est la premi\u00e8re condition pour participer \u00e0 ce concours. Si vous ne remplissez pas cette condition, reportez-vous au nota bene en fin de page pour plus d\u2019explications.<\/p>\n<p><strong>Pourquoi ce concours<\/strong> ? Je dois quitter un poste de commissionnaire de transport pour des raisons de cumul non accept\u00e9 par la Driea d\u2019\u00cele-de-France. Par cons\u00e9quent, <strong>j\u2019ai d\u00e9cid\u00e9 de faire b\u00e9n\u00e9ficier l\u2019un de mes abonn\u00e9s de mon poste<\/strong> sous la condition ci-dessus, car on est oblig\u00e9 d\u2019\u00eatre commissionnaire de transport.<\/p>\n<p>Ce sera r\u00e9ellement un<strong> beau cadeau pour le gagnant et une belle opportunit\u00e9.<\/strong> En effet connaissez-vous beaucoup de sites Internet qui vous proposent un cadeau de <strong>1.000 \u20ac<\/strong> qui se r\u00e9percute <strong>tous les mois<\/strong> (jusqu\u2019\u00e0 cessation du contrat). C\u2019est presque mieux que le loto car il n\u2019y m\u00eame pas de mise \u00e0 faire ! D\u2019accord, le montant est moindre mais la mise \u00e9galement puisque celle-ci est nulle. Et la probabilit\u00e9 de gagner est beaucoup plus importante !<\/p>\n<p>Par contre, pour concourir, il faut tout de m\u00eame fournir un effort ! On n\u2019a rien sans rien\u2026<\/p>\n<p><strong>Voil\u00e0 ce que je demande :<\/strong><\/p>\n<ul>\n<li>m\u2019adresser votre curriculum vitae<\/li>\n<li>m\u2019indiquer votre situation professionnelle actuelle et dans quelle entreprise vous travaillez ou pas<\/li>\n<li>avez-vous utilis\u00e9 votre attestation de capacit\u00e9 de commissionnaire de transport durant les cinq derni\u00e8res ann\u00e9es ? Quand l\u2019avez-vous obtenue ? Le gagnant devra m\u2019adresser une copie par la suite pour v\u00e9rification. C\u2019est une des clauses de validation du concours.<\/li>\n<li>Enfin pour d\u00e9partager les candidats qui r\u00e9pondent aux points ci-dessus, je vous demande, si vous \u00eates int\u00e9ress\u00e9, de m\u2019\u00e9crire un article de 30 \u00e0 50 lignes sur un sujet relatif \u00e0 l\u2019attestation de capacit\u00e9 transport ou de commissionnaire. Il faudra me soumettre \u00e0 l\u2019avance le ou les mots-cl\u00e9s utilis\u00e9s ainsi que le titre de l\u2019article. Vous me donnerez \u00e9galement l\u2019autorisation de publier votre article si vous \u00eates s\u00e9lectionn\u00e9 avec la correction par mes soins si n\u00e9cessaire.<\/li>\n<li>Vous acceptez \u00e9galement d\u2019avance mon libre arbitre quant au choix du candidat gagnant et s\u00e9lectionn\u00e9.<\/li>\n<li>Pour plus d\u2019informations, vous pouvez prendre contact avec moi par courriel si vous remplissez les conditions.<\/li>\n<li>Pour m\u2019adresser toutes vos pi\u00e8ces et votre article, utilisez l\u2019adresse e-mail :<\/li>\n<\/ul>\n<p><a href=\"mailto:info@lecomte-consultant.com\">info@lecomte-consultant.com<\/a><\/p>\n<p>Avec comme <strong>titre\u00a0: concours 1.000 \u20ac mensuels !<\/strong><\/p>\n<p>Bonne chance et bon courage<\/p>\n<p>JJ Lecomte<\/p>\n<p>Coach consultant<\/p>\n<p>Transport management marketing<\/p>\n<p>&nbsp;<\/p>\n<p><strong>Nota bene<\/strong> : si vous \u00eates attestataire de capacit\u00e9 transport sans \u00eatre attestataire commissionnaire de transport, vous pouvez rester inscrit pour \u00eatre inform\u00e9 des opportunit\u00e9s \u00e0 venir. <strong>D\u2019autres possibilit\u00e9s de ce type peuvent se pr\u00e9senter.<\/strong> Si vous ne le souhaitez pas, vous pouvez vous d\u00e9sinscrire \u00e0 tout moment par le lien de d\u00e9sinscription dans chaque courriel que j\u2019envoie.<\/p>\n","protected":false},"excerpt":{"rendered":"<p>Remerciements et concours,\u00a0 Bonjour, Je vous remercie de votre inscription aux informations du site Lecomte consultant attestataire de capacit\u00e9. D\u2019ores et d\u00e9j\u00e0, vous pouvez t\u00e9l\u00e9charger votre cadeau : Cadeau du guide attestataire de capacit\u00e9, cliquez sur  [&#8230;]<\/p>\n","protected":false},"author":1,"featured_media":0,"parent":0,"menu_order":0,"comment_status":"closed","ping_status":"closed","template":"","meta":{"_exactmetrics_skip_tracking":false,"_exactmetrics_sitenote_active":false,"_exactmetrics_sitenote_note":"","_exactmetrics_sitenote_category":0,"footnotes":""},"class_list":["post-1885","page","type-page","status-publish","hentry"],"yoast_head":"<!-- This site is optimized with the Yoast SEO Premium plugin v27.4 (Yoast SEO v27.4) - https:\/\/yoast.com\/product\/yoast-seo-premium-wordpress\/ -->\n<title>Remerciements et concours, pour gagner 1000 \u20ac mensuels<\/title>\n<meta name=\"description\" content=\"Remerciements et concours, si vous \u00eates attestataire de capacit\u00e9 commissionnaire de transport, participez au concours pour gagner 1000 \u20ac nets par mois !\" \/>\n<meta name=\"robots\" content=\"index, follow, max-snippet:-1, max-image-preview:large, max-video-preview:-1\" \/>\n<link rel=\"canonical\" href=\"https:\/\/www.lecomte-consultant.com\/attestataire-capacite\/remerciements-et-concours\/\" \/>\n<meta property=\"og:locale\" content=\"fr_FR\" \/>\n<meta property=\"og:type\" content=\"article\" \/>\n<meta property=\"og:title\" content=\"Blog Transport &amp; Gestionnaire Externe | Lecomte Consultant\" \/>\n<meta property=\"og:description\" content=\"D\u00e9couvrez nos articles pratiques pour cr\u00e9er une soci\u00e9t\u00e9 de transport, devenir gestionnaire externe et r\u00e9ussir en toute l\u00e9galit\u00e9. Conseils exclusifs de Jean Joseph Lecomte.\" \/>\n<meta property=\"og:url\" content=\"https:\/\/www.lecomte-consultant.com\/attestataire-capacite\/remerciements-et-concours\/\" \/>\n<meta property=\"og:site_name\" content=\"Lecomte Consultant Attestataire Capacit\u00e9\" \/>\n<meta property=\"article:publisher\" content=\"https:\/\/www.facebook.com\/attestatairecapacite\" \/>\n<meta property=\"article:modified_time\" content=\"2025-01-04T20:21:09+00:00\" \/>\n<meta property=\"og:image\" content=\"https:\/\/www.lecomte-consultant.com\/attestataire-capacite\/wp-content\/uploads\/2015\/02\/Salaire-Attestataire-Capacite-Transport-300x199.jpg\" \/>\n<meta name=\"twitter:card\" content=\"summary_large_image\" \/>\n<meta name=\"twitter:site\" content=\"@Attestcapa\" \/>\n<meta name=\"twitter:label1\" content=\"Dur\u00e9e de lecture estim\u00e9e\" \/>\n\t<meta name=\"twitter:data1\" content=\"3 minutes\" \/>\n<script type=\"application\/ld+json\" class=\"yoast-schema-graph\">{\"@context\":\"https:\\\/\\\/schema.org\",\"@graph\":[{\"@type\":[\"Article\",\"BlogPosting\"],\"@id\":\"https:\\\/\\\/www.lecomte-consultant.com\\\/attestataire-capacite\\\/remerciements-et-concours\\\/#article\",\"isPartOf\":{\"@id\":\"https:\\\/\\\/www.lecomte-consultant.com\\\/attestataire-capacite\\\/remerciements-et-concours\\\/\"},\"author\":{\"name\":\"Lecomte JJ\",\"@id\":\"http:\\\/\\\/www.lecomte-consultant.com\\\/attestataire-capacite\\\/#\\\/schema\\\/person\\\/cdaa028a52c4dde46b9490909d4e6218\"},\"headline\":\"Remerciements et concours\",\"datePublished\":\"2017-05-21T10:09:33+00:00\",\"dateModified\":\"2025-01-04T20:21:09+00:00\",\"mainEntityOfPage\":{\"@id\":\"https:\\\/\\\/www.lecomte-consultant.com\\\/attestataire-capacite\\\/remerciements-et-concours\\\/\"},\"wordCount\":546,\"publisher\":{\"@id\":\"http:\\\/\\\/www.lecomte-consultant.com\\\/attestataire-capacite\\\/#organization\"},\"image\":{\"@id\":\"https:\\\/\\\/www.lecomte-consultant.com\\\/attestataire-capacite\\\/remerciements-et-concours\\\/#primaryimage\"},\"thumbnailUrl\":\"https:\\\/\\\/www.lecomte-consultant.com\\\/attestataire-capacite\\\/wp-content\\\/uploads\\\/2015\\\/02\\\/Salaire-Attestataire-Capacite-Transport-300x199.jpg\",\"inLanguage\":\"fr-FR\"},{\"@type\":\"WebPage\",\"@id\":\"https:\\\/\\\/www.lecomte-consultant.com\\\/attestataire-capacite\\\/remerciements-et-concours\\\/\",\"url\":\"https:\\\/\\\/www.lecomte-consultant.com\\\/attestataire-capacite\\\/remerciements-et-concours\\\/\",\"name\":\"Remerciements et concours, pour gagner 1000 \u20ac mensuels\",\"isPartOf\":{\"@id\":\"http:\\\/\\\/www.lecomte-consultant.com\\\/attestataire-capacite\\\/#website\"},\"primaryImageOfPage\":{\"@id\":\"https:\\\/\\\/www.lecomte-consultant.com\\\/attestataire-capacite\\\/remerciements-et-concours\\\/#primaryimage\"},\"image\":{\"@id\":\"https:\\\/\\\/www.lecomte-consultant.com\\\/attestataire-capacite\\\/remerciements-et-concours\\\/#primaryimage\"},\"thumbnailUrl\":\"https:\\\/\\\/www.lecomte-consultant.com\\\/attestataire-capacite\\\/wp-content\\\/uploads\\\/2015\\\/02\\\/Salaire-Attestataire-Capacite-Transport-300x199.jpg\",\"datePublished\":\"2017-05-21T10:09:33+00:00\",\"dateModified\":\"2025-01-04T20:21:09+00:00\",\"description\":\"Remerciements et concours, si vous \u00eates attestataire de capacit\u00e9 commissionnaire de transport, participez au concours pour gagner 1000 \u20ac nets par mois !\",\"breadcrumb\":{\"@id\":\"https:\\\/\\\/www.lecomte-consultant.com\\\/attestataire-capacite\\\/remerciements-et-concours\\\/#breadcrumb\"},\"inLanguage\":\"fr-FR\",\"potentialAction\":[{\"@type\":\"ReadAction\",\"target\":[\"https:\\\/\\\/www.lecomte-consultant.com\\\/attestataire-capacite\\\/remerciements-et-concours\\\/\"]}]},{\"@type\":\"ImageObject\",\"inLanguage\":\"fr-FR\",\"@id\":\"https:\\\/\\\/www.lecomte-consultant.com\\\/attestataire-capacite\\\/remerciements-et-concours\\\/#primaryimage\",\"url\":\"https:\\\/\\\/i0.wp.com\\\/www.lecomte-consultant.com\\\/attestataire-capacite\\\/wp-content\\\/uploads\\\/2015\\\/02\\\/Salaire-Attestataire-Capacite-Transport.jpg?fit=425%2C282&ssl=1\",\"contentUrl\":\"https:\\\/\\\/i0.wp.com\\\/www.lecomte-consultant.com\\\/attestataire-capacite\\\/wp-content\\\/uploads\\\/2015\\\/02\\\/Salaire-Attestataire-Capacite-Transport.jpg?fit=425%2C282&ssl=1\",\"width\":425,\"height\":282,\"caption\":\"Cumul dirigeant gestionnaire transport\"},{\"@type\":\"BreadcrumbList\",\"@id\":\"https:\\\/\\\/www.lecomte-consultant.com\\\/attestataire-capacite\\\/remerciements-et-concours\\\/#breadcrumb\",\"itemListElement\":[{\"@type\":\"ListItem\",\"position\":1,\"name\":\"Accueil\",\"item\":\"https:\\\/\\\/www.lecomte-consultant.com\\\/attestataire-capacite\\\/\"},{\"@type\":\"ListItem\",\"position\":2,\"name\":\"Remerciements et concours\"}]},{\"@type\":\"WebSite\",\"@id\":\"http:\\\/\\\/www.lecomte-consultant.com\\\/attestataire-capacite\\\/#website\",\"url\":\"http:\\\/\\\/www.lecomte-consultant.com\\\/attestataire-capacite\\\/\",\"name\":\"Lecomte Consultant Attestataire Capacit\u00e9\",\"description\":\"Assistance : Attestataire Capacit\u00e9 Transport, Entrepreneur Transport\",\"publisher\":{\"@id\":\"http:\\\/\\\/www.lecomte-consultant.com\\\/attestataire-capacite\\\/#organization\"},\"potentialAction\":[{\"@type\":\"SearchAction\",\"target\":{\"@type\":\"EntryPoint\",\"urlTemplate\":\"http:\\\/\\\/www.lecomte-consultant.com\\\/attestataire-capacite\\\/?s={search_term_string}\"},\"query-input\":{\"@type\":\"PropertyValueSpecification\",\"valueRequired\":true,\"valueName\":\"search_term_string\"}}],\"inLanguage\":\"fr-FR\"},{\"@type\":\"Organization\",\"@id\":\"http:\\\/\\\/www.lecomte-consultant.com\\\/attestataire-capacite\\\/#organization\",\"name\":\"LECOMTE SARL\",\"url\":\"http:\\\/\\\/www.lecomte-consultant.com\\\/attestataire-capacite\\\/\",\"logo\":{\"@type\":\"ImageObject\",\"inLanguage\":\"fr-FR\",\"@id\":\"http:\\\/\\\/www.lecomte-consultant.com\\\/attestataire-capacite\\\/#\\\/schema\\\/logo\\\/image\\\/\",\"url\":\"http:\\\/\\\/www.lecomte-consultant.com\\\/attestataire-capacite\\\/wp-content\\\/uploads\\\/2021\\\/07\\\/Logo-JL-M-Coaching-fond-blanc.png\",\"contentUrl\":\"http:\\\/\\\/www.lecomte-consultant.com\\\/attestataire-capacite\\\/wp-content\\\/uploads\\\/2021\\\/07\\\/Logo-JL-M-Coaching-fond-blanc.png\",\"width\":2560,\"height\":2560,\"caption\":\"LECOMTE SARL\"},\"image\":{\"@id\":\"http:\\\/\\\/www.lecomte-consultant.com\\\/attestataire-capacite\\\/#\\\/schema\\\/logo\\\/image\\\/\"},\"sameAs\":[\"https:\\\/\\\/www.facebook.com\\\/attestatairecapacite\",\"https:\\\/\\\/x.com\\\/Attestcapa\",\"https:\\\/\\\/instagram.com\\\/attestatairecapacite\\\/\",\"http:\\\/\\\/www.linkedin.com\\\/in\\\/jeanjosephlecomte\",\"https:\\\/\\\/www.youtube.com\\\/channel\\\/UC-Gh0g6HbnYFaWf5NY8VjOw\",\"https:\\\/\\\/www.youtube.com\\\/c\\\/JeanJosephLECOMTEcoachconsultant\",\"https:\\\/\\\/www.facebook.com\\\/jeanjosephlecomte\",\"https:\\\/\\\/twitter.com\\\/jeanjolecomte\",\"https:\\\/\\\/www.instagram.com\\\/lecomtejeanjoseph\\\/\",\"https:\\\/\\\/www.instagram.com\\\/jeanjosephlecomte\\\/\"]},{\"@type\":\"Person\",\"@id\":\"http:\\\/\\\/www.lecomte-consultant.com\\\/attestataire-capacite\\\/#\\\/schema\\\/person\\\/cdaa028a52c4dde46b9490909d4e6218\",\"name\":\"Lecomte JJ\",\"image\":{\"@type\":\"ImageObject\",\"inLanguage\":\"fr-FR\",\"@id\":\"https:\\\/\\\/secure.gravatar.com\\\/avatar\\\/d2b9f7e39b6c74919907db2089087915f059d76f88bf52bd8dbc83a029a2aa60?s=96&d=mm&r=g\",\"url\":\"https:\\\/\\\/secure.gravatar.com\\\/avatar\\\/d2b9f7e39b6c74919907db2089087915f059d76f88bf52bd8dbc83a029a2aa60?s=96&d=mm&r=g\",\"contentUrl\":\"https:\\\/\\\/secure.gravatar.com\\\/avatar\\\/d2b9f7e39b6c74919907db2089087915f059d76f88bf52bd8dbc83a029a2aa60?s=96&d=mm&r=g\",\"caption\":\"Lecomte JJ\"},\"description\":\"Consultant en Management, Marketing, Transport Coach relationnel Cr\u00e9ateur d'entreprises, Web entrepreneur Manager d'entreprises, Dirigeant Transport Voyageurs, tourisme, marchandises, route, a\u00e9rien Professeur de Marketing, Institut de Chambre de Commerce et d'Industrie et \u00e0 l'AFT, Association de Formation dans les Transport Master en Management Sup\u00e9rieur de L'ICG, Institut Fran\u00e7ais de Gestion Master en Transports Publics, Universit\u00e9 de Paris XII et Tourisme La Sorbonne Nouvelle, Paris\",\"sameAs\":[\"http:\\\/\\\/www.lecomte-consultant.com\",\"https:\\\/\\\/www.facebook.com\\\/lecomtejj\",\"https:\\\/\\\/x.com\\\/attestatairecap\"],\"knowsAbout\":[\"transport\"],\"knowsLanguage\":[\"fran\u00e7ais\"]}]}<\/script>\n<!-- \/ Yoast SEO Premium plugin. -->","yoast_head_json":{"title":"Remerciements et concours, pour gagner 1000 \u20ac mensuels","description":"Remerciements et concours, si vous \u00eates attestataire de capacit\u00e9 commissionnaire de transport, participez au concours pour gagner 1000 \u20ac nets par mois !","robots":{"index":"index","follow":"follow","max-snippet":"max-snippet:-1","max-image-preview":"max-image-preview:large","max-video-preview":"max-video-preview:-1"},"canonical":"https:\/\/www.lecomte-consultant.com\/attestataire-capacite\/remerciements-et-concours\/","og_locale":"fr_FR","og_type":"article","og_title":"Blog Transport & Gestionnaire Externe | Lecomte Consultant","og_description":"D\u00e9couvrez nos articles pratiques pour cr\u00e9er une soci\u00e9t\u00e9 de transport, devenir gestionnaire externe et r\u00e9ussir en toute l\u00e9galit\u00e9. Conseils exclusifs de Jean Joseph Lecomte.","og_url":"https:\/\/www.lecomte-consultant.com\/attestataire-capacite\/remerciements-et-concours\/","og_site_name":"Lecomte Consultant Attestataire Capacit\u00e9","article_publisher":"https:\/\/www.facebook.com\/attestatairecapacite","article_modified_time":"2025-01-04T20:21:09+00:00","og_image":[{"url":"https:\/\/www.lecomte-consultant.com\/attestataire-capacite\/wp-content\/uploads\/2015\/02\/Salaire-Attestataire-Capacite-Transport-300x199.jpg","type":"","width":"","height":""}],"twitter_card":"summary_large_image","twitter_site":"@Attestcapa","twitter_misc":{"Dur\u00e9e de lecture estim\u00e9e":"3 minutes"},"schema":{"@context":"https:\/\/schema.org","@graph":[{"@type":["Article","BlogPosting"],"@id":"https:\/\/www.lecomte-consultant.com\/attestataire-capacite\/remerciements-et-concours\/#article","isPartOf":{"@id":"https:\/\/www.lecomte-consultant.com\/attestataire-capacite\/remerciements-et-concours\/"},"author":{"name":"Lecomte JJ","@id":"http:\/\/www.lecomte-consultant.com\/attestataire-capacite\/#\/schema\/person\/cdaa028a52c4dde46b9490909d4e6218"},"headline":"Remerciements et concours","datePublished":"2017-05-21T10:09:33+00:00","dateModified":"2025-01-04T20:21:09+00:00","mainEntityOfPage":{"@id":"https:\/\/www.lecomte-consultant.com\/attestataire-capacite\/remerciements-et-concours\/"},"wordCount":546,"publisher":{"@id":"http:\/\/www.lecomte-consultant.com\/attestataire-capacite\/#organization"},"image":{"@id":"https:\/\/www.lecomte-consultant.com\/attestataire-capacite\/remerciements-et-concours\/#primaryimage"},"thumbnailUrl":"https:\/\/www.lecomte-consultant.com\/attestataire-capacite\/wp-content\/uploads\/2015\/02\/Salaire-Attestataire-Capacite-Transport-300x199.jpg","inLanguage":"fr-FR"},{"@type":"WebPage","@id":"https:\/\/www.lecomte-consultant.com\/attestataire-capacite\/remerciements-et-concours\/","url":"https:\/\/www.lecomte-consultant.com\/attestataire-capacite\/remerciements-et-concours\/","name":"Remerciements et concours, pour gagner 1000 \u20ac mensuels","isPartOf":{"@id":"http:\/\/www.lecomte-consultant.com\/attestataire-capacite\/#website"},"primaryImageOfPage":{"@id":"https:\/\/www.lecomte-consultant.com\/attestataire-capacite\/remerciements-et-concours\/#primaryimage"},"image":{"@id":"https:\/\/www.lecomte-consultant.com\/attestataire-capacite\/remerciements-et-concours\/#primaryimage"},"thumbnailUrl":"https:\/\/www.lecomte-consultant.com\/attestataire-capacite\/wp-content\/uploads\/2015\/02\/Salaire-Attestataire-Capacite-Transport-300x199.jpg","datePublished":"2017-05-21T10:09:33+00:00","dateModified":"2025-01-04T20:21:09+00:00","description":"Remerciements et concours, si vous \u00eates attestataire de capacit\u00e9 commissionnaire de transport, participez au concours pour gagner 1000 \u20ac nets par mois !","breadcrumb":{"@id":"https:\/\/www.lecomte-consultant.com\/attestataire-capacite\/remerciements-et-concours\/#breadcrumb"},"inLanguage":"fr-FR","potentialAction":[{"@type":"ReadAction","target":["https:\/\/www.lecomte-consultant.com\/attestataire-capacite\/remerciements-et-concours\/"]}]},{"@type":"ImageObject","inLanguage":"fr-FR","@id":"https:\/\/www.lecomte-consultant.com\/attestataire-capacite\/remerciements-et-concours\/#primaryimage","url":"https:\/\/i0.wp.com\/www.lecomte-consultant.com\/attestataire-capacite\/wp-content\/uploads\/2015\/02\/Salaire-Attestataire-Capacite-Transport.jpg?fit=425%2C282&ssl=1","contentUrl":"https:\/\/i0.wp.com\/www.lecomte-consultant.com\/attestataire-capacite\/wp-content\/uploads\/2015\/02\/Salaire-Attestataire-Capacite-Transport.jpg?fit=425%2C282&ssl=1","width":425,"height":282,"caption":"Cumul dirigeant gestionnaire transport"},{"@type":"BreadcrumbList","@id":"https:\/\/www.lecomte-consultant.com\/attestataire-capacite\/remerciements-et-concours\/#breadcrumb","itemListElement":[{"@type":"ListItem","position":1,"name":"Accueil","item":"https:\/\/www.lecomte-consultant.com\/attestataire-capacite\/"},{"@type":"ListItem","position":2,"name":"Remerciements et concours"}]},{"@type":"WebSite","@id":"http:\/\/www.lecomte-consultant.com\/attestataire-capacite\/#website","url":"http:\/\/www.lecomte-consultant.com\/attestataire-capacite\/","name":"Lecomte Consultant Attestataire Capacit\u00e9","description":"Assistance : Attestataire Capacit\u00e9 Transport, Entrepreneur Transport","publisher":{"@id":"http:\/\/www.lecomte-consultant.com\/attestataire-capacite\/#organization"},"potentialAction":[{"@type":"SearchAction","target":{"@type":"EntryPoint","urlTemplate":"http:\/\/www.lecomte-consultant.com\/attestataire-capacite\/?s={search_term_string}"},"query-input":{"@type":"PropertyValueSpecification","valueRequired":true,"valueName":"search_term_string"}}],"inLanguage":"fr-FR"},{"@type":"Organization","@id":"http:\/\/www.lecomte-consultant.com\/attestataire-capacite\/#organization","name":"LECOMTE SARL","url":"http:\/\/www.lecomte-consultant.com\/attestataire-capacite\/","logo":{"@type":"ImageObject","inLanguage":"fr-FR","@id":"http:\/\/www.lecomte-consultant.com\/attestataire-capacite\/#\/schema\/logo\/image\/","url":"http:\/\/www.lecomte-consultant.com\/attestataire-capacite\/wp-content\/uploads\/2021\/07\/Logo-JL-M-Coaching-fond-blanc.png","contentUrl":"http:\/\/www.lecomte-consultant.com\/attestataire-capacite\/wp-content\/uploads\/2021\/07\/Logo-JL-M-Coaching-fond-blanc.png","width":2560,"height":2560,"caption":"LECOMTE SARL"},"image":{"@id":"http:\/\/www.lecomte-consultant.com\/attestataire-capacite\/#\/schema\/logo\/image\/"},"sameAs":["https:\/\/www.facebook.com\/attestatairecapacite","https:\/\/x.com\/Attestcapa","https:\/\/instagram.com\/attestatairecapacite\/","http:\/\/www.linkedin.com\/in\/jeanjosephlecomte","https:\/\/www.youtube.com\/channel\/UC-Gh0g6HbnYFaWf5NY8VjOw","https:\/\/www.youtube.com\/c\/JeanJosephLECOMTEcoachconsultant","https:\/\/www.facebook.com\/jeanjosephlecomte","https:\/\/twitter.com\/jeanjolecomte","https:\/\/www.instagram.com\/lecomtejeanjoseph\/","https:\/\/www.instagram.com\/jeanjosephlecomte\/"]},{"@type":"Person","@id":"http:\/\/www.lecomte-consultant.com\/attestataire-capacite\/#\/schema\/person\/cdaa028a52c4dde46b9490909d4e6218","name":"Lecomte JJ","image":{"@type":"ImageObject","inLanguage":"fr-FR","@id":"https:\/\/secure.gravatar.com\/avatar\/d2b9f7e39b6c74919907db2089087915f059d76f88bf52bd8dbc83a029a2aa60?s=96&d=mm&r=g","url":"https:\/\/secure.gravatar.com\/avatar\/d2b9f7e39b6c74919907db2089087915f059d76f88bf52bd8dbc83a029a2aa60?s=96&d=mm&r=g","contentUrl":"https:\/\/secure.gravatar.com\/avatar\/d2b9f7e39b6c74919907db2089087915f059d76f88bf52bd8dbc83a029a2aa60?s=96&d=mm&r=g","caption":"Lecomte JJ"},"description":"Consultant en Management, Marketing, Transport Coach relationnel Cr\u00e9ateur d'entreprises, Web entrepreneur Manager d'entreprises, Dirigeant Transport Voyageurs, tourisme, marchandises, route, a\u00e9rien Professeur de Marketing, Institut de Chambre de Commerce et d'Industrie et \u00e0 l'AFT, Association de Formation dans les Transport Master en Management Sup\u00e9rieur de L'ICG, Institut Fran\u00e7ais de Gestion Master en Transports Publics, Universit\u00e9 de Paris XII et Tourisme La Sorbonne Nouvelle, Paris","sameAs":["http:\/\/www.lecomte-consultant.com","https:\/\/www.facebook.com\/lecomtejj","https:\/\/x.com\/attestatairecap"],"knowsAbout":["transport"],"knowsLanguage":["fran\u00e7ais"]}]}},"jetpack_sharing_enabled":true,"_links":{"self":[{"href":"https:\/\/www.lecomte-consultant.com\/attestataire-capacite\/wp-json\/wp\/v2\/pages\/1885","targetHints":{"allow":["GET"]}}],"collection":[{"href":"https:\/\/www.lecomte-consultant.com\/attestataire-capacite\/wp-json\/wp\/v2\/pages"}],"about":[{"href":"https:\/\/www.lecomte-consultant.com\/attestataire-capacite\/wp-json\/wp\/v2\/types\/page"}],"author":[{"embeddable":true,"href":"https:\/\/www.lecomte-consultant.com\/attestataire-capacite\/wp-json\/wp\/v2\/users\/1"}],"replies":[{"embeddable":true,"href":"https:\/\/www.lecomte-consultant.com\/attestataire-capacite\/wp-json\/wp\/v2\/comments?post=1885"}],"version-history":[{"count":1,"href":"https:\/\/www.lecomte-consultant.com\/attestataire-capacite\/wp-json\/wp\/v2\/pages\/1885\/revisions"}],"predecessor-version":[{"id":8470,"href":"https:\/\/www.lecomte-consultant.com\/attestataire-capacite\/wp-json\/wp\/v2\/pages\/1885\/revisions\/8470"}],"wp:attachment":[{"href":"https:\/\/www.lecomte-consultant.com\/attestataire-capacite\/wp-json\/wp\/v2\/media?parent=1885"}],"curies":[{"name":"wp","href":"https:\/\/api.w.org\/{rel}","templated":true}]}}